{"id":9716,"date":"2024-10-12T14:15:52","date_gmt":"2024-10-12T06:15:52","guid":{"rendered":"https:\/\/long-join.com\/?post_type=product&#038;p=9716"},"modified":"2024-12-20T15:13:44","modified_gmt":"2024-12-20T07:13:44","slug":"um-240-nema-7-pinos-receptaculo-nada-relacionado-certificado-de-qualidade","status":"publish","type":"product","link":"https:\/\/long-join.com\/pt\/product\/um-240-nema-7-pin-receptacle-nothing-related-quality-certificate\/","title":{"rendered":"Recept\u00e1culo UM-240 NEMA 7 PIN, Certificado de Qualidade Nada Relacionado"},"content":{"rendered":"<blockquote><p>Introdu\u00e7\u00e3o do produto da s\u00e9rie UM<\/p><\/blockquote>\n<blockquote><p>Aqui est\u00e1 a nova publica\u00e7\u00e3o UM-240, um novo produto de um fabricante de controle de ilumina\u00e7\u00e3o de longa dura\u00e7\u00e3o. E o produto da s\u00e9rie UM foi projetado para pa\u00edses com economias de baixa renda, enquanto o mais importante \u00e9 resolver a falta tempor\u00e1ria de recept\u00e1culo de emerg\u00eancia NEMA de 7 pinos. Por outro lado, o processamento deste produto da s\u00e9rie UM atende a muitas pessoas que querem pre\u00e7os mais acess\u00edveis e produtos de melhor qualidade. Para que possamos garantir uma pequena parte das necessidades das pessoas. Naturalmente falando, desenvolvemos um novo produto inovador da categoria da s\u00e9rie do Reino Unido, a condi\u00e7\u00e3o de &#039;carro feito a portas fechadas&#039; e uma forma positiva de enfrentar v\u00e1rios desafios, como novos concorrentes pressionando e decl\u00ednio econ\u00f4mico gradual. N\u00e3o ser\u00e1 apenas um benef\u00edcio para os fornecedores da marca de longa dura\u00e7\u00e3o, mas esses produtos da s\u00e9rie UM trar\u00e3o oportunidades de nicho de mercado, especialmente novos distribuidores.<\/p><\/blockquote>\n<blockquote><p>Produto da s\u00e9rie UM: UM-240,<a href=\"https:\/\/long-join.com\/pt\/product\/controle-de-foto-serie-205c-120-vca-um\/\" target=\"_blank\" rel=\"nofollow noopener\">UM-205C,<\/a><a href=\"https:\/\/long-join.com\/pt\/product\/120-277vac-um-controle-fotografico-serie-204c\/\" target=\"_blank\" rel=\"nofollow noopener\">UM-204C<\/a>,e <a href=\"https:\/\/long-join.com\/pt\/product\/capacitor-de-curto-circuito-fotoeletrico-serie-208-com-design-ultrafino\/\" target=\"_blank\" rel=\"nofollow noopener\">UM-208<\/a><\/p><\/blockquote>\n<blockquote><p>Novo recurso do tipo UM-240<\/p><\/blockquote>\n<blockquote><p>1-\u00c9 perfeito para pinos padr\u00e3o ANSI C136.41 ou NEMA, portanto este recept\u00e1culo pode ser compat\u00edvel com o controlador de trava girat\u00f3ria ANSI C136.10.<\/p><\/blockquote>\n<blockquote><p>2-4 pe\u00e7as de contato banhadas a ouro na superf\u00edcie superior.<\/p><\/blockquote>\n<blockquote><p>3-4 fios de sinal na parte traseira, ent\u00e3o 2 fios s\u00e3o para dimeriza\u00e7\u00e3o de 0-10 V e os outros 2 fios s\u00e3o para dimeriza\u00e7\u00e3o DAli.<\/p><\/blockquote>\n<blockquote><p>4-Junta de silicone utilizada na veda\u00e7\u00e3o entre a c\u00fapula da lumin\u00e1ria e o controle de ilumina\u00e7\u00e3o quando montada no aparelho de ilumina\u00e7\u00e3o.<\/p><\/blockquote>","protected":false},"excerpt":{"rendered":"<p>1. Modelo do produto: UM-240<br \/>\n2. Tens\u00e3o nominal: 0-480 VCA<br \/>\n3. Medidor de cabos: #16<br \/>\n5. Interface padr\u00e3o NEMA<br \/>\n6. Padr\u00e3o de conformidade: nenhum<\/p>","protected":false},"featured_media":9658,"template":"","meta":{"_acf_changed":false,"_seopress_robots_primary_cat":"none","_seopress_titles_title":"","_seopress_titles_desc":"","_seopress_robots_index":""},"product_brand":[],"product_cat":[56,31,28],"product_tag":[],"class_list":{"0":"post-9716","1":"product","2":"type-product","3":"status-publish","4":"has-post-thumbnail","6":"product_cat-nema-7-pin-receptacle","7":"product_cat-nema-standard-connector","8":"product_cat-our-product","10":"first","11":"instock","12":"shipping-taxable","13":"product-type-simple"},"acf":[],"_links":{"self":[{"href":"https:\/\/long-join.com\/pt\/wp-json\/wp\/v2\/product\/9716","targetHints":{"allow":["GET"]}}],"collection":[{"href":"https:\/\/long-join.com\/pt\/wp-json\/wp\/v2\/product"}],"about":[{"href":"https:\/\/long-join.com\/pt\/wp-json\/wp\/v2\/types\/product"}],"version-history":[{"count":2,"href":"https:\/\/long-join.com\/pt\/wp-json\/wp\/v2\/product\/9716\/revisions"}],"predecessor-version":[{"id":10527,"href":"https:\/\/long-join.com\/pt\/wp-json\/wp\/v2\/product\/9716\/revisions\/10527"}],"wp:featuredmedia":[{"embeddable":true,"href":"https:\/\/long-join.com\/pt\/wp-json\/wp\/v2\/media\/9658"}],"wp:attachment":[{"href":"https:\/\/long-join.com\/pt\/wp-json\/wp\/v2\/media?parent=9716"}],"wp:term":[{"taxonomy":"product_brand","embeddable":true,"href":"https:\/\/long-join.com\/pt\/wp-json\/wp\/v2\/product_brand?post=9716"},{"taxonomy":"product_cat","embeddable":true,"href":"https:\/\/long-join.com\/pt\/wp-json\/wp\/v2\/product_cat?post=9716"},{"taxonomy":"product_tag","embeddable":true,"href":"https:\/\/long-join.com\/pt\/wp-json\/wp\/v2\/product_tag?post=9716"}],"curies":[{"name":"wp","href":"https:\/\/api.w.org\/{rel}","templated":true}]}}