{"id":9084,"date":"2024-08-23T16:25:28","date_gmt":"2024-08-23T08:25:28","guid":{"rendered":"https:\/\/long-join.com\/?post_type=product&#038;p=9084"},"modified":"2025-12-25T13:41:41","modified_gmt":"2025-12-25T05:41:41","slug":"book18-zhaga-socket-jl-700l-versao-com-cabo-personalizado","status":"publish","type":"product","link":"https:\/\/long-join.com\/pt\/product\/book18-zhaga-socket-jl-700l-custom-cable-version\/","title":{"rendered":"Book18 Zhaga Socket JL-700L Vers\u00e3o com cabo personalizado"},"content":{"rendered":"<blockquote><p>Ao contr\u00e1rio do soquete padr\u00e3o b\u00e1sico Zhaga Book-18 JL-700, este soquete JL-700L \u00e9 implantado para esquema de escurecimento DALI e suporta diversos di\u00e2metros de base de controlador. Na minha opini\u00e3o, este soquete com processamento de fio \u00e9 um chicote de integra\u00e7\u00e3o t\u00e9cnico. A partir desta vis\u00e3o de apar\u00eancia, ele \u00e9 enrolado em fio de cabo e \u00e9 composto por 4 fios raiz diferentes. Portanto, a vers\u00e3o com cabo JL-700L da fia\u00e7\u00e3o do soquete Zhaga \u00e9 muito semelhante \u00e0 do JL-700.<\/p><\/blockquote>\n<blockquote><p>\u00c9 uma ideia para dispositivos de lumin\u00e1rias padr\u00e3o, como m\u00f3dulos de controle do tipo multifuncional incorporados \u00e0 infraestrutura de ilumina\u00e7\u00e3o p\u00fablica de ilumina\u00e7\u00e3o p\u00fablica municipal: NB-IOT sem fio, indu\u00e7\u00e3o de sensor de movimento e detec\u00e7\u00e3o de micro-ondas e assim por diante.<\/p><\/blockquote>\n<blockquote><p>Recurso<\/p><\/blockquote>\n<blockquote><p>1-Tamanho compacto permitindo maior flexibilidade no design da lumin\u00e1ria;<\/p><\/blockquote>\n<blockquote><p>2-the cable is composed of 4 wires of different colors (gray, blue, brown and black)<\/p><\/blockquote>\n<blockquote><p>3-Vers\u00e3o padr\u00e3o (defini\u00e7\u00e3o de cor da linha)<\/p><\/blockquote>\n<blockquote><p>Porta 1: Marrom-24C<\/p><\/blockquote>\n<blockquote><p>Porta 2: Gray-DALI (ou protocolo baseado em DALI) \u2013 \/common ground<\/p><\/blockquote>\n<blockquote><p>Porta 3: Blue-DALI (ou protocolo baseado em DALI)+<\/p><\/blockquote>\n<blockquote><p>Porta 4: E\/S do general negro<\/p><\/blockquote>","protected":false},"excerpt":{"rendered":"<p>Soquete zhaga tipo cabo 1 JL-700L<br \/>\n2-O m\u00f3dulo zhaga de tamanho compacto oferece diferentes controladores com di\u00e2metro de base<br \/>\n3-Tamanho compacto permitindo maior flexibilidade no design da lumin\u00e1ria;<br \/>\n4-posi\u00e7\u00e3o de instala\u00e7\u00e3o flex\u00edvel, por exemplo, parte superior\/inferior\/lateral da l\u00e2mpada.<\/p>","protected":false},"featured_media":9090,"template":"","meta":{"_acf_changed":false,"_seopress_robots_primary_cat":"none","_seopress_titles_title":"","_seopress_titles_desc":"","_seopress_robots_index":""},"product_brand":[],"product_cat":[28,29,49],"product_tag":[],"class_list":{"0":"post-9084","1":"product","2":"type-product","3":"status-publish","4":"has-post-thumbnail","6":"product_cat-our-product","7":"product_cat-zhaga-series","8":"product_cat-zhaga-socket","10":"first","11":"instock","12":"shipping-taxable","13":"product-type-simple"},"acf":[],"_links":{"self":[{"href":"https:\/\/long-join.com\/pt\/wp-json\/wp\/v2\/product\/9084","targetHints":{"allow":["GET"]}}],"collection":[{"href":"https:\/\/long-join.com\/pt\/wp-json\/wp\/v2\/product"}],"about":[{"href":"https:\/\/long-join.com\/pt\/wp-json\/wp\/v2\/types\/product"}],"version-history":[{"count":5,"href":"https:\/\/long-join.com\/pt\/wp-json\/wp\/v2\/product\/9084\/revisions"}],"predecessor-version":[{"id":16635,"href":"https:\/\/long-join.com\/pt\/wp-json\/wp\/v2\/product\/9084\/revisions\/16635"}],"wp:featuredmedia":[{"embeddable":true,"href":"https:\/\/long-join.com\/pt\/wp-json\/wp\/v2\/media\/9090"}],"wp:attachment":[{"href":"https:\/\/long-join.com\/pt\/wp-json\/wp\/v2\/media?parent=9084"}],"wp:term":[{"taxonomy":"product_brand","embeddable":true,"href":"https:\/\/long-join.com\/pt\/wp-json\/wp\/v2\/product_brand?post=9084"},{"taxonomy":"product_cat","embeddable":true,"href":"https:\/\/long-join.com\/pt\/wp-json\/wp\/v2\/product_cat?post=9084"},{"taxonomy":"product_tag","embeddable":true,"href":"https:\/\/long-join.com\/pt\/wp-json\/wp\/v2\/product_tag?post=9084"}],"curies":[{"name":"wp","href":"https:\/\/api.w.org\/{rel}","templated":true}]}}