{"id":9003,"date":"2024-08-16T14:01:01","date_gmt":"2024-08-16T06:01:01","guid":{"rendered":"https:\/\/long-join.com\/?post_type=product&#038;p=9003"},"modified":"2025-02-06T16:26:55","modified_gmt":"2025-02-06T08:26:55","slug":"book18-dali2-0-jl-722b2a2-suporte-comunicacao-bluetooth-mesh-casambi","status":"publish","type":"product","link":"https:\/\/long-join.com\/pt\/product\/book18-dali2-0-jl-722b2a2-support-casambi-bluetooth-mesh-communication\/","title":{"rendered":"Book18 DALI2.0 JL-722B2A2 Suporte para comunica\u00e7\u00e3o Bluetooth Mesh Casambi"},"content":{"rendered":"<div id=\"elementor-tab-content-1011\" class=\"elementor-tab-content elementor-clearfix elementor-active\" tabindex=\"0\" role=\"tabpanel\" data-tab=\"1\" aria-labelledby=\"elementor-tab-title-1011\">\n<blockquote><p>Book18 JL-722B2A2 DALI2.0 Escurecimento e micro-ondas + modo de detec\u00e7\u00e3o de luz e suporte para configura\u00e7\u00e3o de par\u00e2metros para atmosfera de brilho real. como por meio do modo de ajuste do APP para controlar o n\u00edvel de sensibilidade, e pode ser definido por cena diferente. <span class=\"HwtZe\" lang=\"en\"><span class=\"jCAhz ChMk0b\"><span class=\"ryNqvb\">Quais s\u00e3o os cen\u00e1rios de aplica\u00e7\u00e3o de ilumina\u00e7\u00e3o? Este controlador mini com di\u00e2metro de base \u03a6 de 50,4 mm \u00e9 adequado para cen\u00e1rios de ilumina\u00e7\u00e3o como estradas, gramados, p\u00e1tios, parques, estacionamentos, f\u00e1bricas, armaz\u00e9ns, etc.<\/span><\/span><\/span><\/p><\/blockquote>\n<blockquote><p><strong>Al\u00e9m disso, estas s\u00e3o caracter\u00edsticas mais significativas:<\/strong><\/p><\/blockquote>\n<blockquote><p>1-Modo de escurecimento com DALI2.0<\/p><\/blockquote>\n<blockquote><p>2-e Ajuste din\u00e2mico da frequ\u00eancia de micro-ondas para evitar interfer\u00eancia m\u00fatua durante instala\u00e7\u00e3o densa.<\/p><\/blockquote>\n<blockquote><p>3-voc\u00ea quer conduta de especifica\u00e7\u00e3o, ent\u00e3o leia as instru\u00e7\u00f5es do guia do sensor zhaga JL-722B2A2.<\/p><\/blockquote>\n<\/div>","protected":false},"excerpt":{"rendered":"<p>1. Modelo do produto: JL-722B2A2<br \/>\n2. Escurecimento: DALI 2.0<br \/>\n3. Certificado: CE, RoHS, D4i<br \/>\n4. Padr\u00e3o de conformidade: zhaga book18<br \/>\n5. Tipo de sensor: detec\u00e7\u00e3o \u00f3ptica + detec\u00e7\u00e3o de micro-ondas<br \/>\n6. Aplicativo Casambi para definir diferentes par\u00e2metros<\/p>","protected":false},"featured_media":9015,"template":"","meta":{"_acf_changed":false,"_seopress_robots_primary_cat":"none","_seopress_titles_title":"","_seopress_titles_desc":"","_seopress_robots_index":""},"product_brand":[],"product_cat":[28,50,29],"product_tag":[],"class_list":{"0":"post-9003","1":"product","2":"type-product","3":"status-publish","4":"has-post-thumbnail","6":"product_cat-our-product","7":"product_cat-zhaga-sensor","8":"product_cat-zhaga-series","10":"first","11":"instock","12":"shipping-taxable","13":"product-type-simple"},"acf":[],"_links":{"self":[{"href":"https:\/\/long-join.com\/pt\/wp-json\/wp\/v2\/product\/9003","targetHints":{"allow":["GET"]}}],"collection":[{"href":"https:\/\/long-join.com\/pt\/wp-json\/wp\/v2\/product"}],"about":[{"href":"https:\/\/long-join.com\/pt\/wp-json\/wp\/v2\/types\/product"}],"version-history":[{"count":2,"href":"https:\/\/long-join.com\/pt\/wp-json\/wp\/v2\/product\/9003\/revisions"}],"predecessor-version":[{"id":11426,"href":"https:\/\/long-join.com\/pt\/wp-json\/wp\/v2\/product\/9003\/revisions\/11426"}],"wp:featuredmedia":[{"embeddable":true,"href":"https:\/\/long-join.com\/pt\/wp-json\/wp\/v2\/media\/9015"}],"wp:attachment":[{"href":"https:\/\/long-join.com\/pt\/wp-json\/wp\/v2\/media?parent=9003"}],"wp:term":[{"taxonomy":"product_brand","embeddable":true,"href":"https:\/\/long-join.com\/pt\/wp-json\/wp\/v2\/product_brand?post=9003"},{"taxonomy":"product_cat","embeddable":true,"href":"https:\/\/long-join.com\/pt\/wp-json\/wp\/v2\/product_cat?post=9003"},{"taxonomy":"product_tag","embeddable":true,"href":"https:\/\/long-join.com\/pt\/wp-json\/wp\/v2\/product_tag?post=9003"}],"curies":[{"name":"wp","href":"https:\/\/api.w.org\/{rel}","templated":true}]}}