{"id":8993,"date":"2024-08-16T13:00:45","date_gmt":"2024-08-16T05:00:45","guid":{"rendered":"https:\/\/long-join.com\/?post_type=product&#038;p=8993"},"modified":"2025-02-07T16:12:15","modified_gmt":"2025-02-07T08:12:15","slug":"livro18-dali2-0-jl-721a-serie-zhaga-sesnor-longjoin","status":"publish","type":"product","link":"https:\/\/long-join.com\/pt\/product\/book18-dali2-0-jl-721a-series-zhaga-sesnor-longjoin\/","title":{"rendered":"Livro 18 DALI2.0 JL-721A S\u00e9rie Zhaga Sesnor LONGJOIN"},"content":{"rendered":"<blockquote><p>Escurecimento JL-721A com modo DALI 2.0, esta s\u00e9rie cont\u00e9m 2 tipos, como JL-721A1, JL-721A2. Deve haver sensores fotossens\u00edveis integrados para o sensor zhaga. E todo o controle de mini luz \u00e9 compat\u00edvel com o livro zhaga 18, e o design do formato com material de c\u00fapula \u00e9 capaz de resistir a raios UV e ao impacto de objetos no vento forte.<\/p><\/blockquote>\n<blockquote><p>A diferen\u00e7a de desempenho entre o JL-721A1 e o JL-721A2 \u00e9 grande?<\/p><\/blockquote>\n<blockquote><p>suas funcionalidades mais importantes: JL-721A1 nada meia-noite, e JL-722A2 ambos economizam energia ao definir diferentes taxas de consumo e taxa de escurecimento autom\u00e1tica da meia-noite, ent\u00e3o comece a trabalhar O primeiro dia padr\u00e3o de 10 horas de dados como fonte base, ent\u00e3o este controlador conta automaticamente a taxa de escurecimento e durante a taxa de escurecimento.<\/p><\/blockquote>","protected":false},"excerpt":{"rendered":"<p>1. Modelo do produto: JL-721A1\/JL-721A2<br \/>\n2. Sa\u00edda de escurecimento: DALI2.0<br \/>\n3. Certificado: CE, RoHS<br \/>\n4. Padr\u00e3o de conformidade: zhaga book18<br \/>\n5. Tipo de sensor: sensor \u00f3ptico<\/p>","protected":false},"featured_media":8998,"template":"","meta":{"_acf_changed":false,"_seopress_robots_primary_cat":"none","_seopress_titles_title":"","_seopress_titles_desc":"","_seopress_robots_index":""},"product_brand":[],"product_cat":[28,50,29],"product_tag":[],"class_list":{"0":"post-8993","1":"product","2":"type-product","3":"status-publish","4":"has-post-thumbnail","6":"product_cat-our-product","7":"product_cat-zhaga-sensor","8":"product_cat-zhaga-series","10":"first","11":"instock","12":"shipping-taxable","13":"product-type-simple"},"acf":[],"_links":{"self":[{"href":"https:\/\/long-join.com\/pt\/wp-json\/wp\/v2\/product\/8993","targetHints":{"allow":["GET"]}}],"collection":[{"href":"https:\/\/long-join.com\/pt\/wp-json\/wp\/v2\/product"}],"about":[{"href":"https:\/\/long-join.com\/pt\/wp-json\/wp\/v2\/types\/product"}],"version-history":[{"count":3,"href":"https:\/\/long-join.com\/pt\/wp-json\/wp\/v2\/product\/8993\/revisions"}],"predecessor-version":[{"id":11453,"href":"https:\/\/long-join.com\/pt\/wp-json\/wp\/v2\/product\/8993\/revisions\/11453"}],"wp:featuredmedia":[{"embeddable":true,"href":"https:\/\/long-join.com\/pt\/wp-json\/wp\/v2\/media\/8998"}],"wp:attachment":[{"href":"https:\/\/long-join.com\/pt\/wp-json\/wp\/v2\/media?parent=8993"}],"wp:term":[{"taxonomy":"product_brand","embeddable":true,"href":"https:\/\/long-join.com\/pt\/wp-json\/wp\/v2\/product_brand?post=8993"},{"taxonomy":"product_cat","embeddable":true,"href":"https:\/\/long-join.com\/pt\/wp-json\/wp\/v2\/product_cat?post=8993"},{"taxonomy":"product_tag","embeddable":true,"href":"https:\/\/long-join.com\/pt\/wp-json\/wp\/v2\/product_tag?post=8993"}],"curies":[{"name":"wp","href":"https:\/\/api.w.org\/{rel}","templated":true}]}}