{"id":8985,"date":"2024-08-15T17:58:16","date_gmt":"2024-08-15T09:58:16","guid":{"rendered":"https:\/\/long-join.com\/?post_type=product&#038;p=8985"},"modified":"2024-08-29T13:39:18","modified_gmt":"2024-08-29T05:39:18","slug":"modo-de-escurecimento-0-10-v-sensor-zhaga-jl-712b2a2-comunicacao-em-malha-bluetooth-e-controle-por-aplicativo-versao-casambi","status":"publish","type":"product","link":"https:\/\/long-join.com\/pt\/product\/0-10v-dimming-mode-zhaga-sensor-jl-712b2a2-bluetooth-mesh-communication-and-app-control-casambi-version\/","title":{"rendered":"Modo de escurecimento 0-10 V Zhaga Sensor JL-712B2A2 Comunica\u00e7\u00e3o Bluetooth Mesh e controle por APP Vers\u00e3o Casambi"},"content":{"rendered":"<blockquote><p>JL-712B2A2 0-10v Dimmig e Micro-ondas + modo de detec\u00e7\u00e3o de luz, e voc\u00ea pode definir diferentes par\u00e2metros para a atmosfera de gradiente de ilumina\u00e7\u00e3o real. como por meio do modo de ajuste do APP para controlar o brilho e pode ser definido por cena diferente.<\/p><\/blockquote>\n<blockquote><p><strong>Al\u00e9m disso, estas s\u00e3o caracter\u00edsticas mais significativas:<\/strong><\/p><\/blockquote>\n<blockquote><p>1-Modo de escurecimento com 0-10V.<\/p><\/blockquote>\n<blockquote><p>2-e Ajuste din\u00e2mico da frequ\u00eancia de micro-ondas para evitar interfer\u00eancia m\u00fatua durante instala\u00e7\u00e3o densa.<\/p><\/blockquote>\n<blockquote><p>3-voc\u00ea quer conduta de especifica\u00e7\u00e3o, ent\u00e3o leia as instru\u00e7\u00f5es do guia do sensor zhaga JL-712B2A2.<\/p><\/blockquote>","protected":false},"excerpt":{"rendered":"<p>1. Modelo do produto: JL-712B2A2<br \/>\n2. Sa\u00edda de escurecimento: 0-10V<br \/>\n3. Certificado: CE, RoHS<br \/>\n4. Padr\u00e3o de conformidade: zhaga book18<br \/>\n5. Tipo de sensor: detec\u00e7\u00e3o \u00f3ptica + detec\u00e7\u00e3o de micro-ondas<br \/>\n6. Aplicativo Casambi para definir diferentes par\u00e2metros<\/p>","protected":false},"featured_media":8988,"template":"","meta":{"_acf_changed":false,"_seopress_robots_primary_cat":"none","_seopress_titles_title":"","_seopress_titles_desc":"","_seopress_robots_index":""},"product_brand":[],"product_cat":[28,50,29],"product_tag":[],"class_list":{"0":"post-8985","1":"product","2":"type-product","3":"status-publish","4":"has-post-thumbnail","6":"product_cat-our-product","7":"product_cat-zhaga-sensor","8":"product_cat-zhaga-series","10":"first","11":"instock","12":"shipping-taxable","13":"product-type-simple"},"acf":[],"_links":{"self":[{"href":"https:\/\/long-join.com\/pt\/wp-json\/wp\/v2\/product\/8985","targetHints":{"allow":["GET"]}}],"collection":[{"href":"https:\/\/long-join.com\/pt\/wp-json\/wp\/v2\/product"}],"about":[{"href":"https:\/\/long-join.com\/pt\/wp-json\/wp\/v2\/types\/product"}],"version-history":[{"count":1,"href":"https:\/\/long-join.com\/pt\/wp-json\/wp\/v2\/product\/8985\/revisions"}],"predecessor-version":[{"id":12702,"href":"https:\/\/long-join.com\/pt\/wp-json\/wp\/v2\/product\/8985\/revisions\/12702"}],"wp:featuredmedia":[{"embeddable":true,"href":"https:\/\/long-join.com\/pt\/wp-json\/wp\/v2\/media\/8988"}],"wp:attachment":[{"href":"https:\/\/long-join.com\/pt\/wp-json\/wp\/v2\/media?parent=8985"}],"wp:term":[{"taxonomy":"product_brand","embeddable":true,"href":"https:\/\/long-join.com\/pt\/wp-json\/wp\/v2\/product_brand?post=8985"},{"taxonomy":"product_cat","embeddable":true,"href":"https:\/\/long-join.com\/pt\/wp-json\/wp\/v2\/product_cat?post=8985"},{"taxonomy":"product_tag","embeddable":true,"href":"https:\/\/long-join.com\/pt\/wp-json\/wp\/v2\/product_tag?post=8985"}],"curies":[{"name":"wp","href":"https:\/\/api.w.org\/{rel}","templated":true}]}}