{"id":8976,"date":"2024-08-15T16:56:31","date_gmt":"2024-08-15T08:56:31","guid":{"rendered":"https:\/\/long-join.com\/?post_type=product&#038;p=8976"},"modified":"2025-02-13T16:43:48","modified_gmt":"2025-02-13T08:43:48","slug":"carcaca-de-luz-embutida-jl-471cc-lte-cat-1-controlador-de-escurecimento-de-luz-unica-e-brilho-de-estagio-diferente","status":"publish","type":"product","link":"https:\/\/long-join.com\/pt\/product\/built-in-light-housing-jl-471cc-lte-cat-1-single-light-dimming-controller-and-different-stage-brightness\/","title":{"rendered":"Controlador de escurecimento de luz \u00fanico JL-471CC LTE Cat.1 com compartimento de luz integrado e brilho de palco diferente"},"content":{"rendered":"<blockquote><p>Controlador de luz \u00fanica inteligente Cat.1 integrado JL-471CC O JL-471CC \u00e9 um controlador de luz \u00fanica do tipo fia\u00e7\u00e3o integrado desenvolvido com base no modo de comunica\u00e7\u00e3o 4G (LTE Cat. 1), que pode executar controle remoto, configura\u00e7\u00e3o e monitoramento em tempo real do status operacional.<\/p><\/blockquote>\n<blockquote><p><strong>Recurso<\/strong><\/p><\/blockquote>\n<blockquote><p>*Esta fonte de alimenta\u00e7\u00e3o do controlador Tens\u00e3o nominal: 100-277 VCA; 50\/60 Hz<\/p><\/blockquote>\n<blockquote><p>* Se voc\u00ea escolher montar este dispositivo em qualquer lumin\u00e1ria, considere esta \u00e1rea de cobertura sem fio para que voc\u00ea escolha uma antena externa que se ajuste melhor aos dispositivos.<\/p><\/blockquote>\n<blockquote><p>* T\u00e9cnico de cruzamento por zero<\/p><\/blockquote>\n<blockquote><p>* Prote\u00e7\u00e3o contra surtos de 6KV\/3KA<\/p><\/blockquote>","protected":false},"excerpt":{"rendered":"<p>1. Modelo do produto: JL-471CC<br \/>\n2. Tens\u00e3o nominal: 100-277 VAC<br \/>\n3. 126 * 40 * 30 mm tamanho ultrapequeno<br \/>\n4. Controlador de luz \u00fanica JL-471CC<br \/>\n5. O produto \u00e9 colado internamente com n\u00edvel de prote\u00e7\u00e3o IP67.<\/p>","protected":false},"featured_media":8981,"template":"","meta":{"_acf_changed":false,"_seopress_robots_primary_cat":"none","_seopress_titles_title":"","_seopress_titles_desc":"","_seopress_robots_index":""},"product_brand":[],"product_cat":[28,59,55],"product_tag":[],"class_list":{"0":"post-8976","1":"product","2":"type-product","3":"status-publish","4":"has-post-thumbnail","6":"product_cat-our-product","7":"product_cat-smart-photocell-sensor","8":"product_cat-twist-lock-photocontrollers","10":"first","11":"instock","12":"shipping-taxable","13":"product-type-simple"},"acf":[],"_links":{"self":[{"href":"https:\/\/long-join.com\/pt\/wp-json\/wp\/v2\/product\/8976","targetHints":{"allow":["GET"]}}],"collection":[{"href":"https:\/\/long-join.com\/pt\/wp-json\/wp\/v2\/product"}],"about":[{"href":"https:\/\/long-join.com\/pt\/wp-json\/wp\/v2\/types\/product"}],"version-history":[{"count":3,"href":"https:\/\/long-join.com\/pt\/wp-json\/wp\/v2\/product\/8976\/revisions"}],"predecessor-version":[{"id":12703,"href":"https:\/\/long-join.com\/pt\/wp-json\/wp\/v2\/product\/8976\/revisions\/12703"}],"wp:featuredmedia":[{"embeddable":true,"href":"https:\/\/long-join.com\/pt\/wp-json\/wp\/v2\/media\/8981"}],"wp:attachment":[{"href":"https:\/\/long-join.com\/pt\/wp-json\/wp\/v2\/media?parent=8976"}],"wp:term":[{"taxonomy":"product_brand","embeddable":true,"href":"https:\/\/long-join.com\/pt\/wp-json\/wp\/v2\/product_brand?post=8976"},{"taxonomy":"product_cat","embeddable":true,"href":"https:\/\/long-join.com\/pt\/wp-json\/wp\/v2\/product_cat?post=8976"},{"taxonomy":"product_tag","embeddable":true,"href":"https:\/\/long-join.com\/pt\/wp-json\/wp\/v2\/product_tag?post=8976"}],"curies":[{"name":"wp","href":"https:\/\/api.w.org\/{rel}","templated":true}]}}