{"id":8963,"date":"2024-08-15T16:11:55","date_gmt":"2024-08-15T08:11:55","guid":{"rendered":"https:\/\/long-join.com\/?post_type=product&#038;p=8963"},"modified":"2025-02-06T17:03:32","modified_gmt":"2025-02-06T09:03:32","slug":"0-10v-modo-de-gatilho-de-movimento-de-objeto-de-escurecimento-zhaga-sensor-jl-712g3l","status":"publish","type":"product","link":"https:\/\/long-join.com\/pt\/product\/0-10v-dimming-object-moving-trigger-mode-zhaga-sensor-jl-712g3l\/","title":{"rendered":"0-10 V Modo de gatilho de movimento de objeto com escurecimento Zhaga Sensor JL-712G3L"},"content":{"rendered":"<blockquote><p>JL-712G3L 0-10 V Escurecimento e Micro-ondas + modo de detec\u00e7\u00e3o de luz, e voc\u00ea pode definir par\u00e2metros diferentes para a atmosfera de ilumina\u00e7\u00e3o real. Ao mesmo tempo, ele \u00e9 implantado no sistema de gerenciamento UM9900, ent\u00e3o voc\u00ea pode controlar a dist\u00e2ncia remotamente e o escurecimento da meia-noite, e concluir fun\u00e7\u00f5es importantes, como coleta de dados, configura\u00e7\u00e3o remota, monitor de clima e assim por diante.<\/p><\/blockquote>\n<blockquote><p>al\u00e9m disso, h\u00e1 caracter\u00edsticas mais significativas:<\/p><\/blockquote>\n<blockquote><p>Fonte de alimenta\u00e7\u00e3o 1-12-24 V CC<\/p><\/blockquote>\n<blockquote><p>2-e Ajuste din\u00e2mico da frequ\u00eancia de micro-ondas para evitar interfer\u00eancia m\u00fatua durante instala\u00e7\u00e3o densa.<\/p><\/blockquote>\n<blockquote><p>3-voc\u00ea quer conduta de especifica\u00e7\u00e3o, ent\u00e3o leia as instru\u00e7\u00f5es do guia do sensor zhaga JL-712G3L de refer\u00eancia.<\/p><\/blockquote>\n<p>Demonstra\u00e7\u00e3o de uma parte da fun\u00e7\u00e3o<\/p>\n<blockquote><p>Diagrama de liga\u00e7\u00e3o do sensor zhaga JL-712G3L<\/p><\/blockquote>\n<p><img fetchpriority=\"high\" decoding=\"async\" class=\"wp-image-8966 size-full\" src=\"http:\/\/long-join.com\/wp-content\/uploads\/2024\/08\/JL-712G3L-zhaga-sensor-linkage-diagram.jpg\" alt=\"Diagrama de liga\u00e7\u00e3o do sensor zhaga JL-712G3L\" width=\"931\" height=\"426\" srcset=\"https:\/\/long-join.com\/wp-content\/uploads\/2024\/08\/JL-712G3L-zhaga-sensor-linkage-diagram.jpg 931w, https:\/\/long-join.com\/wp-content\/uploads\/2024\/08\/JL-712G3L-zhaga-sensor-linkage-diagram-300x137.jpg 300w, https:\/\/long-join.com\/wp-content\/uploads\/2024\/08\/JL-712G3L-zhaga-sensor-linkage-diagram-768x351.jpg 768w, https:\/\/long-join.com\/wp-content\/uploads\/2024\/08\/JL-712G3L-zhaga-sensor-linkage-diagram-600x275.jpg 600w\" sizes=\"(max-width: 931px) 100vw, 931px\" \/><\/p>\n<p>Modo de trabalho em rede<\/p>\n<p><img decoding=\"async\" class=\"alignnone wp-image-8969 size-full\" src=\"http:\/\/long-join.com\/wp-content\/uploads\/2024\/08\/JL-712G3L-zhaga-sensor.jpg\" alt=\"Sensor zhaga JL-712G3L\" width=\"813\" height=\"526\" srcset=\"https:\/\/long-join.com\/wp-content\/uploads\/2024\/08\/JL-712G3L-zhaga-sensor.jpg 813w, https:\/\/long-join.com\/wp-content\/uploads\/2024\/08\/JL-712G3L-zhaga-sensor-300x194.jpg 300w, https:\/\/long-join.com\/wp-content\/uploads\/2024\/08\/JL-712G3L-zhaga-sensor-768x497.jpg 768w, https:\/\/long-join.com\/wp-content\/uploads\/2024\/08\/JL-712G3L-zhaga-sensor-600x388.jpg 600w\" sizes=\"(max-width: 813px) 100vw, 813px\" \/><\/p>","protected":false},"excerpt":{"rendered":"<p>1. Modelo do produto: JL-712G3L<br \/>\n2. Sa\u00edda de escurecimento: 0-10V<br \/>\n3. Certificado: CE, RoHS<br \/>\n4. Padr\u00e3o de conformidade: zhaga book18<br \/>\n5. Tipo de sensor: sensor \u00f3ptico + movimento de micro-ondas<br \/>\n6. Dist\u00e2ncia de liga\u00e7\u00e3o &lt;=1km<\/p>","protected":false},"featured_media":8970,"template":"","meta":{"_acf_changed":false,"_seopress_robots_primary_cat":"none","_seopress_titles_title":"","_seopress_titles_desc":"","_seopress_robots_index":""},"product_brand":[],"product_cat":[28,50,29],"product_tag":[],"class_list":{"0":"post-8963","1":"product","2":"type-product","3":"status-publish","4":"has-post-thumbnail","6":"product_cat-our-product","7":"product_cat-zhaga-sensor","8":"product_cat-zhaga-series","10":"first","11":"instock","12":"shipping-taxable","13":"product-type-simple"},"acf":[],"_links":{"self":[{"href":"https:\/\/long-join.com\/pt\/wp-json\/wp\/v2\/product\/8963","targetHints":{"allow":["GET"]}}],"collection":[{"href":"https:\/\/long-join.com\/pt\/wp-json\/wp\/v2\/product"}],"about":[{"href":"https:\/\/long-join.com\/pt\/wp-json\/wp\/v2\/types\/product"}],"version-history":[{"count":7,"href":"https:\/\/long-join.com\/pt\/wp-json\/wp\/v2\/product\/8963\/revisions"}],"predecessor-version":[{"id":11429,"href":"https:\/\/long-join.com\/pt\/wp-json\/wp\/v2\/product\/8963\/revisions\/11429"}],"wp:featuredmedia":[{"embeddable":true,"href":"https:\/\/long-join.com\/pt\/wp-json\/wp\/v2\/media\/8970"}],"wp:attachment":[{"href":"https:\/\/long-join.com\/pt\/wp-json\/wp\/v2\/media?parent=8963"}],"wp:term":[{"taxonomy":"product_brand","embeddable":true,"href":"https:\/\/long-join.com\/pt\/wp-json\/wp\/v2\/product_brand?post=8963"},{"taxonomy":"product_cat","embeddable":true,"href":"https:\/\/long-join.com\/pt\/wp-json\/wp\/v2\/product_cat?post=8963"},{"taxonomy":"product_tag","embeddable":true,"href":"https:\/\/long-join.com\/pt\/wp-json\/wp\/v2\/product_tag?post=8963"}],"curies":[{"name":"wp","href":"https:\/\/api.w.org\/{rel}","templated":true}]}}