{"id":8952,"date":"2024-08-15T15:24:20","date_gmt":"2024-08-15T07:24:20","guid":{"rendered":"https:\/\/long-join.com\/?post_type=product&#038;p=8952"},"modified":"2025-02-07T16:20:21","modified_gmt":"2025-02-07T08:20:21","slug":"jl-721np-luz-de-rua-sem-fio-zhaga-dali2-0-escurecimento","status":"publish","type":"product","link":"https:\/\/long-join.com\/pt\/product\/jl-721np-wireless-zhaga-street-light-dali2-0-dimming\/","title":{"rendered":"JL-721NP L\u00e2mpada de rua sem fio Zhaga com dimeriza\u00e7\u00e3o DALI2.0"},"content":{"rendered":"<blockquote><p>O JL-721NP \u00e9 um equipamento com NB-IOT e GPS compat\u00edvel para localizar automaticamente a localiza\u00e7\u00e3o geogr\u00e1fica do dispositivo. Al\u00e9m disso, ele possui escurecimento com DALI2.0 e possui 3 modos que proporcionam um grau de brilho responsivo, como o modo de ambiente local como escurecimento autom\u00e1tico padr\u00e3o b\u00e1sico. Modo de controle em tempo real por par\u00e2metro de configura\u00e7\u00e3o do servidor remoto e via dados de transmiss\u00e3o NB-IOT. Conte\u00fado de gerenciamento de estrat\u00e9gia principal, incluindo controle de tempo (iniciar, desligar) e escurecimento \u00e0 meia-noite. Se a comunica\u00e7\u00e3o deste dispositivo estiver anormal, o JL-721NP alternar\u00e1 automaticamente para o modo de detec\u00e7\u00e3o de luz local, ligando automaticamente ao anoitecer e acendendo ao amanhecer. Com vistas a reduzir custos e riscos, nosso controle sem fio \u00e9 adequado para condi\u00e7\u00f5es ambientais adversas. Por que achamos que o controle de luz de algu\u00e9m est\u00e1 anormal? Como resultado do nosso sensor zhaga com relat\u00f3rios de dados de upload regulares de 10 minutos por vez, descobrimos essas quest\u00f5es anormais imediatamente.<\/p><\/blockquote>\n<blockquote><p>al\u00e9m disso, h\u00e1 caracter\u00edsticas mais significativas:<\/p><\/blockquote>\n<blockquote><p>Fonte de alimenta\u00e7\u00e3o 1-12-24 V CC<\/p><\/blockquote>\n<blockquote><p>2-Suporte ao posicionamento GPS<\/p><\/blockquote>\n<blockquote><p>Padr\u00e3o de 3 interfaces: zhaga-D4i<\/p><\/blockquote>\n<blockquote><p>4-voc\u00ea quer conduta de especifica\u00e7\u00e3o, ent\u00e3o leia as instru\u00e7\u00f5es do guia do sensor zhaga JL-721NP.<\/p><\/blockquote>","protected":false},"excerpt":{"rendered":"<p>1. Modelo do produto: JL-721NP<br \/>\n2. Sa\u00edda de escurecimento: interface de escurecimento DALI<br \/>\n3. Certificado: CE, RoHS<br \/>\n4. Padr\u00e3o de conformidade: zhaga book18<br \/>\n5. Tipo de sensor: sensor \u00f3ptico<\/p>\n<p>&nbsp;<\/p>","protected":false},"featured_media":8957,"template":"","meta":{"_acf_changed":false,"_seopress_robots_primary_cat":"none","_seopress_titles_title":"","_seopress_titles_desc":"","_seopress_robots_index":""},"product_brand":[],"product_cat":[28,50,29],"product_tag":[],"class_list":{"0":"post-8952","1":"product","2":"type-product","3":"status-publish","4":"has-post-thumbnail","6":"product_cat-our-product","7":"product_cat-zhaga-sensor","8":"product_cat-zhaga-series","10":"first","11":"instock","12":"shipping-taxable","13":"product-type-simple"},"acf":[],"_links":{"self":[{"href":"https:\/\/long-join.com\/pt\/wp-json\/wp\/v2\/product\/8952","targetHints":{"allow":["GET"]}}],"collection":[{"href":"https:\/\/long-join.com\/pt\/wp-json\/wp\/v2\/product"}],"about":[{"href":"https:\/\/long-join.com\/pt\/wp-json\/wp\/v2\/types\/product"}],"version-history":[{"count":3,"href":"https:\/\/long-join.com\/pt\/wp-json\/wp\/v2\/product\/8952\/revisions"}],"predecessor-version":[{"id":11454,"href":"https:\/\/long-join.com\/pt\/wp-json\/wp\/v2\/product\/8952\/revisions\/11454"}],"wp:featuredmedia":[{"embeddable":true,"href":"https:\/\/long-join.com\/pt\/wp-json\/wp\/v2\/media\/8957"}],"wp:attachment":[{"href":"https:\/\/long-join.com\/pt\/wp-json\/wp\/v2\/media?parent=8952"}],"wp:term":[{"taxonomy":"product_brand","embeddable":true,"href":"https:\/\/long-join.com\/pt\/wp-json\/wp\/v2\/product_brand?post=8952"},{"taxonomy":"product_cat","embeddable":true,"href":"https:\/\/long-join.com\/pt\/wp-json\/wp\/v2\/product_cat?post=8952"},{"taxonomy":"product_tag","embeddable":true,"href":"https:\/\/long-join.com\/pt\/wp-json\/wp\/v2\/product_tag?post=8952"}],"curies":[{"name":"wp","href":"https:\/\/api.w.org\/{rel}","templated":true}]}}