{"id":8941,"date":"2024-08-14T18:15:07","date_gmt":"2024-08-14T10:15:07","guid":{"rendered":"https:\/\/long-join.com\/?post_type=product&#038;p=8941"},"modified":"2025-11-05T17:20:10","modified_gmt":"2025-11-05T09:20:10","slug":"modo-de-gatilho-de-movimento-de-objeto-zhaga-sensor-jl-722a2h-book18","status":"publish","type":"product","link":"https:\/\/long-join.com\/pt\/product\/object-moving-trigger-mode-zhaga-sensor-jl-722a2h-book18\/","title":{"rendered":"Modo de gatilho de movimento de objeto Zhaga Sensor JL-722A2H Book18"},"content":{"rendered":"<blockquote><p>JL-722A2H DALI Dimmig e Micro-ondas + modo de detec\u00e7\u00e3o de luz, e voc\u00ea pode definir diferentes par\u00e2metros para a atmosfera de gradiente de ilumina\u00e7\u00e3o real, como totalmente brilhante, ligeiramente brilhante e remoto, ou ajustar o modo para controlar os tempos de dura\u00e7\u00e3o do brilho.<\/p><\/blockquote>\n<blockquote><p>al\u00e9m disso, h\u00e1 caracter\u00edsticas mais significativas:<\/p><\/blockquote>\n<blockquote><p>1-Modo de escurecimento com DALI 2.0.<\/p><\/blockquote>\n<blockquote><p>2-e Ajuste din\u00e2mico da frequ\u00eancia de micro-ondas para evitar interfer\u00eancia m\u00fatua durante instala\u00e7\u00e3o densa.<\/p><\/blockquote>\n<blockquote><p>3-voc\u00ea quer conduta de especifica\u00e7\u00e3o, ent\u00e3o leia as instru\u00e7\u00f5es do guia do sensor zhaga JL-722A2H.<\/p><\/blockquote>\n<p>Parte 1: Demonstra\u00e7\u00e3o de uma parte da fun\u00e7\u00e3o e como trabalhar em ambientes internos<\/p>\n<figure id=\"attachment_8951\" aria-describedby=\"caption-attachment-8951\" style=\"width: 758px\" class=\"wp-caption alignnone\"><img fetchpriority=\"high\" decoding=\"async\" class=\"wp-image-8951 size-full\" title=\"controle zhaga com gatilho\" src=\"http:\/\/long-join.com\/wp-content\/uploads\/2024\/08\/zhaga-control-with-trigger.jpg\" alt=\"controle zhaga com gatilho\" width=\"758\" height=\"235\" srcset=\"https:\/\/long-join.com\/wp-content\/uploads\/2024\/08\/zhaga-control-with-trigger.jpg 758w, https:\/\/long-join.com\/wp-content\/uploads\/2024\/08\/zhaga-control-with-trigger-300x93.jpg 300w, https:\/\/long-join.com\/wp-content\/uploads\/2024\/08\/zhaga-control-with-trigger-600x186.jpg 600w\" sizes=\"(max-width: 758px) 100vw, 758px\" \/><figcaption id=\"caption-attachment-8951\" class=\"wp-caption-text\">Controle de dimeriza\u00e7\u00e3o zhaga 12-24V com gatilho JL-722A2H<\/figcaption><\/figure>","protected":false},"excerpt":{"rendered":"<p>1. Modelo do produto: JL-722A2H<br \/>\n2. Sa\u00edda de escurecimento: DALI2.0<br \/>\n3. Certificado: CE, RoHS, D4i, DALI 2.0<br \/>\n4. Padr\u00e3o de conformidade: zhaga book18<br \/>\n5. Tipo de sensor: sensor \u00f3ptico + movimento de micro-ondas<br \/>\n6. controle remoto infravermelho para definir diferentes par\u00e2metros<br \/>\n7. Sensor fotossens\u00edvel com filtro de luz vis\u00edvel<\/p>","protected":false},"featured_media":8945,"template":"","meta":{"_acf_changed":false,"_seopress_robots_primary_cat":"none","_seopress_titles_title":"","_seopress_titles_desc":"","_seopress_robots_index":""},"product_brand":[],"product_cat":[28,50,29],"product_tag":[],"class_list":{"0":"post-8941","1":"product","2":"type-product","3":"status-publish","4":"has-post-thumbnail","6":"product_cat-our-product","7":"product_cat-zhaga-sensor","8":"product_cat-zhaga-series","10":"first","11":"instock","12":"shipping-taxable","13":"product-type-simple"},"acf":[],"_links":{"self":[{"href":"https:\/\/long-join.com\/pt\/wp-json\/wp\/v2\/product\/8941","targetHints":{"allow":["GET"]}}],"collection":[{"href":"https:\/\/long-join.com\/pt\/wp-json\/wp\/v2\/product"}],"about":[{"href":"https:\/\/long-join.com\/pt\/wp-json\/wp\/v2\/types\/product"}],"version-history":[{"count":5,"href":"https:\/\/long-join.com\/pt\/wp-json\/wp\/v2\/product\/8941\/revisions"}],"predecessor-version":[{"id":16089,"href":"https:\/\/long-join.com\/pt\/wp-json\/wp\/v2\/product\/8941\/revisions\/16089"}],"wp:featuredmedia":[{"embeddable":true,"href":"https:\/\/long-join.com\/pt\/wp-json\/wp\/v2\/media\/8945"}],"wp:attachment":[{"href":"https:\/\/long-join.com\/pt\/wp-json\/wp\/v2\/media?parent=8941"}],"wp:term":[{"taxonomy":"product_brand","embeddable":true,"href":"https:\/\/long-join.com\/pt\/wp-json\/wp\/v2\/product_brand?post=8941"},{"taxonomy":"product_cat","embeddable":true,"href":"https:\/\/long-join.com\/pt\/wp-json\/wp\/v2\/product_cat?post=8941"},{"taxonomy":"product_tag","embeddable":true,"href":"https:\/\/long-join.com\/pt\/wp-json\/wp\/v2\/product_tag?post=8941"}],"curies":[{"name":"wp","href":"https:\/\/api.w.org\/{rel}","templated":true}]}}