{"id":8932,"date":"2024-08-14T17:50:49","date_gmt":"2024-08-14T09:50:49","guid":{"rendered":"https:\/\/long-join.com\/?post_type=product&#038;p=8932"},"modified":"2025-04-10T17:21:47","modified_gmt":"2025-04-10T09:21:47","slug":"controlador-book18-jl-712a2h-sensor-de-micro-ondas-e-controle-remoto-infravermelho","status":"publish","type":"product","link":"https:\/\/long-join.com\/pt\/product\/book18-controller-jl-712a2h-microwave-sensing-and-infrared-remote-control\/","title":{"rendered":"Controlador Book18 JL-712A2H Sensor de micro-ondas e controle remoto infravermelho"},"content":{"rendered":"<blockquote><p>O controlador de luz JL-712A2H \u00e9 um controlador de luz do tipo trava inteligente desenvolvido com base no padr\u00e3o de interface Zhaga Book-18. Ele utiliza uma combina\u00e7\u00e3o de sensores de detec\u00e7\u00e3o de luz e micro-ondas, pode emitir sinais de dimeriza\u00e7\u00e3o de 0-10 V e suporta controle remoto infravermelho para configura\u00e7\u00e3o de par\u00e2metros. Este controlador de luz \u00e9 adequado para cen\u00e1rios de ilumina\u00e7\u00e3o como estradas, gramados, p\u00e1tios, parques, estacionamentos, f\u00e1bricas, armaz\u00e9ns, etc.<\/p><\/blockquote>\n<blockquote><p>A l\u00f3gica de funcionamento do produto \u00e9 que, quando a ilumina\u00e7\u00e3o \u00e9 atingida, a l\u00e2mpada funciona com um brilho ligeiramente intenso e inicia uma contagem regressiva para a dura\u00e7\u00e3o do brilho suave. Nesse momento, se um objeto em movimento for detectado, a l\u00e2mpada acende totalmente. Quando um objeto em movimento \u00e9 detectado e deixado, inicia-se uma contagem regressiva para a dura\u00e7\u00e3o do brilho pleno. Ap\u00f3s o t\u00e9rmino da contagem regressiva para a dura\u00e7\u00e3o do brilho pleno, a l\u00e2mpada retorna ao brilho ligeiramente intenso e inicia-se uma contagem regressiva para a dura\u00e7\u00e3o do brilho suave. Quando a contagem regressiva para a dura\u00e7\u00e3o do brilho suave termina ou a ilumina\u00e7\u00e3o \u00e9 atingida, a l\u00e2mpada \u00e9 desligada.<\/p><\/blockquote>\n<blockquote><p><strong>Recurso<\/strong><\/p><\/blockquote>\n<blockquote><p>* Fonte de alimenta\u00e7\u00e3o de 12-24 VCC, baixo consumo de energia<\/p><\/blockquote>\n<blockquote><p>* Interface padr\u00e3o do Zhaga Book-18<\/p><\/blockquote>\n<blockquote><p>* Modo de escurecimento 0-10 V<\/p><\/blockquote>\n<blockquote><p>* Ajuste din\u00e2mico da frequ\u00eancia de micro-ondas para evitar interfer\u00eancia m\u00fatua durante instala\u00e7\u00e3o densa<\/p><\/blockquote>\n<blockquote><p>* \u03a6 50,4 * Tamanho compacto de 35 mm, adequado para instala\u00e7\u00e3o em v\u00e1rios equipamentos de ilumina\u00e7\u00e3o<\/p><\/blockquote>\n<blockquote><p>* Sensibilidade \u00e0 luz + micro-ondas, ilumina\u00e7\u00e3o sob demanda, mais efici\u00eancia energ\u00e9tica<\/p><\/blockquote>\n<blockquote><p>* Sensor fotossens\u00edvel filtrado por luz vis\u00edvel<\/p><\/blockquote>\n<blockquote><p>* Micro-ondas de alto desempenho, com altura de suspens\u00e3o de 15 metros e raio de indu\u00e7\u00e3o de \u226510 metros<\/p><\/blockquote>\n<blockquote><p>* Controle remoto infravermelho<\/p><\/blockquote>\n<blockquote><p>* IP66<\/p><\/blockquote>\n<blockquote><p><strong>Controle remoto infravermelho<\/strong><\/p><\/blockquote>\n<p><img fetchpriority=\"high\" decoding=\"async\" class=\"alignnone wp-image-12876\" src=\"http:\/\/long-join.com\/wp-content\/uploads\/2024\/08\/JL-712A2H-zhaga-sensor02.png\" alt=\"\" width=\"368\" height=\"879\" srcset=\"https:\/\/long-join.com\/wp-content\/uploads\/2024\/08\/JL-712A2H-zhaga-sensor02.png 462w, https:\/\/long-join.com\/wp-content\/uploads\/2024\/08\/JL-712A2H-zhaga-sensor02-126x300.png 126w, https:\/\/long-join.com\/wp-content\/uploads\/2024\/08\/JL-712A2H-zhaga-sensor02-429x1024.png 429w\" sizes=\"(max-width: 368px) 100vw, 368px\" \/><\/p>\n<blockquote><p><strong>Apresentar esta defini\u00e7\u00e3o de fun\u00e7\u00e3o<\/strong><\/p><\/blockquote>\n<p><img decoding=\"async\" class=\"alignnone wp-image-12864\" src=\"http:\/\/long-join.com\/wp-content\/uploads\/2024\/08\/JL-712A2H-zhaga-sensor01.png\" alt=\"\" width=\"664\" height=\"774\" srcset=\"https:\/\/long-join.com\/wp-content\/uploads\/2024\/08\/JL-712A2H-zhaga-sensor01.png 1210w, https:\/\/long-join.com\/wp-content\/uploads\/2024\/08\/JL-712A2H-zhaga-sensor01-257x300.png 257w, https:\/\/long-join.com\/wp-content\/uploads\/2024\/08\/JL-712A2H-zhaga-sensor01-879x1024.png 879w, https:\/\/long-join.com\/wp-content\/uploads\/2024\/08\/JL-712A2H-zhaga-sensor01-768x895.png 768w, https:\/\/long-join.com\/wp-content\/uploads\/2024\/08\/JL-712A2H-zhaga-sensor01-600x699.png 600w\" sizes=\"(max-width: 664px) 100vw, 664px\" \/><\/p>\n<p><img decoding=\"async\" class=\"alignnone wp-image-12857 size-full\" src=\"http:\/\/long-join.com\/wp-content\/uploads\/2024\/08\/JL-712A2H-zhaga-sensor-3.png\" alt=\"\" width=\"673\" height=\"306\" srcset=\"https:\/\/long-join.com\/wp-content\/uploads\/2024\/08\/JL-712A2H-zhaga-sensor-3.png 673w, https:\/\/long-join.com\/wp-content\/uploads\/2024\/08\/JL-712A2H-zhaga-sensor-3-300x136.png 300w, https:\/\/long-join.com\/wp-content\/uploads\/2024\/08\/JL-712A2H-zhaga-sensor-3-600x273.png 600w\" sizes=\"(max-width: 673px) 100vw, 673px\" \/><br \/>\n<img loading=\"lazy\" decoding=\"async\" class=\"alignnone wp-image-12856 size-full\" src=\"http:\/\/long-join.com\/wp-content\/uploads\/2024\/08\/JL-712A2H-zhaga-sensor-2.png\" alt=\"\" width=\"670\" height=\"512\" srcset=\"https:\/\/long-join.com\/wp-content\/uploads\/2024\/08\/JL-712A2H-zhaga-sensor-2.png 670w, https:\/\/long-join.com\/wp-content\/uploads\/2024\/08\/JL-712A2H-zhaga-sensor-2-300x229.png 300w, https:\/\/long-join.com\/wp-content\/uploads\/2024\/08\/JL-712A2H-zhaga-sensor-2-600x459.png 600w\" sizes=\"(max-width: 670px) 100vw, 670px\" \/><\/p>\n<p><img loading=\"lazy\" decoding=\"async\" class=\"alignnone wp-image-12868\" src=\"http:\/\/long-join.com\/wp-content\/uploads\/2024\/08\/JL-712A2H-zhaga-01.png\" alt=\"\" width=\"683\" height=\"515\" srcset=\"https:\/\/long-join.com\/wp-content\/uploads\/2024\/08\/JL-712A2H-zhaga-01.png 694w, https:\/\/long-join.com\/wp-content\/uploads\/2024\/08\/JL-712A2H-zhaga-01-300x227.png 300w, https:\/\/long-join.com\/wp-content\/uploads\/2024\/08\/JL-712A2H-zhaga-01-600x453.png 600w\" sizes=\"(max-width: 683px) 100vw, 683px\" \/><\/p>\n<blockquote><p>Observa\u00e7\u00e3o: o controle remoto infravermelho controla uma dist\u00e2ncia de cerca de 20 metros, um \u00e2ngulo de cerca de \u00b1 45 \u00b0 e a tela de exibi\u00e7\u00e3o tem fun\u00e7\u00e3o de luz de fundo.<\/p><\/blockquote>\n<blockquote><p><strong>Instru\u00e7\u00f5es gerais de opera\u00e7\u00e3o:<\/strong><\/p><\/blockquote>\n<p><img loading=\"lazy\" decoding=\"async\" class=\"alignnone wp-image-12858\" src=\"http:\/\/long-join.com\/wp-content\/uploads\/2024\/08\/JL-712A2H-zhaga-sensor-4.png\" alt=\"\" width=\"686\" height=\"557\" srcset=\"https:\/\/long-join.com\/wp-content\/uploads\/2024\/08\/JL-712A2H-zhaga-sensor-4.png 906w, https:\/\/long-join.com\/wp-content\/uploads\/2024\/08\/JL-712A2H-zhaga-sensor-4-300x243.png 300w, https:\/\/long-join.com\/wp-content\/uploads\/2024\/08\/JL-712A2H-zhaga-sensor-4-768x623.png 768w, https:\/\/long-join.com\/wp-content\/uploads\/2024\/08\/JL-712A2H-zhaga-sensor-4-600x487.png 600w\" sizes=\"(max-width: 686px) 100vw, 686px\" \/><\/p>\n<p><img loading=\"lazy\" decoding=\"async\" class=\"alignnone wp-image-12847\" src=\"http:\/\/long-join.com\/wp-content\/uploads\/2024\/08\/JL-712A2H-zhaga-sensor-5.png\" alt=\"\" width=\"689\" height=\"422\" srcset=\"https:\/\/long-join.com\/wp-content\/uploads\/2024\/08\/JL-712A2H-zhaga-sensor-5.png 923w, https:\/\/long-join.com\/wp-content\/uploads\/2024\/08\/JL-712A2H-zhaga-sensor-5-300x184.png 300w, https:\/\/long-join.com\/wp-content\/uploads\/2024\/08\/JL-712A2H-zhaga-sensor-5-768x470.png 768w, https:\/\/long-join.com\/wp-content\/uploads\/2024\/08\/JL-712A2H-zhaga-sensor-5-600x367.png 600w\" sizes=\"(max-width: 689px) 100vw, 689px\" \/><\/p>\n<p><img loading=\"lazy\" decoding=\"async\" class=\"alignnone wp-image-12848\" src=\"http:\/\/long-join.com\/wp-content\/uploads\/2024\/08\/JL-712A2H-zhaga-sensor-6.png\" alt=\"\" width=\"691\" height=\"336\" srcset=\"https:\/\/long-join.com\/wp-content\/uploads\/2024\/08\/JL-712A2H-zhaga-sensor-6.png 915w, https:\/\/long-join.com\/wp-content\/uploads\/2024\/08\/JL-712A2H-zhaga-sensor-6-300x146.png 300w, https:\/\/long-join.com\/wp-content\/uploads\/2024\/08\/JL-712A2H-zhaga-sensor-6-768x374.png 768w, https:\/\/long-join.com\/wp-content\/uploads\/2024\/08\/JL-712A2H-zhaga-sensor-6-600x292.png 600w\" sizes=\"(max-width: 691px) 100vw, 691px\" \/><\/p>\n<p><img loading=\"lazy\" decoding=\"async\" class=\"alignnone wp-image-12870 size-full\" src=\"http:\/\/long-join.com\/wp-content\/uploads\/2024\/08\/JL-712A2H-zhaga-.png\" alt=\"\" width=\"687\" height=\"248\" srcset=\"https:\/\/long-join.com\/wp-content\/uploads\/2024\/08\/JL-712A2H-zhaga-.png 687w, https:\/\/long-join.com\/wp-content\/uploads\/2024\/08\/JL-712A2H-zhaga--300x108.png 300w, https:\/\/long-join.com\/wp-content\/uploads\/2024\/08\/JL-712A2H-zhaga--600x217.png 600w\" sizes=\"(max-width: 687px) 100vw, 687px\" \/><\/p>\n<p><img loading=\"lazy\" decoding=\"async\" class=\"alignnone wp-image-12878 size-full\" src=\"http:\/\/long-join.com\/wp-content\/uploads\/2024\/08\/JL-712A2H-zhaga-sensor-13.png\" alt=\"\" width=\"597\" height=\"412\" srcset=\"https:\/\/long-join.com\/wp-content\/uploads\/2024\/08\/JL-712A2H-zhaga-sensor-13.png 597w, https:\/\/long-join.com\/wp-content\/uploads\/2024\/08\/JL-712A2H-zhaga-sensor-13-300x207.png 300w\" sizes=\"(max-width: 597px) 100vw, 597px\" \/><\/p>\n<blockquote><p><strong>Defini\u00e7\u00e3o de 4 PINs<\/strong><\/p><\/blockquote>\n<p>&nbsp;<\/p>\n<table border=\"1\" cellspacing=\"0\" cellpadding=\"0\">\n<tbody>\n<tr>\n<td width=\"189\">\n<p align=\"center\">Item<\/p>\n<\/td>\n<td width=\"189\">\n<p align=\"center\">Defini\u00e7\u00e3o<\/p>\n<\/td>\n<td width=\"189\">\n<p align=\"center\">Tipo<\/p>\n<\/td>\n<\/tr>\n<tr>\n<td width=\"189\">\n<p align=\"center\">1<\/p>\n<\/td>\n<td width=\"189\">\n<p align=\"center\">12-24 VCC<\/p>\n<\/td>\n<td width=\"189\">\n<p align=\"center\">entrada de energia<\/p>\n<\/td>\n<\/tr>\n<tr>\n<td width=\"189\">\n<p align=\"center\">2<\/p>\n<\/td>\n<td width=\"189\">\n<p align=\"center\">GND \/ DIM-<\/p>\n<\/td>\n<td width=\"189\">\n<p align=\"center\">entrada de energia<\/p>\n<\/td>\n<\/tr>\n<tr>\n<td width=\"189\">\n<p align=\"center\">3<\/p>\n<\/td>\n<td width=\"189\">\n<p align=\"center\">NC<\/p>\n<\/td>\n<td width=\"189\">\n<p align=\"center\">Sa\u00edda de sinal<\/p>\n<\/td>\n<\/tr>\n<tr>\n<td width=\"189\">\n<p align=\"center\">4<\/p>\n<\/td>\n<td width=\"189\">\n<p align=\"center\">DIM+ (0-10+)<\/p>\n<\/td>\n<td width=\"189\">\n<p align=\"center\">Sa\u00edda de sinal<\/p>\n<\/td>\n<\/tr>\n<\/tbody>\n<\/table>\n<p>Observa\u00e7\u00e3o: Tanto o # 3 quanto o # 4 emitem eletrodos positivos de dimeriza\u00e7\u00e3o simultaneamente. Ao conectar o soquete, qualquer um deles pode ser conectado ao driver ou ambos podem ser conectados simultaneamente. Caso n\u00e3o estejam conectados, recomenda-se o uso de um tratamento de envolt\u00f3rio isolante.<strong> abaixo da imagem do tamanho do produto.<\/strong><\/p>\n<blockquote><p><strong>Diagrama de fia\u00e7\u00e3o<\/strong><\/p><\/blockquote>\n<p>&nbsp;<\/p>\n<p><img loading=\"lazy\" decoding=\"async\" class=\"alignnone wp-image-12850\" src=\"http:\/\/long-join.com\/wp-content\/uploads\/2024\/08\/JL-712A2H-zhaga-sensor-8.png\" alt=\"\" width=\"685\" height=\"480\" srcset=\"https:\/\/long-join.com\/wp-content\/uploads\/2024\/08\/JL-712A2H-zhaga-sensor-8.png 884w, https:\/\/long-join.com\/wp-content\/uploads\/2024\/08\/JL-712A2H-zhaga-sensor-8-300x210.png 300w, https:\/\/long-join.com\/wp-content\/uploads\/2024\/08\/JL-712A2H-zhaga-sensor-8-768x538.png 768w, https:\/\/long-join.com\/wp-content\/uploads\/2024\/08\/JL-712A2H-zhaga-sensor-8-600x420.png 600w\" sizes=\"(max-width: 685px) 100vw, 685px\" \/><\/p>\n<blockquote><p><strong>Diagrama de instala\u00e7\u00e3o<\/strong><\/p><\/blockquote>\n<blockquote><p>A interface do produto em si tem um design \u00e0 prova de falhas; para instal\u00e1-lo, basta apertar o controlador diretamente na base girat\u00f3ria, conforme mostrado na Figura, no sentido hor\u00e1rio ap\u00f3s a inser\u00e7\u00e3o.<\/p><\/blockquote>\n<p><img loading=\"lazy\" decoding=\"async\" class=\"alignnone wp-image-12851\" src=\"http:\/\/long-join.com\/wp-content\/uploads\/2024\/08\/JL-712A2H-zhaga-sensor-9.png\" alt=\"\" width=\"613\" height=\"457\" srcset=\"https:\/\/long-join.com\/wp-content\/uploads\/2024\/08\/JL-712A2H-zhaga-sensor-9.png 936w, https:\/\/long-join.com\/wp-content\/uploads\/2024\/08\/JL-712A2H-zhaga-sensor-9-300x224.png 300w, https:\/\/long-join.com\/wp-content\/uploads\/2024\/08\/JL-712A2H-zhaga-sensor-9-768x573.png 768w, https:\/\/long-join.com\/wp-content\/uploads\/2024\/08\/JL-712A2H-zhaga-sensor-9-600x447.png 600w\" sizes=\"(max-width: 613px) 100vw, 613px\" \/><\/p>\n<blockquote><p><strong>Sele\u00e7\u00e3o de soquete recomendada<\/strong><\/p><\/blockquote>\n<p><img loading=\"lazy\" decoding=\"async\" class=\"alignnone wp-image-12852 size-full\" src=\"http:\/\/long-join.com\/wp-content\/uploads\/2024\/08\/JL-712A2H-zhaga-sensor-10.png\" alt=\"\" width=\"671\" height=\"627\" srcset=\"https:\/\/long-join.com\/wp-content\/uploads\/2024\/08\/JL-712A2H-zhaga-sensor-10.png 671w, https:\/\/long-join.com\/wp-content\/uploads\/2024\/08\/JL-712A2H-zhaga-sensor-10-300x280.png 300w, https:\/\/long-join.com\/wp-content\/uploads\/2024\/08\/JL-712A2H-zhaga-sensor-10-600x561.png 600w\" sizes=\"(max-width: 671px) 100vw, 671px\" \/><\/p>\n<blockquote><p><strong>Precau\u00e7\u00f5es<\/strong><\/p><\/blockquote>\n<blockquote><p>1. Se o polo negativo da fonte de alimenta\u00e7\u00e3o auxiliar do driver estiver separado do polo negativo da interface de escurecimento, eles precisam ser curto-circuitados e conectados ao controlador de luz # 2.<\/p><\/blockquote>\n<blockquote><p>2. Este produto \u00e9 usado principalmente para l\u00e2mpadas LED, l\u00e2mpadas de filamento de tungst\u00eanio e outras l\u00e2mpadas com amplo espectro que podem desligar novamente ap\u00f3s acender a luz.<\/p><\/blockquote>\n<blockquote><p>3. Como o controlador de luz ZHAGA n\u00e3o tem a capacidade de cortar a alimenta\u00e7\u00e3o CA do driver, o cliente precisa selecionar um driver com uma corrente de sa\u00edda pr\u00f3xima a 0 mA ao usar o controlador de luz ZHAGA, caso contr\u00e1rio, pode ocorrer o fen\u00f4meno de a l\u00e2mpada n\u00e3o poder ser completamente desligada. Conforme mostrado na curva de corrente de sa\u00edda da especifica\u00e7\u00e3o do driver, a menor corrente de sa\u00edda est\u00e1 pr\u00f3xima de 0 mA.<\/p><\/blockquote>\n<p><img loading=\"lazy\" decoding=\"async\" class=\"alignnone wp-image-12853 size-full\" src=\"http:\/\/long-join.com\/wp-content\/uploads\/2024\/08\/JL-712A2H-zhaga-sensor-11.png\" alt=\"\" width=\"574\" height=\"316\" srcset=\"https:\/\/long-join.com\/wp-content\/uploads\/2024\/08\/JL-712A2H-zhaga-sensor-11.png 574w, https:\/\/long-join.com\/wp-content\/uploads\/2024\/08\/JL-712A2H-zhaga-sensor-11-300x165.png 300w\" sizes=\"(max-width: 574px) 100vw, 574px\" \/><\/p>\n<blockquote><p>4. O controlador de luz apenas emite um sinal de escurecimento para o driver, independentemente da carga de energia do driver e da fonte de luz.<\/p><\/blockquote>\n<blockquote><p>5. Ao testar, n\u00e3o use os dedos para bloquear a janela fotossens\u00edvel, pois os espa\u00e7os entre os dedos podem passar e fazer com que a luz n\u00e3o acenda.<\/p><\/blockquote>\n<blockquote><p>6. Ap\u00f3s a inicializa\u00e7\u00e3o, se as condi\u00e7\u00f5es de ilumina\u00e7\u00e3o e disparo de movimento forem atendidas, a luz ser\u00e1 ligada diretamente no 100%, e n\u00e3o \u00e9 obrigat\u00f3rio entrar primeiro no n\u00edvel de escurecimento em espera.<\/p><\/blockquote>\n<blockquote><p>7. N\u00e3o deve haver objetos met\u00e1licos obstruindo o \u00e2ngulo de radia\u00e7\u00e3o de indu\u00e7\u00e3o de micro-ondas, caso contr\u00e1rio, o desempenho da indu\u00e7\u00e3o ser\u00e1 seriamente reduzido.<\/p><\/blockquote>\n<blockquote><p>8. Se usado em ambientes externos, chuva e \u00e1rvores balan\u00e7ando podem acender a luz acidentalmente.<\/p><\/blockquote>\n<blockquote><p>9. Evite pendurar a instala\u00e7\u00e3o para evitar que o produto vibre e acenda a luz acidentalmente.<\/p><\/blockquote>\n<blockquote><p>10. O desempenho da detec\u00e7\u00e3o ser\u00e1 afetado pelo ambiente de instala\u00e7\u00e3o, pelos equipamentos de ilumina\u00e7\u00e3o, pelo tamanho e pela velocidade do testador, e o alcance da detec\u00e7\u00e3o pode variar.<\/p><\/blockquote>\n<blockquote><p>11. Os controles remotos infravermelhos s\u00e3o facilmente afetados pela luz solar, portanto, quando usados ao ar livre durante o dia, a dist\u00e2ncia do controle remoto e outros desempenhos podem ser reduzidos.<\/p><\/blockquote>\n<blockquote><p>12. O tempo de pr\u00e9-aquecimento do micro-ondas \u00e9 de 5 segundos, o que significa que o sinal de detec\u00e7\u00e3o de movimento s\u00f3 pode ser acionado ap\u00f3s o m\u00f3dulo de micro-ondas ser ligado por 5 segundos.<\/p><\/blockquote>","protected":false},"excerpt":{"rendered":"<p>1. Modelo do produto: JL-712A2H<br \/>\n2. Sa\u00edda de escurecimento: interface de escurecimento de 0 a 10 V<br \/>\n3. Certificado: CE, RoHS<br \/>\n4. Padr\u00e3o de conformidade: zhaga book18<br \/>\n5. Tipo de sensor: sensor \u00f3ptico + movimento de micro-ondas<br \/>\n6. controle remoto infravermelho para definir diferentes par\u00e2metros<\/p>","protected":false},"featured_media":8937,"template":"","meta":{"_acf_changed":false,"_seopress_robots_primary_cat":"none","_seopress_titles_title":"","_seopress_titles_desc":"","_seopress_robots_index":""},"product_brand":[],"product_cat":[28,50,29],"product_tag":[],"class_list":{"0":"post-8932","1":"product","2":"type-product","3":"status-publish","4":"has-post-thumbnail","6":"product_cat-our-product","7":"product_cat-zhaga-sensor","8":"product_cat-zhaga-series","10":"first","11":"instock","12":"shipping-taxable","13":"product-type-simple"},"acf":[],"_links":{"self":[{"href":"https:\/\/long-join.com\/pt\/wp-json\/wp\/v2\/product\/8932","targetHints":{"allow":["GET"]}}],"collection":[{"href":"https:\/\/long-join.com\/pt\/wp-json\/wp\/v2\/product"}],"about":[{"href":"https:\/\/long-join.com\/pt\/wp-json\/wp\/v2\/types\/product"}],"version-history":[{"count":19,"href":"https:\/\/long-join.com\/pt\/wp-json\/wp\/v2\/product\/8932\/revisions"}],"predecessor-version":[{"id":12897,"href":"https:\/\/long-join.com\/pt\/wp-json\/wp\/v2\/product\/8932\/revisions\/12897"}],"wp:featuredmedia":[{"embeddable":true,"href":"https:\/\/long-join.com\/pt\/wp-json\/wp\/v2\/media\/8937"}],"wp:attachment":[{"href":"https:\/\/long-join.com\/pt\/wp-json\/wp\/v2\/media?parent=8932"}],"wp:term":[{"taxonomy":"product_brand","embeddable":true,"href":"https:\/\/long-join.com\/pt\/wp-json\/wp\/v2\/product_brand?post=8932"},{"taxonomy":"product_cat","embeddable":true,"href":"https:\/\/long-join.com\/pt\/wp-json\/wp\/v2\/product_cat?post=8932"},{"taxonomy":"product_tag","embeddable":true,"href":"https:\/\/long-join.com\/pt\/wp-json\/wp\/v2\/product_tag?post=8932"}],"curies":[{"name":"wp","href":"https:\/\/api.w.org\/{rel}","templated":true}]}}