{"id":8920,"date":"2024-08-14T17:15:28","date_gmt":"2024-08-14T09:15:28","guid":{"rendered":"https:\/\/long-join.com\/?post_type=product&#038;p=8920"},"modified":"2025-02-06T16:51:10","modified_gmt":"2025-02-06T08:51:10","slug":"book18-zhaga-sensor-jl-712b2-comunicacao-bluetooth-mesh-e-controle-de-aplicativo","status":"publish","type":"product","link":"https:\/\/long-join.com\/pt\/product\/book18-zhaga-sensor-jl-712b2-bluetooth-mesh-communication-and-app-control\/","title":{"rendered":"Book18 Zhaga Sensor JL-712B2 Comunica\u00e7\u00e3o Bluetooth Mesh e Controle por APP"},"content":{"rendered":"<blockquote><p>JL-712B2 0-10v Escurecimento e micro-ondas + modo de detec\u00e7\u00e3o de luz, e voc\u00ea pode definir par\u00e2metros diferentes para a atmosfera de gradiente de ilumina\u00e7\u00e3o real, como totalmente brilhante, ligeiramente brilhante e remoto ou via modo de ajuste de APP para controlar os tempos de dura\u00e7\u00e3o do brilho.<\/p><\/blockquote>\n<blockquote><p>al\u00e9m disso, h\u00e1 caracter\u00edsticas mais significativas:<\/p><\/blockquote>\n<blockquote><p>1-Modo de escurecimento com 0-10V.<\/p><\/blockquote>\n<blockquote><p>2-e Ajuste din\u00e2mico da frequ\u00eancia de micro-ondas para evitar interfer\u00eancia m\u00fatua durante instala\u00e7\u00e3o densa.<\/p><\/blockquote>\n<blockquote><p>3-voc\u00ea quer conduta de especifica\u00e7\u00e3o, ent\u00e3o leia as instru\u00e7\u00f5es do guia do sensor zhaga JL-712B2.<\/p><\/blockquote>","protected":false},"excerpt":{"rendered":"<p>1. Modelo do produto: JL-712B2<br \/>\n2. Sa\u00edda de escurecimento: interface de escurecimento de 0 a 10 V<br \/>\n3. Certificado: CE, RoHS<br \/>\n4. Padr\u00e3o de conformidade: zhaga book18<br \/>\n5. Tipo de sensor: sensor \u00f3ptico + movimento de micro-ondas + APP<br \/>\n6. Controle remoto sem fio do aplicativo: rede de comunica\u00e7\u00e3o em malha Bluetooth<\/p>","protected":false},"featured_media":8925,"template":"","meta":{"_acf_changed":false,"_seopress_robots_primary_cat":"none","_seopress_titles_title":"","_seopress_titles_desc":"","_seopress_robots_index":""},"product_brand":[],"product_cat":[28,50,29],"product_tag":[],"class_list":{"0":"post-8920","1":"product","2":"type-product","3":"status-publish","4":"has-post-thumbnail","6":"product_cat-our-product","7":"product_cat-zhaga-sensor","8":"product_cat-zhaga-series","10":"first","11":"instock","12":"shipping-taxable","13":"product-type-simple"},"acf":[],"_links":{"self":[{"href":"https:\/\/long-join.com\/pt\/wp-json\/wp\/v2\/product\/8920","targetHints":{"allow":["GET"]}}],"collection":[{"href":"https:\/\/long-join.com\/pt\/wp-json\/wp\/v2\/product"}],"about":[{"href":"https:\/\/long-join.com\/pt\/wp-json\/wp\/v2\/types\/product"}],"version-history":[{"count":1,"href":"https:\/\/long-join.com\/pt\/wp-json\/wp\/v2\/product\/8920\/revisions"}],"predecessor-version":[{"id":11428,"href":"https:\/\/long-join.com\/pt\/wp-json\/wp\/v2\/product\/8920\/revisions\/11428"}],"wp:featuredmedia":[{"embeddable":true,"href":"https:\/\/long-join.com\/pt\/wp-json\/wp\/v2\/media\/8925"}],"wp:attachment":[{"href":"https:\/\/long-join.com\/pt\/wp-json\/wp\/v2\/media?parent=8920"}],"wp:term":[{"taxonomy":"product_brand","embeddable":true,"href":"https:\/\/long-join.com\/pt\/wp-json\/wp\/v2\/product_brand?post=8920"},{"taxonomy":"product_cat","embeddable":true,"href":"https:\/\/long-join.com\/pt\/wp-json\/wp\/v2\/product_cat?post=8920"},{"taxonomy":"product_tag","embeddable":true,"href":"https:\/\/long-join.com\/pt\/wp-json\/wp\/v2\/product_tag?post=8920"}],"curies":[{"name":"wp","href":"https:\/\/api.w.org\/{rel}","templated":true}]}}