{"id":8910,"date":"2024-08-13T18:23:41","date_gmt":"2024-08-13T10:23:41","guid":{"rendered":"https:\/\/long-join.com\/?post_type=product&#038;p=8910"},"modified":"2025-02-13T17:46:46","modified_gmt":"2025-02-13T09:46:46","slug":"chave-de-encaixe-longo-marca-z10-receptaculo-jl-700m-k4-com-placa-adaptadora","status":"publish","type":"product","link":"https:\/\/long-join.com\/pt\/product\/long-join-brand-z10-key-a-receptacle-jl-700m-k4-with-adapter-plate\/","title":{"rendered":"Recept\u00e1culo LONG-JOIN Z10 Chave A JL-700M-k4 com placa adaptadora"},"content":{"rendered":"<blockquote><p>O sistema de conectores tipo americano Z10 Key A \u00e9 dividido em algumas partes, como tampa, recept\u00e1culo e m\u00f3dulo de extens\u00e3o do suporte da l\u00e2mpada (por exemplo, di\u00e2metros da base de controle do Z10 de \u03a640 e 80 mm). No geral, os produtos da s\u00e9rie Z10 Key A oferecem interface padr\u00e3o, que conecta o Lighting aos futuros m\u00f3dulos de controle inteligentes Z10. Al\u00e9m disso, \u00e9 compat\u00edvel com o suporte Z10-D4i e tamb\u00e9m serve como base comum para transmiss\u00e3o de dados, monitoramento clim\u00e1tico e integra\u00e7\u00e3o de outros m\u00f3dulos t\u00e9cnicos avan\u00e7ados.<\/p><\/blockquote>\n<blockquote><p>O site long-join.com oferece a vers\u00e3o JL-700M z10 Key A, adequada para os requisitos da regi\u00e3o americana. Al\u00e9m disso, oferece uma solu\u00e7\u00e3o mais r\u00e1pida para dispositivos instalados e pode compensar a desvantagem do tamanho do furo de instala\u00e7\u00e3o NEMA. Ao contr\u00e1rio do JL-700M, o novo JL-700Mk4 possui pe\u00e7as de fixa\u00e7\u00e3o em chapa de alum\u00ednio, que \u00e9 equivalente a um recept\u00e1culo de tamanho NEMA, com cerca de 36,5-37,5 mm. Portanto, n\u00e3o \u00e9 necess\u00e1rio danificar a base do dispositivo (tamanho do furo NEMA) no momento.<\/p><\/blockquote>\n<blockquote><p>defini\u00e7\u00e3o de cor do fio:<\/p><\/blockquote>\n<blockquote><p>Porta 1 (vermelha), 24C<\/p><\/blockquote>\n<blockquote><p>Porta 2 (preta), 0-10V-\/GND<\/p><\/blockquote>\n<blockquote><p>Porta 3 (violeta), 0-10V+<\/p><\/blockquote>\n<blockquote><p>Port4 (amarelo), E\/S geral<\/p><\/blockquote>","protected":false},"excerpt":{"rendered":"<p>1-Conect\u00e1vel a quente<br \/>\n2-Tamanho compacto permitindo maior flexibilidade no design da lumin\u00e1ria;<br \/>\n3-posi\u00e7\u00e3o de instala\u00e7\u00e3o flex\u00edvel, por exemplo, parte superior\/inferior\/lateral da l\u00e2mpada.<br \/>\nRecept\u00e1culo tipo 4 travas<br \/>\n5 m\u00f3dulos de extens\u00e3o de reten\u00e7\u00e3o dispon\u00edveis: \u00f840, \u00f880 mm.<\/p>","protected":false},"featured_media":8914,"template":"","meta":{"_acf_changed":false,"_seopress_robots_primary_cat":"none","_seopress_titles_title":"","_seopress_titles_desc":"","_seopress_robots_index":""},"product_brand":[],"product_cat":[28,35],"product_tag":[],"class_list":{"0":"post-8910","1":"product","2":"type-product","3":"status-publish","4":"has-post-thumbnail","6":"product_cat-our-product","7":"product_cat-photocell-switch-fittings","9":"first","10":"instock","11":"shipping-taxable","12":"product-type-simple"},"acf":[],"_links":{"self":[{"href":"https:\/\/long-join.com\/pt\/wp-json\/wp\/v2\/product\/8910","targetHints":{"allow":["GET"]}}],"collection":[{"href":"https:\/\/long-join.com\/pt\/wp-json\/wp\/v2\/product"}],"about":[{"href":"https:\/\/long-join.com\/pt\/wp-json\/wp\/v2\/types\/product"}],"version-history":[{"count":4,"href":"https:\/\/long-join.com\/pt\/wp-json\/wp\/v2\/product\/8910\/revisions"}],"predecessor-version":[{"id":11514,"href":"https:\/\/long-join.com\/pt\/wp-json\/wp\/v2\/product\/8910\/revisions\/11514"}],"wp:featuredmedia":[{"embeddable":true,"href":"https:\/\/long-join.com\/pt\/wp-json\/wp\/v2\/media\/8914"}],"wp:attachment":[{"href":"https:\/\/long-join.com\/pt\/wp-json\/wp\/v2\/media?parent=8910"}],"wp:term":[{"taxonomy":"product_brand","embeddable":true,"href":"https:\/\/long-join.com\/pt\/wp-json\/wp\/v2\/product_brand?post=8910"},{"taxonomy":"product_cat","embeddable":true,"href":"https:\/\/long-join.com\/pt\/wp-json\/wp\/v2\/product_cat?post=8910"},{"taxonomy":"product_tag","embeddable":true,"href":"https:\/\/long-join.com\/pt\/wp-json\/wp\/v2\/product_tag?post=8910"}],"curies":[{"name":"wp","href":"https:\/\/api.w.org\/{rel}","templated":true}]}}