{"id":8901,"date":"2024-08-12T18:30:33","date_gmt":"2024-08-12T10:30:33","guid":{"rendered":"https:\/\/long-join.com\/?post_type=product&#038;p=8901"},"modified":"2025-02-13T15:26:22","modified_gmt":"2025-02-13T07:26:22","slug":"0-10v-dimerizacao-z10-chave-um-sistema-de-conector-jl-770w-versao-sem-fio","status":"publish","type":"product","link":"https:\/\/long-join.com\/pt\/product\/0-10v-dimming-z10-key-a-connector-system-jl-770w-no-wire-version\/","title":{"rendered":"Conector Z10 de 0-10 V com dimeriza\u00e7\u00e3o e chave A, sistema JL-770W, vers\u00e3o sem fio"},"content":{"rendered":"<blockquote><p>O sistema de conectores tipo americano Z10 Key A \u00e9 dividido em algumas partes, como a tampa do recept\u00e1culo, o corpo do recept\u00e1culo e o m\u00f3dulo de extens\u00e3o do suporte da l\u00e2mpada (por exemplo, di\u00e2metros da base de controle do Z10 de \u03a640 e 80 mm). No geral, os produtos da s\u00e9rie Z10 Key A oferecem uma interface padr\u00e3o, que conecta o Lighting aos futuros m\u00f3dulos de controle inteligentes Z10. Al\u00e9m disso, \u00e9 compat\u00edvel com o suporte Z10-D4i e tamb\u00e9m serve como base comum para transmiss\u00e3o de dados, monitoramento clim\u00e1tico e integra\u00e7\u00e3o de outros m\u00f3dulos t\u00e9cnicos avan\u00e7ados.<\/p><\/blockquote>\n<blockquote><p>Al\u00e9m disso, o conector z10 com recept\u00e1culo de trava \u00e9 compat\u00edvel com montagem girat\u00f3ria no sentido hor\u00e1rio e trava firme. Para operar claramente da maneira, \u00e9 importante reconhecer a diferen\u00e7a sutil entre o soquete zhaga book 18 e o recept\u00e1culo de chave tipo A americano.<\/p><\/blockquote>\n<blockquote><p>Geralmente, o sistema de conex\u00e3o z10 Key A tem dimeriza\u00e7\u00e3o de 0-10 V, e sua interface de dimeriza\u00e7\u00e3o \u00e9 2 ou 3, e o tipo de fio \u00e9 feito de cabo. Exceto por algumas visualiza\u00e7\u00f5es acima, n\u00f3s projetamos para fios de macarr\u00e3o, pinos de mola e voc\u00ea oferece outros requisitos de funcionalidade.<\/p><\/blockquote>\n<blockquote><p><strong>O JL-770W n\u00e3o \u00e9 um tipo de cabo de liga\u00e7\u00e3o e suas caracter\u00edsticas s\u00e3o semelhantes \u00e0s <a href=\"https:\/\/long-join.com\/pt\/product\/0-10v-dimerizacao-tipo-z10-chave-versao-receptaculo-jl-700m\/\" target=\"_blank\" rel=\"nofollow noopener\">JL-700M<\/a>, e ambos os produtos s\u00e3o usados no mercado de lumin\u00e1rias da Am\u00e9rica do Norte. Al\u00e9m disso, voc\u00ea tamb\u00e9m pode selecionar bitolas de fio de 20-22 AWG, e aqui \u00e9 melhor fornecer terminais de fio estanhados.<\/strong><\/p><\/blockquote>\n<blockquote><p>\u00a0defini\u00e7\u00e3o interface padr\u00e3o:<\/p><\/blockquote>\n<blockquote><p>Porta 1, 24C<\/p><\/blockquote>\n<blockquote><p>Porta 2, 0-10V-\/GND<\/p><\/blockquote>\n<blockquote><p>Porta 3, 0-10V+<\/p><\/blockquote>\n<blockquote><p>Porta 4, E\/S geral<\/p><\/blockquote>","protected":false},"excerpt":{"rendered":"<p>1-Conect\u00e1vel a quente<br \/>\n2-Tamanho compacto permitindo maior flexibilidade no design da lumin\u00e1ria;<br \/>\n3-posi\u00e7\u00e3o de instala\u00e7\u00e3o flex\u00edvel, por exemplo, parte superior\/inferior\/lateral da l\u00e2mpada.<br \/>\nRecept\u00e1culo tipo 4 travas<br \/>\n5 m\u00f3dulos de extens\u00e3o de reten\u00e7\u00e3o dispon\u00edveis: \u00f840, \u00f880 mm.<\/p>","protected":false},"featured_media":8907,"template":"","meta":{"_acf_changed":false,"_seopress_robots_primary_cat":"none","_seopress_titles_title":"","_seopress_titles_desc":"","_seopress_robots_index":""},"product_brand":[],"product_cat":[28,35],"product_tag":[],"class_list":{"0":"post-8901","1":"product","2":"type-product","3":"status-publish","4":"has-post-thumbnail","6":"product_cat-our-product","7":"product_cat-photocell-switch-fittings","9":"first","10":"instock","11":"shipping-taxable","12":"product-type-simple"},"acf":[],"_links":{"self":[{"href":"https:\/\/long-join.com\/pt\/wp-json\/wp\/v2\/product\/8901","targetHints":{"allow":["GET"]}}],"collection":[{"href":"https:\/\/long-join.com\/pt\/wp-json\/wp\/v2\/product"}],"about":[{"href":"https:\/\/long-join.com\/pt\/wp-json\/wp\/v2\/types\/product"}],"version-history":[{"count":3,"href":"https:\/\/long-join.com\/pt\/wp-json\/wp\/v2\/product\/8901\/revisions"}],"predecessor-version":[{"id":11502,"href":"https:\/\/long-join.com\/pt\/wp-json\/wp\/v2\/product\/8901\/revisions\/11502"}],"wp:featuredmedia":[{"embeddable":true,"href":"https:\/\/long-join.com\/pt\/wp-json\/wp\/v2\/media\/8907"}],"wp:attachment":[{"href":"https:\/\/long-join.com\/pt\/wp-json\/wp\/v2\/media?parent=8901"}],"wp:term":[{"taxonomy":"product_brand","embeddable":true,"href":"https:\/\/long-join.com\/pt\/wp-json\/wp\/v2\/product_brand?post=8901"},{"taxonomy":"product_cat","embeddable":true,"href":"https:\/\/long-join.com\/pt\/wp-json\/wp\/v2\/product_cat?post=8901"},{"taxonomy":"product_tag","embeddable":true,"href":"https:\/\/long-join.com\/pt\/wp-json\/wp\/v2\/product_tag?post=8901"}],"curies":[{"name":"wp","href":"https:\/\/api.w.org\/{rel}","templated":true}]}}