{"id":8893,"date":"2024-08-09T18:18:28","date_gmt":"2024-08-09T10:18:28","guid":{"rendered":"https:\/\/long-join.com\/?post_type=product&#038;p=8893"},"modified":"2025-12-25T16:55:23","modified_gmt":"2025-12-25T08:55:23","slug":"book18-jl-700t-zhaga-soquete-mola-agulha-placa","status":"publish","type":"product","link":"https:\/\/long-join.com\/pt\/product\/book18-jl-700t-zhaga-socket-spring-needle-plate\/","title":{"rendered":"Book18 JL-700T Zhaga Soquete Mola Agulha Placa"},"content":{"rendered":"<p>Soquete zhaga JL-700T com interface padr\u00e3o book 18, e seus recursos mais brilhantes incluem comprimento de rosca menor de 15,1 mm e sem suporte para ferramentas, mas o mais importante s\u00e3o os contatos de agulha de mola para conectar facilmente a lumin\u00e1ria dentro dos fios da unidade el\u00e9trica.<\/p>\n<blockquote><p>Recurso<\/p><\/blockquote>\n<blockquote><p>*Tamanho compacto permitindo maior flexibilidade no design da lumin\u00e1ria.<\/p><\/blockquote>\n<blockquote><p>*Veda\u00e7\u00e3o avan\u00e7ada para atingir IP66 sem parafusos de montagem.<\/p><\/blockquote>\n<blockquote><p>*A solu\u00e7\u00e3o escal\u00e1vel permite o uso de fotoc\u00e9lula de \u00d840mm e um sistema de gerenciamento central de \u00d880mm com a mesma interface de conex\u00e3o.<\/p><\/blockquote>\n<blockquote><p>*Posi\u00e7\u00e3o de montagem flex\u00edvel, para cima, para baixo e na lateral do poste de luz.<\/p><\/blockquote>","protected":false},"excerpt":{"rendered":"<p>Tens\u00e3o nominal: 24 VCC<br \/>\n-Comprimento da rosca curta: 15,1 mm<br \/>\n- Consumo de energia: 1,5 A m\u00e1x.<br \/>\n- soquete com veda\u00e7\u00e3o de silicone no terminal traseiro<br \/>\n-4 contatos de pinos s\u00e3o feitos de lat\u00e3o dourado<\/p>","protected":false},"featured_media":8897,"template":"","meta":{"_acf_changed":false,"_seopress_robots_primary_cat":"none","_seopress_titles_title":"","_seopress_titles_desc":"","_seopress_robots_index":""},"product_brand":[],"product_cat":[28,29,49],"product_tag":[],"class_list":{"0":"post-8893","1":"product","2":"type-product","3":"status-publish","4":"has-post-thumbnail","6":"product_cat-our-product","7":"product_cat-zhaga-series","8":"product_cat-zhaga-socket","10":"first","11":"instock","12":"shipping-taxable","13":"product-type-simple"},"acf":[],"_links":{"self":[{"href":"https:\/\/long-join.com\/pt\/wp-json\/wp\/v2\/product\/8893","targetHints":{"allow":["GET"]}}],"collection":[{"href":"https:\/\/long-join.com\/pt\/wp-json\/wp\/v2\/product"}],"about":[{"href":"https:\/\/long-join.com\/pt\/wp-json\/wp\/v2\/types\/product"}],"version-history":[{"count":6,"href":"https:\/\/long-join.com\/pt\/wp-json\/wp\/v2\/product\/8893\/revisions"}],"predecessor-version":[{"id":11427,"href":"https:\/\/long-join.com\/pt\/wp-json\/wp\/v2\/product\/8893\/revisions\/11427"}],"wp:featuredmedia":[{"embeddable":true,"href":"https:\/\/long-join.com\/pt\/wp-json\/wp\/v2\/media\/8897"}],"wp:attachment":[{"href":"https:\/\/long-join.com\/pt\/wp-json\/wp\/v2\/media?parent=8893"}],"wp:term":[{"taxonomy":"product_brand","embeddable":true,"href":"https:\/\/long-join.com\/pt\/wp-json\/wp\/v2\/product_brand?post=8893"},{"taxonomy":"product_cat","embeddable":true,"href":"https:\/\/long-join.com\/pt\/wp-json\/wp\/v2\/product_cat?post=8893"},{"taxonomy":"product_tag","embeddable":true,"href":"https:\/\/long-join.com\/pt\/wp-json\/wp\/v2\/product_tag?post=8893"}],"curies":[{"name":"wp","href":"https:\/\/api.w.org\/{rel}","templated":true}]}}