{"id":8885,"date":"2024-08-09T17:43:25","date_gmt":"2024-08-09T09:43:25","guid":{"rendered":"https:\/\/long-join.com\/?post_type=product&#038;p=8885"},"modified":"2025-02-06T17:57:46","modified_gmt":"2025-02-06T09:57:46","slug":"pino-de-encaixe-zhaga-soquete-jl-700t3n-longjoin","status":"publish","type":"product","link":"https:\/\/long-join.com\/pt\/product\/flick-pin-zhaga-socket-jl-700t3n-longjoin\/","title":{"rendered":"Soquete Zhaga com pino de encaixe JL-700T3N LONGJOIN"},"content":{"rendered":"<blockquote><p>Soquete zhaga JL-700T3N com padr\u00e3o zhaga book 18, e seus recursos mais brilhantes incluem comprimento de rosca mais curto e nenhuma montagem de ferramenta, mas o mais importante s\u00e3o os contatos Flick-pin para conectar facilmente os fios da unidade el\u00e9trica dentro do suporte da l\u00e2mpada.<\/p><\/blockquote>\n<blockquote><p>Recurso<\/p><\/blockquote>\n<blockquote><p>*Tamanho compacto permitindo maior flexibilidade no design da lumin\u00e1ria.<\/p><\/blockquote>\n<blockquote><p>*Veda\u00e7\u00e3o avan\u00e7ada para atingir IP66 sem parafusos de montagem.<\/p><\/blockquote>\n<blockquote><p>*A solu\u00e7\u00e3o escal\u00e1vel permite o uso de fotoc\u00e9lula de \u00d840mm e um sistema de gerenciamento central de \u00d880mm com a mesma interface de conex\u00e3o.<\/p><\/blockquote>\n<blockquote><p>*Posi\u00e7\u00e3o de montagem flex\u00edvel, para cima, para baixo e na lateral do poste de luz.<\/p><\/blockquote>","protected":false},"excerpt":{"rendered":"<p>- Classifica\u00e7\u00e3o de tens\u00e3o da interface: 24 VCC<br \/>\n-Comprimento da rosca curta: 14,1 \/ 13,1 mm<br \/>\n-Consumo de energia: 1,5A m\u00e1x.<\/p>","protected":false},"featured_media":8890,"template":"","meta":{"_acf_changed":false,"_seopress_robots_primary_cat":"none","_seopress_titles_title":"","_seopress_titles_desc":"","_seopress_robots_index":""},"product_brand":[],"product_cat":[28,29,49],"product_tag":[],"class_list":{"0":"post-8885","1":"product","2":"type-product","3":"status-publish","4":"has-post-thumbnail","6":"product_cat-our-product","7":"product_cat-zhaga-series","8":"product_cat-zhaga-socket","10":"first","11":"instock","12":"shipping-taxable","13":"product-type-simple"},"acf":[],"_links":{"self":[{"href":"https:\/\/long-join.com\/pt\/wp-json\/wp\/v2\/product\/8885","targetHints":{"allow":["GET"]}}],"collection":[{"href":"https:\/\/long-join.com\/pt\/wp-json\/wp\/v2\/product"}],"about":[{"href":"https:\/\/long-join.com\/pt\/wp-json\/wp\/v2\/types\/product"}],"version-history":[{"count":5,"href":"https:\/\/long-join.com\/pt\/wp-json\/wp\/v2\/product\/8885\/revisions"}],"predecessor-version":[{"id":11432,"href":"https:\/\/long-join.com\/pt\/wp-json\/wp\/v2\/product\/8885\/revisions\/11432"}],"wp:featuredmedia":[{"embeddable":true,"href":"https:\/\/long-join.com\/pt\/wp-json\/wp\/v2\/media\/8890"}],"wp:attachment":[{"href":"https:\/\/long-join.com\/pt\/wp-json\/wp\/v2\/media?parent=8885"}],"wp:term":[{"taxonomy":"product_brand","embeddable":true,"href":"https:\/\/long-join.com\/pt\/wp-json\/wp\/v2\/product_brand?post=8885"},{"taxonomy":"product_cat","embeddable":true,"href":"https:\/\/long-join.com\/pt\/wp-json\/wp\/v2\/product_cat?post=8885"},{"taxonomy":"product_tag","embeddable":true,"href":"https:\/\/long-join.com\/pt\/wp-json\/wp\/v2\/product_tag?post=8885"}],"curies":[{"name":"wp","href":"https:\/\/api.w.org\/{rel}","templated":true}]}}