{"id":8877,"date":"2024-08-09T16:52:53","date_gmt":"2024-08-09T08:52:53","guid":{"rendered":"https:\/\/long-join.com\/?post_type=product&#038;p=8877"},"modified":"2025-12-24T18:12:01","modified_gmt":"2025-12-24T10:12:01","slug":"modulo-extensivel-de-iluminacao-publica-led-soquete-zhaga-jl-700s","status":"publish","type":"product","link":"https:\/\/long-join.com\/pt\/product\/led-street-light-extend-module-zhaga-socket-jl-700s\/","title":{"rendered":"M\u00f3dulo de extens\u00e3o para ilumina\u00e7\u00e3o p\u00fablica LED Zhaga Socket JL-700S"},"content":{"rendered":"<blockquote><p>Zhega series parts is compliant to zhaga book18 standard, then this include JL-700 zhaga socket,zhaga cover and baseplate. for our municipal street light lamp inner space is to be more increased capacity, long-join had developed new tpye base: JL-700S. this jl-700s with more shorter thread reference to JL-700 (universal version thread length:22.6mm from socket surface to thread terminal measures. )<\/p><\/blockquote>\n<blockquote><p>Recurso<\/p><\/blockquote>\n<blockquote><p>*Tamanho compacto permitindo maior flexibilidade no design da lumin\u00e1ria.<\/p><\/blockquote>\n<blockquote><p>*Veda\u00e7\u00e3o avan\u00e7ada para atingir IP66 sem parafusos de montagem.<\/p><\/blockquote>\n<blockquote><p>*A solu\u00e7\u00e3o escal\u00e1vel permite o uso de fotoc\u00e9lula de \u00d840mm e um sistema de gerenciamento central de \u00d880mm com a mesma interface de conex\u00e3o.<\/p><\/blockquote>\n<blockquote><p>*Posi\u00e7\u00e3o de montagem flex\u00edvel, para cima, para baixo e na lateral do poste de luz.<\/p><\/blockquote>","protected":false},"excerpt":{"rendered":"<p>-Interface de escurecimento: 2 e 3<br \/>\n-Short thread length:13.1-15.1 mm<br \/>\n-Soquete com prote\u00e7\u00e3o de silicone no terminal traseiro<br \/>\n- Consumo de energia: 1,5 A m\u00e1x.<\/p>","protected":false},"featured_media":8882,"template":"","meta":{"_acf_changed":false,"_seopress_robots_primary_cat":"none","_seopress_titles_title":"","_seopress_titles_desc":"","_seopress_robots_index":""},"product_brand":[],"product_cat":[28,29,49],"product_tag":[],"class_list":{"0":"post-8877","1":"product","2":"type-product","3":"status-publish","4":"has-post-thumbnail","6":"product_cat-our-product","7":"product_cat-zhaga-series","8":"product_cat-zhaga-socket","10":"first","11":"instock","12":"shipping-taxable","13":"product-type-simple"},"acf":[],"_links":{"self":[{"href":"https:\/\/long-join.com\/pt\/wp-json\/wp\/v2\/product\/8877","targetHints":{"allow":["GET"]}}],"collection":[{"href":"https:\/\/long-join.com\/pt\/wp-json\/wp\/v2\/product"}],"about":[{"href":"https:\/\/long-join.com\/pt\/wp-json\/wp\/v2\/types\/product"}],"version-history":[{"count":7,"href":"https:\/\/long-join.com\/pt\/wp-json\/wp\/v2\/product\/8877\/revisions"}],"predecessor-version":[{"id":16624,"href":"https:\/\/long-join.com\/pt\/wp-json\/wp\/v2\/product\/8877\/revisions\/16624"}],"wp:featuredmedia":[{"embeddable":true,"href":"https:\/\/long-join.com\/pt\/wp-json\/wp\/v2\/media\/8882"}],"wp:attachment":[{"href":"https:\/\/long-join.com\/pt\/wp-json\/wp\/v2\/media?parent=8877"}],"wp:term":[{"taxonomy":"product_brand","embeddable":true,"href":"https:\/\/long-join.com\/pt\/wp-json\/wp\/v2\/product_brand?post=8877"},{"taxonomy":"product_cat","embeddable":true,"href":"https:\/\/long-join.com\/pt\/wp-json\/wp\/v2\/product_cat?post=8877"},{"taxonomy":"product_tag","embeddable":true,"href":"https:\/\/long-join.com\/pt\/wp-json\/wp\/v2\/product_tag?post=8877"}],"curies":[{"name":"wp","href":"https:\/\/api.w.org\/{rel}","templated":true}]}}