{"id":8868,"date":"2024-08-08T17:00:20","date_gmt":"2024-08-08T09:00:20","guid":{"rendered":"https:\/\/long-join.com\/?post_type=product&#038;p=8868"},"modified":"2025-02-13T16:06:36","modified_gmt":"2025-02-13T08:06:36","slug":"sistema-de-conector-americano-tipo-z10-chave-a-cabo-jl-770l-versao","status":"publish","type":"product","link":"https:\/\/long-join.com\/pt\/product\/american-type-z10-key-a-connector-system-jl-770l-cable-version\/","title":{"rendered":"Sistema de conector tipo americano Z10 Key A, vers\u00e3o com cabo JL-770L"},"content":{"rendered":"<blockquote><p>Ao contr\u00e1rio da vers\u00e3o europeia do soquete zhaga padr\u00e3o JL-700 do Zhaga Book-18, este recept\u00e1culo JL-770L \u00e9 adequado para esquema de escurecimento de 0-10 V e suporta di\u00e2metro de base de controle de reten\u00e7\u00e3o \u03a6 40 e m\u00f3dulo de extens\u00e3o \u03a680 mm. \u00c9 ideal para dispositivos de lumin\u00e1rias padr\u00e3o, como m\u00f3dulos de controle do tipo multifuncional integrados \u00e0 infraestrutura de ilumina\u00e7\u00e3o p\u00fablica municipal moderna: NB-IOT sem fio, indu\u00e7\u00e3o de sensor de movimento e detec\u00e7\u00e3o de micro-ondas e assim por diante.<\/p><\/blockquote>\n<blockquote><p>Recurso<\/p><\/blockquote>\n<blockquote><p>1-Tamanho compacto permitindo maior flexibilidade no design da lumin\u00e1ria;<\/p><\/blockquote>\n<blockquote><p>2-JL-770L, o cabo \u00e9 composto por 4 fios de cores diferentes (vermelho, amarelo, roxo e preto)<\/p><\/blockquote>\n<blockquote><p>* a cor do fio \u00e9 por defini\u00e7\u00e3o estilo:<\/p><\/blockquote>\n<ul>\n<li style=\"list-style-type: none;\">\n<ul>\n<li style=\"list-style-type: none;\">\n<ul>\n<li>porta-1 vermelha-24C<\/li>\n<li>porta-2 preta-0-10V-\/GND<\/li>\n<li>porta-3 roxa-0-10V+<\/li>\n<li>porta-4 amarelo-geral E\/S<\/li>\n<\/ul>\n<\/li>\n<\/ul>\n<\/li>\n<\/ul>","protected":false},"excerpt":{"rendered":"<p>1-Conect\u00e1vel a quente<br \/>\n2-Tamanho compacto permitindo maior flexibilidade no design da lumin\u00e1ria;<br \/>\n3-posi\u00e7\u00e3o de instala\u00e7\u00e3o flex\u00edvel, por exemplo, parte superior\/inferior\/lateral da l\u00e2mpada.<br \/>\nRecept\u00e1culo tipo 4 travas<br \/>\n5 m\u00f3dulos de extens\u00e3o de reten\u00e7\u00e3o dispon\u00edveis: \u00f840, \u00f880 mm.<\/p>","protected":false},"featured_media":8875,"template":"","meta":{"_acf_changed":false,"_seopress_robots_primary_cat":"none","_seopress_titles_title":"","_seopress_titles_desc":"","_seopress_robots_index":""},"product_brand":[],"product_cat":[28,35],"product_tag":[],"class_list":{"0":"post-8868","1":"product","2":"type-product","3":"status-publish","4":"has-post-thumbnail","6":"product_cat-our-product","7":"product_cat-photocell-switch-fittings","9":"first","10":"instock","11":"shipping-taxable","12":"product-type-simple"},"acf":[],"_links":{"self":[{"href":"https:\/\/long-join.com\/pt\/wp-json\/wp\/v2\/product\/8868","targetHints":{"allow":["GET"]}}],"collection":[{"href":"https:\/\/long-join.com\/pt\/wp-json\/wp\/v2\/product"}],"about":[{"href":"https:\/\/long-join.com\/pt\/wp-json\/wp\/v2\/types\/product"}],"version-history":[{"count":3,"href":"https:\/\/long-join.com\/pt\/wp-json\/wp\/v2\/product\/8868\/revisions"}],"predecessor-version":[{"id":11505,"href":"https:\/\/long-join.com\/pt\/wp-json\/wp\/v2\/product\/8868\/revisions\/11505"}],"wp:featuredmedia":[{"embeddable":true,"href":"https:\/\/long-join.com\/pt\/wp-json\/wp\/v2\/media\/8875"}],"wp:attachment":[{"href":"https:\/\/long-join.com\/pt\/wp-json\/wp\/v2\/media?parent=8868"}],"wp:term":[{"taxonomy":"product_brand","embeddable":true,"href":"https:\/\/long-join.com\/pt\/wp-json\/wp\/v2\/product_brand?post=8868"},{"taxonomy":"product_cat","embeddable":true,"href":"https:\/\/long-join.com\/pt\/wp-json\/wp\/v2\/product_cat?post=8868"},{"taxonomy":"product_tag","embeddable":true,"href":"https:\/\/long-join.com\/pt\/wp-json\/wp\/v2\/product_tag?post=8868"}],"curies":[{"name":"wp","href":"https:\/\/api.w.org\/{rel}","templated":true}]}}