{"id":8858,"date":"2024-08-08T16:13:11","date_gmt":"2024-08-08T08:13:11","guid":{"rendered":"https:\/\/long-join.com\/?post_type=product&#038;p=8858"},"modified":"2025-02-07T17:41:53","modified_gmt":"2025-02-07T09:41:53","slug":"chave-z10-sistema-de-conector-0-10v-receptaculo-jl-700mk4-tipo-de-trava","status":"publish","type":"product","link":"https:\/\/long-join.com\/pt\/product\/z10-key-a-connector-system-0-10v-receptacle-jl-700mk4-lock-type\/","title":{"rendered":"Sistema de Conector Z10 Chave A 0-10V Recept\u00e1culo JL-700MK4 Tipo de Trava"},"content":{"rendered":"<blockquote><p>Assim como o padr\u00e3o Zhaga Book-18, o soquete JL-700M \u00e9 adequado para esquemas de dimeriza\u00e7\u00e3o de 0-10 V e suporta base de controle de reten\u00e7\u00e3o com di\u00e2metro de \u03a6 40 e m\u00f3dulo de extens\u00e3o de \u03a6 80 mm. \u00c9 ideal para dispositivos de lumin\u00e1rias padr\u00e3o, como m\u00f3dulos de controle multifuncionais integrados \u00e0 infraestrutura de ilumina\u00e7\u00e3o p\u00fablica de cidades modernas: NB-IOT sem fio, indu\u00e7\u00e3o por sensor de movimento e detec\u00e7\u00e3o por micro-ondas, entre outros.<\/p><\/blockquote>\n<blockquote><p>Recurso<\/p><\/blockquote>\n<blockquote><p>1-est\u00e1 equipado com dimeriza\u00e7\u00e3o de 0-10V;<\/p><\/blockquote>\n<blockquote><p>2-Tamanho pequeno, adequado para mais l\u00e2mpadas;<\/p><\/blockquote>\n<blockquote><p>4-Veda\u00e7\u00e3o avan\u00e7ada, IP66 pode ser alcan\u00e7ada sem instala\u00e7\u00e3o de parafusos;<\/p><\/blockquote>\n<blockquote><p>5-Atender aos requisitos de teste de surto de modo comum de 10 kV;<\/p><\/blockquote>\n<blockquote><p>Placa adaptadora de 6 pinos: \u03a665+\/-0,2<\/p><\/blockquote>\n<blockquote><p>M\u00f3dulo de base para lumin\u00e1ria tipo mini da \u00e1rea 7-Am\u00e9rica.<\/p><\/blockquote>","protected":false},"excerpt":{"rendered":"<p>1-Conect\u00e1vel a quente<br \/>\nClassifica\u00e7\u00e3o de 2 contatos: 1,5 A, 30 VCC (t\u00edpico 24 V)<br \/>\n3-posi\u00e7\u00e3o de instala\u00e7\u00e3o flex\u00edvel, por exemplo, superior\/inferior\/lateral da lumin\u00e1ria.<br \/>\nRecept\u00e1culo tipo 4 travas<br \/>\n5-Prote\u00e7\u00e3o de isolamento: Classe II<\/p>","protected":false},"featured_media":8863,"template":"","meta":{"_acf_changed":false,"_seopress_robots_primary_cat":"none","_seopress_titles_title":"","_seopress_titles_desc":"","_seopress_robots_index":""},"product_brand":[],"product_cat":[28,29,49],"product_tag":[],"class_list":{"0":"post-8858","1":"product","2":"type-product","3":"status-publish","4":"has-post-thumbnail","6":"product_cat-our-product","7":"product_cat-zhaga-series","8":"product_cat-zhaga-socket","10":"first","11":"instock","12":"shipping-taxable","13":"product-type-simple"},"acf":[],"_links":{"self":[{"href":"https:\/\/long-join.com\/pt\/wp-json\/wp\/v2\/product\/8858","targetHints":{"allow":["GET"]}}],"collection":[{"href":"https:\/\/long-join.com\/pt\/wp-json\/wp\/v2\/product"}],"about":[{"href":"https:\/\/long-join.com\/pt\/wp-json\/wp\/v2\/types\/product"}],"version-history":[{"count":2,"href":"https:\/\/long-join.com\/pt\/wp-json\/wp\/v2\/product\/8858\/revisions"}],"predecessor-version":[{"id":11463,"href":"https:\/\/long-join.com\/pt\/wp-json\/wp\/v2\/product\/8858\/revisions\/11463"}],"wp:featuredmedia":[{"embeddable":true,"href":"https:\/\/long-join.com\/pt\/wp-json\/wp\/v2\/media\/8863"}],"wp:attachment":[{"href":"https:\/\/long-join.com\/pt\/wp-json\/wp\/v2\/media?parent=8858"}],"wp:term":[{"taxonomy":"product_brand","embeddable":true,"href":"https:\/\/long-join.com\/pt\/wp-json\/wp\/v2\/product_brand?post=8858"},{"taxonomy":"product_cat","embeddable":true,"href":"https:\/\/long-join.com\/pt\/wp-json\/wp\/v2\/product_cat?post=8858"},{"taxonomy":"product_tag","embeddable":true,"href":"https:\/\/long-join.com\/pt\/wp-json\/wp\/v2\/product_tag?post=8858"}],"curies":[{"name":"wp","href":"https:\/\/api.w.org\/{rel}","templated":true}]}}