{"id":8850,"date":"2024-08-08T14:51:39","date_gmt":"2024-08-08T06:51:39","guid":{"rendered":"https:\/\/long-join.com\/?post_type=product&#038;p=8850"},"modified":"2024-08-26T18:18:38","modified_gmt":"2024-08-26T10:18:38","slug":"receptaculo-de-fotocelula-ansi-c136-41-7-pinos-jl-240xha-b","status":"publish","type":"product","link":"https:\/\/long-join.com\/pt\/product\/ansi-c136-41-7-pin-photocell-receptacle-jl-240xha-b\/","title":{"rendered":"Recept\u00e1culo de fotoc\u00e9lula ANSI C136.41 7 PIN JL-240XHA\/B"},"content":{"rendered":"<blockquote><p>Os recept\u00e1culos de fotocontrole da s\u00e9rie JL-240XH s\u00e3o projetados especificamente para lumin\u00e1rias que incorporam fotocontroles do tipo base com trava girat\u00f3ria ANSI C136.10. Esta s\u00e9rie est\u00e1 em conformidade com a norma ANSI C136.41-2013, recentemente emitida, e desempenha melhor o papel dos m\u00f3dulos de interface de recept\u00e1culo na funcionalidade avan\u00e7ada de controle de l\u00e2mpadas LED.<\/p><\/blockquote>\n<blockquote><p>Recurso<\/p><\/blockquote>\n<blockquote><p>1-Esta s\u00e9rie oferece 2 ou 4 almofadas de baixa tens\u00e3o banhadas a ouro na superf\u00edcie superior. Uma vez que esta tem 2 almofadas, o recept\u00e1culo \u00e9 denominado JL-240XHB, nas outras 4 almofadas o recept\u00e1culo de ilumina\u00e7\u00e3o p\u00fablica \u00e9 denominado JL-240XHA.<\/p><\/blockquote>\n<blockquote><p>2 - H\u00e1 um recept\u00e1culo de dimeriza\u00e7\u00e3o de 0-10 V e DALI. O recept\u00e1culo de dimeriza\u00e7\u00e3o DALI 240XHA e o recept\u00e1culo de dimeriza\u00e7\u00e3o de 0-10 V JL-240XHB.<\/p><\/blockquote>\n<blockquote><p>Material PBT de 3 corpos.<\/p><\/blockquote>\n<blockquote><p>4-Almofada dourada com design de vers\u00e3o estreita<\/p><\/blockquote>","protected":false},"excerpt":{"rendered":"<p>1. Modelo do produto: JL-240XHA\/B<br \/>\n2. Tens\u00e3o nominal: 0-480 VCA<br \/>\n3. Estilo de design: Almofada dourada com design de vers\u00e3o estreita<br \/>\n4. Medidor de cabos: #14, #16<br \/>\n5. Padr\u00e3o compat\u00edvel: ANSI C136.41, CE, ROHS, UL<\/p>","protected":false},"featured_media":8857,"template":"","meta":{"_acf_changed":false,"_seopress_robots_primary_cat":"none","_seopress_titles_title":"","_seopress_titles_desc":"","_seopress_robots_index":""},"product_brand":[],"product_cat":[57,56,31,28],"product_tag":[],"class_list":{"0":"post-8850","1":"product","2":"type-product","3":"status-publish","4":"has-post-thumbnail","6":"product_cat-nema-5-pin-receptacle","7":"product_cat-nema-7-pin-receptacle","8":"product_cat-nema-standard-connector","9":"product_cat-our-product","11":"first","12":"instock","13":"shipping-taxable","14":"product-type-simple"},"acf":[],"_links":{"self":[{"href":"https:\/\/long-join.com\/pt\/wp-json\/wp\/v2\/product\/8850","targetHints":{"allow":["GET"]}}],"collection":[{"href":"https:\/\/long-join.com\/pt\/wp-json\/wp\/v2\/product"}],"about":[{"href":"https:\/\/long-join.com\/pt\/wp-json\/wp\/v2\/types\/product"}],"version-history":[{"count":0,"href":"https:\/\/long-join.com\/pt\/wp-json\/wp\/v2\/product\/8850\/revisions"}],"wp:featuredmedia":[{"embeddable":true,"href":"https:\/\/long-join.com\/pt\/wp-json\/wp\/v2\/media\/8857"}],"wp:attachment":[{"href":"https:\/\/long-join.com\/pt\/wp-json\/wp\/v2\/media?parent=8850"}],"wp:term":[{"taxonomy":"product_brand","embeddable":true,"href":"https:\/\/long-join.com\/pt\/wp-json\/wp\/v2\/product_brand?post=8850"},{"taxonomy":"product_cat","embeddable":true,"href":"https:\/\/long-join.com\/pt\/wp-json\/wp\/v2\/product_cat?post=8850"},{"taxonomy":"product_tag","embeddable":true,"href":"https:\/\/long-join.com\/pt\/wp-json\/wp\/v2\/product_tag?post=8850"}],"curies":[{"name":"wp","href":"https:\/\/api.w.org\/{rel}","templated":true}]}}