{"id":8396,"date":"2024-06-28T17:24:36","date_gmt":"2024-06-28T09:24:36","guid":{"rendered":"https:\/\/long-join.com\/?post_type=product&#038;p=8396"},"modified":"2024-06-28T17:26:41","modified_gmt":"2024-06-28T09:26:41","slug":"controle-de-foto-serie-205c-120-vca-um","status":"publish","type":"product","link":"https:\/\/long-join.com\/pt\/product\/120vac-um-series-205c-photo-control\/","title":{"rendered":"Controle de foto UM s\u00e9rie 205C 120VAC"},"content":{"rendered":"<blockquote><p>A S\u00e9rie UM 205C \u00e9 usada exatamente como o JL-205C com propriedades comuns, como o exemplo do fotocontrole com trava girat\u00f3ria: Tens\u00e3o nominal de 120-277 VCA e faixas de tens\u00e3o aplic\u00e1veis de 105-305 VCA. \u00c9 muito importante que os recursos de propriedade eletr\u00f4nica sejam \u00e0 prova d&#039;\u00e1gua IP65, assim como o UM-205C com outras condi\u00e7\u00f5es de trabalho b\u00e1sicas muito semelhantes aos par\u00e2metros de trabalho do JL-205C.<\/p><\/blockquote>\n<blockquote><p>Quais diferen\u00e7as apontam neste UM-205C e JL-205C?<\/p><\/blockquote>\n<ul>\n<li>aqui est\u00e1 o modo de trabalho deste produto da s\u00e9rie UM: Modo de falha<\/li>\n<li>Prote\u00e7\u00e3o contra surtos (MOV): 12, mas nada a oferecer 15 (235J\/5000Amp) e 23 (460J\/10000Amp) do JL-205C<\/li>\n<li>Carga nominal: 500 W Tungst\u00eanio, 850 VA Reator 5 A e-Ballast<\/li>\n<li>N\u00edveis de opera\u00e7\u00e3o: 10-20 lux ligado 3; 30-80 lux desligado<\/li>\n<li>Consumo de energia: 3W@120V<\/li>\n<\/ul>\n<ul>\n<li>aqui oferecemos controle de fotos da s\u00e9rie UM: UM-205C, UM-240 e UM-208<\/li>\n<li>Tipo de produto UM-208: tampa de curto-circuito da fotoc\u00e9lula<\/li>\n<li>Tipo de produto UM-240: recept\u00e1culo NEMA 7 PIN com bitola de fio 16<\/li>\n<li>Tipo de produto UM-204C: IP65\/IP54\/IP67 Controle de foto com trava girat\u00f3ria UM-204C<\/li>\n<\/ul>","protected":false},"excerpt":{"rendered":"<p>1. Modelo do produto: UM-205C<br \/>\n2. Tens\u00e3o nominal: 120-277 VAC<br \/>\n3. N\u00edvel de lux ligado\/desligado: 10-20 Lx ligado; 30-80 Lx desligado<br \/>\n5. Certificado Padr\u00e3o de Conformidade: nenhum<\/p>","protected":false},"featured_media":8401,"template":"","meta":{"_acf_changed":false,"_seopress_robots_primary_cat":"none","_seopress_titles_title":"","_seopress_titles_desc":"","_seopress_robots_index":""},"product_brand":[],"product_cat":[28,55],"product_tag":[],"class_list":{"0":"post-8396","1":"product","2":"type-product","3":"status-publish","4":"has-post-thumbnail","6":"product_cat-our-product","7":"product_cat-twist-lock-photocontrollers","9":"first","10":"instock","11":"shipping-taxable","12":"product-type-simple"},"acf":[],"_links":{"self":[{"href":"https:\/\/long-join.com\/pt\/wp-json\/wp\/v2\/product\/8396","targetHints":{"allow":["GET"]}}],"collection":[{"href":"https:\/\/long-join.com\/pt\/wp-json\/wp\/v2\/product"}],"about":[{"href":"https:\/\/long-join.com\/pt\/wp-json\/wp\/v2\/types\/product"}],"version-history":[{"count":0,"href":"https:\/\/long-join.com\/pt\/wp-json\/wp\/v2\/product\/8396\/revisions"}],"wp:featuredmedia":[{"embeddable":true,"href":"https:\/\/long-join.com\/pt\/wp-json\/wp\/v2\/media\/8401"}],"wp:attachment":[{"href":"https:\/\/long-join.com\/pt\/wp-json\/wp\/v2\/media?parent=8396"}],"wp:term":[{"taxonomy":"product_brand","embeddable":true,"href":"https:\/\/long-join.com\/pt\/wp-json\/wp\/v2\/product_brand?post=8396"},{"taxonomy":"product_cat","embeddable":true,"href":"https:\/\/long-join.com\/pt\/wp-json\/wp\/v2\/product_cat?post=8396"},{"taxonomy":"product_tag","embeddable":true,"href":"https:\/\/long-join.com\/pt\/wp-json\/wp\/v2\/product_tag?post=8396"}],"curies":[{"name":"wp","href":"https:\/\/api.w.org\/{rel}","templated":true}]}}