{"id":8387,"date":"2024-06-28T16:15:25","date_gmt":"2024-06-28T08:15:25","guid":{"rendered":"https:\/\/long-join.com\/?post_type=product&#038;p=8387"},"modified":"2024-07-30T16:53:11","modified_gmt":"2024-07-30T08:53:11","slug":"120-277vac-um-controle-fotografico-serie-204c","status":"publish","type":"product","link":"https:\/\/long-join.com\/pt\/product\/120-277vac-um-series-204c-photo-control\/","title":{"rendered":"Controle fotogr\u00e1fico 120-277VAC S\u00e9rie UM 204C"},"content":{"rendered":"<blockquote><p>A s\u00e9rie UM 204C \u00e9 usada da mesma forma que o JL-207C com propriedades comuns, o que inclui a mesma voltagem de 120-277 VCA e faixas de voltagem aplic\u00e1veis de 105-305 VCA. A chave para importantes recursos de propriedade eletr\u00f4nica \u00e9 a resist\u00eancia \u00e0 \u00e1gua IP54, IP65 e IP67. Assim como o UM-204C com outras condi\u00e7\u00f5es de trabalho b\u00e1sicas muito semelhantes aos par\u00e2metros de trabalho do JL-207C.<\/p><\/blockquote>\n<blockquote><p>Quais diferen\u00e7as apontam neste UM-204C e JL-207C?<\/p><\/blockquote>\n<ul>\n<li>aqui est\u00e1 o modo de trabalho deste produto da s\u00e9rie UM: Modo Fail-Off<\/li>\n<li>Prote\u00e7\u00e3o contra surtos (MOV): 12, 15 e 23, mas nada a oferecer. 25 de JL-207 \u00e9 igual a 546J\/13000A<\/li>\n<li>Carga nominal: 500 W Tungst\u00eanio, 850 VA Reator 5 A e-Ballast<\/li>\n<li>N\u00edveis de opera\u00e7\u00e3o: 10-20 lux ligado 3; 30-80 lux desligado<\/li>\n<li>Consumo de energia: 3W@120V<\/li>\n<\/ul>\n<ul>\n<li>aqui oferecemos controle de fotos da s\u00e9rie UM: UM-205C, UM-240 e UM-208<\/li>\n<li>Tipo de produto UM-208: tampa de curto-circuito da fotoc\u00e9lula<\/li>\n<li>Tipo de produto UM-240: recept\u00e1culo NEMA 7 PIN com bitola de fio 16<\/li>\n<li>Tipo de produto UM-205C: IP65 UM-205C controle de foto com trava girat\u00f3ria<\/li>\n<\/ul>","protected":false},"excerpt":{"rendered":"<p>1. Modelo do produto: UM-204C<br \/>\n2. Tens\u00e3o nominal: 120-277 VAC<br \/>\n3. N\u00edvel de lux ligado\/desligado: 10-20 Lx ligado; 30-80 Lx desligado<br \/>\n5. Certificado Padr\u00e3o de Conformidade: nenhum<\/p>","protected":false},"featured_media":8391,"template":"","meta":{"_acf_changed":false,"_seopress_robots_primary_cat":"none","_seopress_titles_title":"","_seopress_titles_desc":"","_seopress_robots_index":""},"product_brand":[],"product_cat":[28,55],"product_tag":[],"class_list":{"0":"post-8387","1":"product","2":"type-product","3":"status-publish","4":"has-post-thumbnail","6":"product_cat-our-product","7":"product_cat-twist-lock-photocontrollers","9":"first","10":"instock","11":"shipping-taxable","12":"product-type-simple"},"acf":[],"_links":{"self":[{"href":"https:\/\/long-join.com\/pt\/wp-json\/wp\/v2\/product\/8387","targetHints":{"allow":["GET"]}}],"collection":[{"href":"https:\/\/long-join.com\/pt\/wp-json\/wp\/v2\/product"}],"about":[{"href":"https:\/\/long-join.com\/pt\/wp-json\/wp\/v2\/types\/product"}],"version-history":[{"count":1,"href":"https:\/\/long-join.com\/pt\/wp-json\/wp\/v2\/product\/8387\/revisions"}],"predecessor-version":[{"id":8813,"href":"https:\/\/long-join.com\/pt\/wp-json\/wp\/v2\/product\/8387\/revisions\/8813"}],"wp:featuredmedia":[{"embeddable":true,"href":"https:\/\/long-join.com\/pt\/wp-json\/wp\/v2\/media\/8391"}],"wp:attachment":[{"href":"https:\/\/long-join.com\/pt\/wp-json\/wp\/v2\/media?parent=8387"}],"wp:term":[{"taxonomy":"product_brand","embeddable":true,"href":"https:\/\/long-join.com\/pt\/wp-json\/wp\/v2\/product_brand?post=8387"},{"taxonomy":"product_cat","embeddable":true,"href":"https:\/\/long-join.com\/pt\/wp-json\/wp\/v2\/product_cat?post=8387"},{"taxonomy":"product_tag","embeddable":true,"href":"https:\/\/long-join.com\/pt\/wp-json\/wp\/v2\/product_tag?post=8387"}],"curies":[{"name":"wp","href":"https:\/\/api.w.org\/{rel}","templated":true}]}}