{"id":7649,"date":"2024-05-15T18:39:44","date_gmt":"2024-05-15T10:39:44","guid":{"rendered":"https:\/\/long-join.com\/?post_type=product&#038;p=7649"},"modified":"2026-02-05T18:21:36","modified_gmt":"2026-02-05T10:21:36","slug":"conector-longo-nema-ansi-c136-41-de-7-pinos-para-modulo-de-protecao-contra-surtos-jl-250f","status":"publish","type":"product","link":"https:\/\/long-join.com\/pt\/product\/long-join-nema-ansi-c136-41-7-pin-receptacle-fit-jl-250f-surge-protection-module\/","title":{"rendered":"M\u00f3dulo de prote\u00e7\u00e3o contra surtos JL-250F com encaixe de tomada de 7 pinos NEMA\/ANSI C136.41 de jun\u00e7\u00e3o longa"},"content":{"rendered":"<blockquote><p>The JL-250GXA twist locking photocontroller socket is designed for outdoor fixtures to accept rotary locking photo controllers for control of LED fixtures. It provides four gold-plated curved contact tabs on the top surface to fit the spring contacts (ANSIC13641) of the rotary-locking photocontroller, and four signal wires on the back. In particular, the ground terminal in the center of the receptacle provides common mode surge protection with <a href=\"https:\/\/long-join.com\/pt\/product\/ansic136-41-dispositivo-de-protecao-contra-surtos-tipo-nema-spd\/\" target=\"_blank\" rel=\"nofollow noopener\">a s\u00e9rie JL-250F**C*<\/a>. Este produto atende aos requisitos dos padr\u00f5es ANSIC136.10, ANSIC136.41 e ANSI\/UL773 para fotocontroladores plug-in twist-lock para uso em ilumina\u00e7\u00e3o de \u00e1rea.<\/p><\/blockquote>\n<blockquote><p>Caracter\u00edsticas<\/p><\/blockquote>\n<blockquote><p>1-Corpo em polibutileno tereftalato (PBT) Contatos em bronze fosforoso.<\/p><\/blockquote>\n<blockquote><p>2-Terminal de aterramento central, aqui deve ser compat\u00edvel com a s\u00e9rie JL-250F**C* para obter prote\u00e7\u00e3o contra surtos de modo comum.<\/p><\/blockquote>\n<blockquote><p>3- Pode ser afrouxado ap\u00f3s o parafuso para encontrar o norte, para facilitar a instala\u00e7\u00e3o do controlador de luz (instala\u00e7\u00e3o do padr\u00e3o apontando para o norte) para evitar o decl\u00ednio dos componentes fotossens\u00edveis do controlador de luz para estender a vida \u00fatil.<\/p><\/blockquote>\n<blockquote><p>4-Fornecer junta de silicone \u00e0 prova d&#039;\u00e1gua.<\/p><\/blockquote>","protected":false},"excerpt":{"rendered":"<p>1. Modelo do produto: JL-250G<br \/>\n2. Tens\u00e3o nominal: 0-480 VCA<br \/>\n3. Carregamento de sinal opcional: 0-30 VCC, 1500 mA m\u00e1x.<br \/>\n4. Medidor de cabos: #14,,#16<br \/>\n5. Material: PBT<br \/>\n6. Padr\u00e3o compat\u00edvel: ANSI C136.10, CE, ROHS, UL<\/p>","protected":false},"featured_media":7657,"template":"","meta":{"_acf_changed":false,"_seopress_robots_primary_cat":"none","_seopress_titles_title":"","_seopress_titles_desc":"","_seopress_robots_index":""},"product_brand":[],"product_cat":[56,31,28],"product_tag":[],"class_list":{"0":"post-7649","1":"product","2":"type-product","3":"status-publish","4":"has-post-thumbnail","6":"product_cat-nema-7-pin-receptacle","7":"product_cat-nema-standard-connector","8":"product_cat-our-product","10":"first","11":"instock","12":"shipping-taxable","13":"product-type-simple"},"acf":[],"_links":{"self":[{"href":"https:\/\/long-join.com\/pt\/wp-json\/wp\/v2\/product\/7649","targetHints":{"allow":["GET"]}}],"collection":[{"href":"https:\/\/long-join.com\/pt\/wp-json\/wp\/v2\/product"}],"about":[{"href":"https:\/\/long-join.com\/pt\/wp-json\/wp\/v2\/types\/product"}],"version-history":[{"count":1,"href":"https:\/\/long-join.com\/pt\/wp-json\/wp\/v2\/product\/7649\/revisions"}],"predecessor-version":[{"id":17163,"href":"https:\/\/long-join.com\/pt\/wp-json\/wp\/v2\/product\/7649\/revisions\/17163"}],"wp:featuredmedia":[{"embeddable":true,"href":"https:\/\/long-join.com\/pt\/wp-json\/wp\/v2\/media\/7657"}],"wp:attachment":[{"href":"https:\/\/long-join.com\/pt\/wp-json\/wp\/v2\/media?parent=7649"}],"wp:term":[{"taxonomy":"product_brand","embeddable":true,"href":"https:\/\/long-join.com\/pt\/wp-json\/wp\/v2\/product_brand?post=7649"},{"taxonomy":"product_cat","embeddable":true,"href":"https:\/\/long-join.com\/pt\/wp-json\/wp\/v2\/product_cat?post=7649"},{"taxonomy":"product_tag","embeddable":true,"href":"https:\/\/long-join.com\/pt\/wp-json\/wp\/v2\/product_tag?post=7649"}],"curies":[{"name":"wp","href":"https:\/\/api.w.org\/{rel}","templated":true}]}}