{"id":7305,"date":"2024-04-30T17:56:47","date_gmt":"2024-04-30T09:56:47","guid":{"rendered":"https:\/\/long-join.com\/?post_type=product&#038;p=7305"},"modified":"2024-05-16T13:46:59","modified_gmt":"2024-05-16T05:46:59","slug":"ansic136-41-dispositivo-de-protecao-contra-surtos-tipo-nema-spd","status":"publish","type":"product","link":"https:\/\/long-join.com\/pt\/product\/ansic136-41-nema-type-surge-protective-device-spd\/","title":{"rendered":"ANSIC136.41 \/ Dispositivo de prote\u00e7\u00e3o contra surtos (SPD) tipo NEMA"},"content":{"rendered":"<blockquote><p>Por que desenvolvemos um m\u00f3dulo de prote\u00e7\u00e3o contra surtos? Este recept\u00e1culo JL-250F com um dispositivo de prote\u00e7\u00e3o contra surtos \u00e9 ideal para sistemas de tr\u00e1fego urbano, munic\u00edpios e servi\u00e7os p\u00fablicos, prevenindo sobrecargas de tens\u00e3o ou corrente em caso de raios repentinos ou problemas relacionados \u00e0 energia em ambientes adversos. Al\u00e9m disso, voc\u00ea pode substituir o controle de luz a qualquer momento, especialmente em postes de luz, que s\u00e3o necess\u00e1rios para manuten\u00e7\u00e3o durante todo o ano. O produto possui modo diferencial de surto + prote\u00e7\u00e3o de modo comum de surto integrados, o que melhora significativamente a capacidade de opera\u00e7\u00e3o do controlador de luz em ambientes com interfer\u00eancia eletromagn\u00e9tica complexa.<\/p><\/blockquote>\n<blockquote><p>Recurso<\/p><\/blockquote>\n<blockquote><p>1-apenas tens\u00e3o de opera\u00e7\u00e3o, par\u00e2metro de tens\u00e3o de trabalho do m\u00f3dulo SPD pode ser alterado;<\/p><\/blockquote>\n<blockquote><p>2-este m\u00f3dulo SPD est\u00e1 localizado em posi\u00e7\u00f5es diferentes. este m\u00f3dulo acima da base NEMA e abaixo do controlador de luz com 120-277 VCA;<\/p><\/blockquote>\n<blockquote><p>M\u00f3dulo de prote\u00e7\u00e3o contra surtos similar ao concorrente de 3 contrastes, nossas perspectivas de estrutura de design de m\u00f3dulo SPD combinam design de aperto de m\u00e3o mec\u00e2nico humano, rota\u00e7\u00e3o mais conveniente e seu espa\u00e7o interno configura um design de furo de corrente de aterramento central seguro e confi\u00e1vel para garantir ao controlador de luz um trabalho mais seguro e est\u00e1vel, evitando danos diretos efetivos de condi\u00e7\u00f5es clim\u00e1ticas rigorosas externas do dispositivo de ilumina\u00e7\u00e3o.<\/p><\/blockquote>\n<blockquote><p>M\u00f3dulo de surto de 4 vias de encaixe r\u00e1pido a qualquer momento.<\/p><\/blockquote>\n<blockquote><p>5-pode ser conectado pelo terminal de aterramento central: <a href=\"https:\/\/long-join.com\/pt\/product\/conector-longo-nema-ansi-c136-41-de-7-pinos-para-modulo-de-protecao-contra-surtos-jl-250f\/\" target=\"_blank\" rel=\"nofollow noopener\">Tomada JL-250G 0-480V<\/a><\/p><\/blockquote>","protected":false},"excerpt":{"rendered":"<p>1. Tens\u00e3o de prote\u00e7\u00e3o contra surtos: 10-20 kV<br \/>\n2. 5kA ou 10kA em corrente de descarga nominal<br \/>\n3. Corrente de surto: 5KA, 10KA, 20KA<br \/>\n4. Tens\u00e3o de trabalho: 120-277 VCA<br \/>\n5. Recept\u00e1culo de 7 pinos com design de furo central de aterramento<br \/>\n6. Supress\u00e3o de corrente de fuga (GDT)<br \/>\n7. Este produto do tipo SPD \u00e9 um m\u00f3dulo de interface de fixa\u00e7\u00e3o de tens\u00e3o definida (limitador de tens\u00e3o)<br \/>\n8. Certificado: ANSI C136.41, UL773, RoHS, marca\u00e7\u00e3o, marca\u00e7\u00e3o, UKCA<\/p>","protected":false},"featured_media":7309,"template":"","meta":{"_acf_changed":false,"_seopress_robots_primary_cat":"none","_seopress_titles_title":"","_seopress_titles_desc":"","_seopress_robots_index":""},"product_brand":[],"product_cat":[56,31,28],"product_tag":[],"class_list":{"0":"post-7305","1":"product","2":"type-product","3":"status-publish","4":"has-post-thumbnail","6":"product_cat-nema-7-pin-receptacle","7":"product_cat-nema-standard-connector","8":"product_cat-our-product","10":"first","11":"instock","12":"shipping-taxable","13":"product-type-simple"},"acf":[],"_links":{"self":[{"href":"https:\/\/long-join.com\/pt\/wp-json\/wp\/v2\/product\/7305","targetHints":{"allow":["GET"]}}],"collection":[{"href":"https:\/\/long-join.com\/pt\/wp-json\/wp\/v2\/product"}],"about":[{"href":"https:\/\/long-join.com\/pt\/wp-json\/wp\/v2\/types\/product"}],"version-history":[{"count":0,"href":"https:\/\/long-join.com\/pt\/wp-json\/wp\/v2\/product\/7305\/revisions"}],"wp:featuredmedia":[{"embeddable":true,"href":"https:\/\/long-join.com\/pt\/wp-json\/wp\/v2\/media\/7309"}],"wp:attachment":[{"href":"https:\/\/long-join.com\/pt\/wp-json\/wp\/v2\/media?parent=7305"}],"wp:term":[{"taxonomy":"product_brand","embeddable":true,"href":"https:\/\/long-join.com\/pt\/wp-json\/wp\/v2\/product_brand?post=7305"},{"taxonomy":"product_cat","embeddable":true,"href":"https:\/\/long-join.com\/pt\/wp-json\/wp\/v2\/product_cat?post=7305"},{"taxonomy":"product_tag","embeddable":true,"href":"https:\/\/long-join.com\/pt\/wp-json\/wp\/v2\/product_tag?post=7305"}],"curies":[{"name":"wp","href":"https:\/\/api.w.org\/{rel}","templated":true}]}}