{"id":5912,"date":"2024-03-08T18:33:19","date_gmt":"2024-03-08T10:33:19","guid":{"rendered":"https:\/\/long-join.com\/?post_type=product&#038;p=5912"},"modified":"2024-03-19T16:38:55","modified_gmt":"2024-03-19T08:38:55","slug":"venda-por-atacado-receptaculo-de-fotocontrole-ansi-c136-41-5-pinos-jl-240sxb","status":"publish","type":"product","link":"https:\/\/long-join.com\/pt\/product\/wholesale-sale-ansi-c136-41-5-pin-photocontrol-receptacle-jl-240sxb\/","title":{"rendered":"Venda por atacado ANSI C136.41 5 PIN Fotocontrole Recept\u00e1culo JL-240SXB"},"content":{"rendered":"<blockquote><p>O JL-240SXB \u00e9 um recept\u00e1culo NEMA compacto com veda\u00e7\u00e3o de borracha \u00e0 prova d&#039;\u00e1gua.<\/p><\/blockquote>\n<blockquote><p>Embora compartilhe semelhan\u00e7as com o recept\u00e1culo padr\u00e3o JL-240XB, como tamanho de di\u00e2metro comum e 5 pinos de ping, e bitola de fio #16AWG ou 14AWG, e seu recept\u00e1culo traseiro com 5 fios e marcas de cores diferentes (vermelho, preto, rosa e violeta).<\/p><\/blockquote>\n<blockquote><p>Este recept\u00e1culo tem um local significativamente diferente. Por exemplo, h\u00e1 uma estrutura de recurso que inclui um anel de borracha de silicone compacto e design ultrafino, e o mesmo tamb\u00e9m \u00e9 o terminal traseiro inferior.<\/p><\/blockquote>\n<blockquote><p>Para facilitar a coloca\u00e7\u00e3o em lumin\u00e1rias e permitir um uso mais eficiente do espa\u00e7o dentro delas.<\/p><\/blockquote>\n<blockquote><p>Recurso<\/p><\/blockquote>\n<blockquote><p>* Esta base de recept\u00e1culo tipo JL-240SXB atende a v\u00e1rias certifica\u00e7\u00f5es, como CB, CE, RoHS e UL.<\/p><\/blockquote>\n<blockquote><p>* \u00e9 importante fazer melhor as montagens de cabos de fia\u00e7\u00e3o hermeticamente estanques e fazer prensa-cabos \u00e0 prova d&#039;\u00e1gua.<\/p><\/blockquote>\n<blockquote><p>* Terminal traseiro inferior com design de corpo curto para lumin\u00e1rias em espa\u00e7os estreitos.<\/p><\/blockquote>","protected":false},"excerpt":{"rendered":"<p>1. Modelo do produto: JL-240SXB<br \/>\n2. Tens\u00e3o nominal: 0-480 VCA<br \/>\n3. Material: PBT ou PC e adicionar estabilizador UV<br \/>\n4. Medidor de cabos: #14, #16<br \/>\n5. Padr\u00e3o compat\u00edvel: ANSI C136.41, CE, ROHS, UL<\/p>","protected":false},"featured_media":5920,"template":"","meta":{"_acf_changed":false,"_seopress_robots_primary_cat":"none","_seopress_titles_title":"","_seopress_titles_desc":"","_seopress_robots_index":""},"product_brand":[],"product_cat":[57,31,28],"product_tag":[],"class_list":{"0":"post-5912","1":"product","2":"type-product","3":"status-publish","4":"has-post-thumbnail","6":"product_cat-nema-5-pin-receptacle","7":"product_cat-nema-standard-connector","8":"product_cat-our-product","10":"first","11":"instock","12":"shipping-taxable","13":"product-type-simple"},"acf":[],"_links":{"self":[{"href":"https:\/\/long-join.com\/pt\/wp-json\/wp\/v2\/product\/5912","targetHints":{"allow":["GET"]}}],"collection":[{"href":"https:\/\/long-join.com\/pt\/wp-json\/wp\/v2\/product"}],"about":[{"href":"https:\/\/long-join.com\/pt\/wp-json\/wp\/v2\/types\/product"}],"version-history":[{"count":1,"href":"https:\/\/long-join.com\/pt\/wp-json\/wp\/v2\/product\/5912\/revisions"}],"predecessor-version":[{"id":6186,"href":"https:\/\/long-join.com\/pt\/wp-json\/wp\/v2\/product\/5912\/revisions\/6186"}],"wp:featuredmedia":[{"embeddable":true,"href":"https:\/\/long-join.com\/pt\/wp-json\/wp\/v2\/media\/5920"}],"wp:attachment":[{"href":"https:\/\/long-join.com\/pt\/wp-json\/wp\/v2\/media?parent=5912"}],"wp:term":[{"taxonomy":"product_brand","embeddable":true,"href":"https:\/\/long-join.com\/pt\/wp-json\/wp\/v2\/product_brand?post=5912"},{"taxonomy":"product_cat","embeddable":true,"href":"https:\/\/long-join.com\/pt\/wp-json\/wp\/v2\/product_cat?post=5912"},{"taxonomy":"product_tag","embeddable":true,"href":"https:\/\/long-join.com\/pt\/wp-json\/wp\/v2\/product_tag?post=5912"}],"curies":[{"name":"wp","href":"https:\/\/api.w.org\/{rel}","templated":true}]}}