{"id":4502,"date":"2023-12-13T14:13:39","date_gmt":"2023-12-13T06:13:39","guid":{"rendered":"https:\/\/long-join.com\/?post_type=product&#038;p=4502"},"modified":"2023-12-13T14:19:09","modified_gmt":"2023-12-13T06:19:09","slug":"fotocelula-estilo-botao-listada-ul773a-277vac","status":"publish","type":"product","link":"https:\/\/long-join.com\/pt\/product\/ul773a-listed-button-style-photocell-277vac\/","title":{"rendered":"Fotoc\u00e9lula estilo bot\u00e3o listada pela UL773A 277 VCA"},"content":{"rendered":"<blockquote><p>O interruptor fotoel\u00e9trico s\u00e9rie JL-423 \u00e9 aplic\u00e1vel para controlar a ilumina\u00e7\u00e3o p\u00fablica, ilumina\u00e7\u00e3o de passagem e ilumina\u00e7\u00e3o de porta automaticamente de acordo com o n\u00edvel de ilumina\u00e7\u00e3o ambiente.<\/p><\/blockquote>\n<p><strong>Recurso<\/strong><\/p>\n<ol>\n<li>Atraso de tempo de 3 a 10 s.<\/li>\n<li>O JL-423C fornece uma ampla faixa de voltagem: 90-305 V, ou conforme solicita\u00e7\u00e3o do cliente.<\/li>\n<li>Consumo de energia: 0,5 W m\u00e1x.\/li&gt;<\/li>\n<li>Modos de falha ativada\/desativada dispon\u00edveis<\/li>\n<\/ol>","protected":false},"excerpt":{"rendered":"<p>1. Modelo do produto: JL-423C<br \/>\n2. Tens\u00e3o nominal: 120-277 VCA<br \/>\n3. N\u00edvel de lux ligado\/desligado: 16 Lx ligado; 24 Lx desligado<br \/>\n4. Classifica\u00e7\u00e3o IP: IP65<br \/>\n5. Padr\u00e3o de conformidade: CE, ROHS, UL<\/p>","protected":false},"featured_media":4511,"template":"","meta":{"_acf_changed":false,"_seopress_robots_primary_cat":"none","_seopress_titles_title":"","_seopress_titles_desc":"","_seopress_robots_index":""},"product_brand":[],"product_cat":[62,28,30],"product_tag":[],"class_list":{"0":"post-4502","1":"product","2":"type-product","3":"status-publish","4":"has-post-thumbnail","6":"product_cat-button-photocell","7":"product_cat-our-product","8":"product_cat-wire-in-controllers","10":"first","11":"instock","12":"shipping-taxable","13":"product-type-simple"},"acf":[],"_links":{"self":[{"href":"https:\/\/long-join.com\/pt\/wp-json\/wp\/v2\/product\/4502","targetHints":{"allow":["GET"]}}],"collection":[{"href":"https:\/\/long-join.com\/pt\/wp-json\/wp\/v2\/product"}],"about":[{"href":"https:\/\/long-join.com\/pt\/wp-json\/wp\/v2\/types\/product"}],"version-history":[{"count":0,"href":"https:\/\/long-join.com\/pt\/wp-json\/wp\/v2\/product\/4502\/revisions"}],"wp:featuredmedia":[{"embeddable":true,"href":"https:\/\/long-join.com\/pt\/wp-json\/wp\/v2\/media\/4511"}],"wp:attachment":[{"href":"https:\/\/long-join.com\/pt\/wp-json\/wp\/v2\/media?parent=4502"}],"wp:term":[{"taxonomy":"product_brand","embeddable":true,"href":"https:\/\/long-join.com\/pt\/wp-json\/wp\/v2\/product_brand?post=4502"},{"taxonomy":"product_cat","embeddable":true,"href":"https:\/\/long-join.com\/pt\/wp-json\/wp\/v2\/product_cat?post=4502"},{"taxonomy":"product_tag","embeddable":true,"href":"https:\/\/long-join.com\/pt\/wp-json\/wp\/v2\/product_tag?post=4502"}],"curies":[{"name":"wp","href":"https:\/\/api.w.org\/{rel}","templated":true}]}}