{"id":4494,"date":"2023-12-12T17:46:22","date_gmt":"2023-12-12T09:46:22","guid":{"rendered":"https:\/\/long-join.com\/?post_type=product&#038;p=4494"},"modified":"2023-12-12T17:46:22","modified_gmt":"2023-12-12T09:46:22","slug":"fotocelula-de-montagem-giratoria-com-1800-watts","status":"publish","type":"product","link":"https:\/\/long-join.com\/pt\/product\/swivel-mount-photocell-with-1800-wattt\/","title":{"rendered":"Fotoc\u00e9lula de montagem girat\u00f3ria com 1800 Watts"},"content":{"rendered":"<p>A fotoc\u00e9lula de montagem girat\u00f3ria s\u00e9rie JL-424 \u00e9 aplic\u00e1vel para controlar a ilumina\u00e7\u00e3o de passagem e de porta automaticamente de acordo com o n\u00edvel de ilumina\u00e7\u00e3o ambiente.<\/p>\n<blockquote><p>Caracter\u00edstica<\/p><\/blockquote>\n<ol>\n<li>ap\u00f3s a instala\u00e7\u00e3o, voc\u00ea pode fazer o ajuste direcion\u00e1vel de 180 graus na horizontal<\/li>\n<li>Controlador de entrada direta e multitens\u00e3o dispon\u00edvel UL773A<\/li>\n<li>Rosca de parafuso (NPT 1\/2\u2033); Porca de liga de zinco;<\/li>\n<li>Atraso de tempo 20~120s<\/li>\n<\/ol>","protected":false},"excerpt":{"rendered":"<p>1. Modelo do produto: JL-424C<br \/>\n2. Tens\u00e3o nominal: 120-277 VAC<br \/>\n3. N\u00edvel de lux ligado\/desligado: 16 Lx ligado; 24 Lx desligado<br \/>\n4. Classifica\u00e7\u00e3o IP: IP65\/IP54<br \/>\n5. Padr\u00e3o de conformidade: CE, ROHS, UL<\/p>","protected":false},"featured_media":4500,"template":"","meta":{"_acf_changed":false,"_seopress_robots_primary_cat":"","_seopress_titles_title":"","_seopress_titles_desc":"","_seopress_robots_index":""},"product_brand":[],"product_cat":[28,63,30],"product_tag":[],"class_list":{"0":"post-4494","1":"product","2":"type-product","3":"status-publish","4":"has-post-thumbnail","6":"product_cat-our-product","7":"product_cat-swivel-stem-control","8":"product_cat-wire-in-controllers","10":"first","11":"instock","12":"shipping-taxable","13":"product-type-simple"},"acf":[],"_links":{"self":[{"href":"https:\/\/long-join.com\/pt\/wp-json\/wp\/v2\/product\/4494","targetHints":{"allow":["GET"]}}],"collection":[{"href":"https:\/\/long-join.com\/pt\/wp-json\/wp\/v2\/product"}],"about":[{"href":"https:\/\/long-join.com\/pt\/wp-json\/wp\/v2\/types\/product"}],"version-history":[{"count":0,"href":"https:\/\/long-join.com\/pt\/wp-json\/wp\/v2\/product\/4494\/revisions"}],"wp:featuredmedia":[{"embeddable":true,"href":"https:\/\/long-join.com\/pt\/wp-json\/wp\/v2\/media\/4500"}],"wp:attachment":[{"href":"https:\/\/long-join.com\/pt\/wp-json\/wp\/v2\/media?parent=4494"}],"wp:term":[{"taxonomy":"product_brand","embeddable":true,"href":"https:\/\/long-join.com\/pt\/wp-json\/wp\/v2\/product_brand?post=4494"},{"taxonomy":"product_cat","embeddable":true,"href":"https:\/\/long-join.com\/pt\/wp-json\/wp\/v2\/product_cat?post=4494"},{"taxonomy":"product_tag","embeddable":true,"href":"https:\/\/long-join.com\/pt\/wp-json\/wp\/v2\/product_tag?post=4494"}],"curies":[{"name":"wp","href":"https:\/\/api.w.org\/{rel}","templated":true}]}}