{"id":4458,"date":"2023-12-08T20:21:52","date_gmt":"2023-12-08T12:21:52","guid":{"rendered":"https:\/\/long-join.com\/?post_type=product&#038;p=4458"},"modified":"2023-12-08T20:34:44","modified_gmt":"2023-12-08T12:34:44","slug":"fotocelula-giratoria-jl-404c-de-juncao-longa-listada-pela-ul-120-277v","status":"publish","type":"product","link":"https:\/\/long-join.com\/pt\/product\/ul-listed-long-join-120-277v-swivel-photocell-jl-404c\/","title":{"rendered":"Fotoc\u00e9lula girat\u00f3ria de jun\u00e7\u00e3o longa 120-277 V listada pela UL JL-404C"},"content":{"rendered":"<p>O interruptor fotoc\u00e9lula JL-404C \u00e9 aplic\u00e1vel para controlar a ilumina\u00e7\u00e3o de passagem e a ilumina\u00e7\u00e3o de porta automaticamente de acordo com o n\u00edvel de ilumina\u00e7\u00e3o ambiente.<\/p>\n<blockquote><p>Caracter\u00edstica<\/p><\/blockquote>\n<ol>\n<li>ajuste de dire\u00e7\u00e3o de 180 graus e carga nominal de 500 W de tungst\u00eanio<\/li>\n<li>UL listado e JL-404C fornece ampla tens\u00e3o<\/li>\n<li>Rosca de parafuso (NPT 1\/2\u2033) e porca de liga de zinco;<\/li>\n<li>Modo de falha: falha<\/li>\n<li>Atraso de tempo 3~10s<\/li>\n<\/ol>","protected":false},"excerpt":{"rendered":"<p>1. Modelo do produto: JL-404C<br \/>\n2. Tens\u00e3o nominal: 120-277 VAC<br \/>\n3. N\u00edvel de lux ligado\/desligado: 10-20 Lx ligado; 30-80 Lx desligado<br \/>\n4. Classifica\u00e7\u00e3o IP: IP54<br \/>\n5. Padr\u00e3o de conformidade: CE, ROHS, UL<\/p>","protected":false},"featured_media":4469,"template":"","meta":{"_acf_changed":false,"_seopress_robots_primary_cat":"none","_seopress_titles_title":"","_seopress_titles_desc":"","_seopress_robots_index":""},"product_brand":[],"product_cat":[28,63,30],"product_tag":[],"class_list":{"0":"post-4458","1":"product","2":"type-product","3":"status-publish","4":"has-post-thumbnail","6":"product_cat-our-product","7":"product_cat-swivel-stem-control","8":"product_cat-wire-in-controllers","10":"first","11":"instock","12":"shipping-taxable","13":"product-type-simple"},"acf":[],"_links":{"self":[{"href":"https:\/\/long-join.com\/pt\/wp-json\/wp\/v2\/product\/4458","targetHints":{"allow":["GET"]}}],"collection":[{"href":"https:\/\/long-join.com\/pt\/wp-json\/wp\/v2\/product"}],"about":[{"href":"https:\/\/long-join.com\/pt\/wp-json\/wp\/v2\/types\/product"}],"version-history":[{"count":0,"href":"https:\/\/long-join.com\/pt\/wp-json\/wp\/v2\/product\/4458\/revisions"}],"wp:featuredmedia":[{"embeddable":true,"href":"https:\/\/long-join.com\/pt\/wp-json\/wp\/v2\/media\/4469"}],"wp:attachment":[{"href":"https:\/\/long-join.com\/pt\/wp-json\/wp\/v2\/media?parent=4458"}],"wp:term":[{"taxonomy":"product_brand","embeddable":true,"href":"https:\/\/long-join.com\/pt\/wp-json\/wp\/v2\/product_brand?post=4458"},{"taxonomy":"product_cat","embeddable":true,"href":"https:\/\/long-join.com\/pt\/wp-json\/wp\/v2\/product_cat?post=4458"},{"taxonomy":"product_tag","embeddable":true,"href":"https:\/\/long-join.com\/pt\/wp-json\/wp\/v2\/product_tag?post=4458"}],"curies":[{"name":"wp","href":"https:\/\/api.w.org\/{rel}","templated":true}]}}