{"id":4376,"date":"2023-12-06T18:32:59","date_gmt":"2023-12-06T10:32:59","guid":{"rendered":"https:\/\/long-join.com\/?post_type=product&#038;p=4376"},"modified":"2023-12-12T17:49:42","modified_gmt":"2023-12-12T09:49:42","slug":"fotocelula-de-botao-mini-403c-120-277-vca-de-longa-duracao","status":"publish","type":"product","link":"https:\/\/long-join.com\/pt\/product\/403c-mini-button-photocell-120-277vac-long-join-brand\/","title":{"rendered":"Fotoc\u00e9lula de bot\u00e3o mini 403C 120-277 VCA de jun\u00e7\u00e3o longa"},"content":{"rendered":"<blockquote><p>O interruptor fotoel\u00e9trico JL-403 \u00e9 aplic\u00e1vel para controlar a ilumina\u00e7\u00e3o p\u00fablica, ilumina\u00e7\u00e3o de passagem e ilumina\u00e7\u00e3o de porta automaticamente de acordo com o n\u00edvel de ilumina\u00e7\u00e3o ambiente.<\/p><\/blockquote>\n<p><strong>Recurso<\/strong><\/p>\n<ol>\n<li>Atraso de tempo de 3 a 10 s.<\/li>\n<li>O JL-403C fornece uma ampla voltagem, ou conforme solicita\u00e7\u00e3o do cliente.<\/li>\n<li>Um atraso de tempo predefinido de 3 a 10 segundos pode evitar opera\u00e7\u00e3o incorreta devido a holofotes ou rel\u00e2mpagos durante a noite.<\/li>\n<li>Norma compat\u00edvel para interruptores fotoel\u00e9tricos n\u00e3o industriais para controle de ilumina\u00e7\u00e3o UL773A.<\/li>\n<\/ol>","protected":false},"excerpt":{"rendered":"<p>1. Modelo do produto: JL-403C<br \/>\n2. Tens\u00e3o nominal: 120-277 VAC<br \/>\n3. N\u00edvel de lux ligado\/desligado: 6 Lx ligado; 50 Lx desligado<br \/>\n4. Classifica\u00e7\u00e3o IP: IP54<br \/>\n5. Padr\u00e3o de conformidade: CE, ROHS, UL<\/p>","protected":false},"featured_media":4384,"template":"","meta":{"_acf_changed":false,"_seopress_robots_primary_cat":"none","_seopress_titles_title":"","_seopress_titles_desc":"","_seopress_robots_index":""},"product_brand":[],"product_cat":[62,28,30],"product_tag":[],"class_list":{"0":"post-4376","1":"product","2":"type-product","3":"status-publish","4":"has-post-thumbnail","6":"product_cat-button-photocell","7":"product_cat-our-product","8":"product_cat-wire-in-controllers","10":"first","11":"instock","12":"shipping-taxable","13":"product-type-simple"},"acf":[],"_links":{"self":[{"href":"https:\/\/long-join.com\/pt\/wp-json\/wp\/v2\/product\/4376","targetHints":{"allow":["GET"]}}],"collection":[{"href":"https:\/\/long-join.com\/pt\/wp-json\/wp\/v2\/product"}],"about":[{"href":"https:\/\/long-join.com\/pt\/wp-json\/wp\/v2\/types\/product"}],"version-history":[{"count":0,"href":"https:\/\/long-join.com\/pt\/wp-json\/wp\/v2\/product\/4376\/revisions"}],"wp:featuredmedia":[{"embeddable":true,"href":"https:\/\/long-join.com\/pt\/wp-json\/wp\/v2\/media\/4384"}],"wp:attachment":[{"href":"https:\/\/long-join.com\/pt\/wp-json\/wp\/v2\/media?parent=4376"}],"wp:term":[{"taxonomy":"product_brand","embeddable":true,"href":"https:\/\/long-join.com\/pt\/wp-json\/wp\/v2\/product_brand?post=4376"},{"taxonomy":"product_cat","embeddable":true,"href":"https:\/\/long-join.com\/pt\/wp-json\/wp\/v2\/product_cat?post=4376"},{"taxonomy":"product_tag","embeddable":true,"href":"https:\/\/long-join.com\/pt\/wp-json\/wp\/v2\/product_tag?post=4376"}],"curies":[{"name":"wp","href":"https:\/\/api.w.org\/{rel}","templated":true}]}}