{"id":4116,"date":"2023-12-01T18:36:58","date_gmt":"2023-12-01T10:36:58","guid":{"rendered":"https:\/\/long-join.com\/?post_type=product&#038;p=4116"},"modified":"2023-12-07T18:00:28","modified_gmt":"2023-12-07T10:00:28","slug":"fotocelula-tipo-botao-jl-103a-120-vca","status":"publish","type":"product","link":"https:\/\/long-join.com\/pt\/product\/jl-103a-button-type-photocell-120vac\/","title":{"rendered":"JL-103A Fotoc\u00e9lula tipo bot\u00e3o 120VAC"},"content":{"rendered":"<blockquote><p>O fotocontrole JL-103 \u00e9 aplic\u00e1vel para controlar a ilumina\u00e7\u00e3o de passagem e de porta automaticamente de acordo com o n\u00edvel de ilumina\u00e7\u00e3o ambiente.<\/p><\/blockquote>\n<blockquote><p>esta fotoc\u00e9lula de bot\u00e3o \u00e9 adequada para esp\u00e9cies de lumin\u00e1rias, incluindo luzes de paisagem, holofotes de jardim, holofotes de LED, luz de montagem em parede de LED e luzes de celeiro de LED, etc.<\/p><\/blockquote>\n<blockquote><p>Nossos clientes de pa\u00edses \u00e1rabes t\u00eam uma prefer\u00eancia particular por controles de ilumina\u00e7\u00e3o do tipo bot\u00e3o com painel de alum\u00ednio, como os modelos JL-103AW e JL103A com acess\u00f3rios de painel de alum\u00ednio. Atendendo \u00e0s demandas espec\u00edficas do mercado consumidor, os clientes tamb\u00e9m podem optar pelo painel modelo 86 (quadrado), uma caracter\u00edstica de demanda distinta observada entre os clientes da Ar\u00e1bia Saudita.<\/p><\/blockquote>","protected":false},"excerpt":{"rendered":"<p>1. Modelo do produto: JL-103A<br \/>\n2. Tens\u00e3o nominal: 120 VCA<br \/>\n3. N\u00edvel de lux ligado\/desligado: 10-20 Lx ligado; 30-60 Lx desligado<br \/>\n4. Classifica\u00e7\u00e3o IP: IP54<br \/>\n5. Padr\u00e3o de conformidade: CE, ROHS, UL<\/p>","protected":false},"featured_media":4119,"template":"","meta":{"_acf_changed":false,"_seopress_robots_primary_cat":"none","_seopress_titles_title":"","_seopress_titles_desc":"","_seopress_robots_index":""},"product_brand":[],"product_cat":[62,28,30],"product_tag":[],"class_list":{"0":"post-4116","1":"product","2":"type-product","3":"status-publish","4":"has-post-thumbnail","6":"product_cat-button-photocell","7":"product_cat-our-product","8":"product_cat-wire-in-controllers","10":"first","11":"instock","12":"shipping-taxable","13":"product-type-simple"},"acf":[],"_links":{"self":[{"href":"https:\/\/long-join.com\/pt\/wp-json\/wp\/v2\/product\/4116","targetHints":{"allow":["GET"]}}],"collection":[{"href":"https:\/\/long-join.com\/pt\/wp-json\/wp\/v2\/product"}],"about":[{"href":"https:\/\/long-join.com\/pt\/wp-json\/wp\/v2\/types\/product"}],"version-history":[{"count":0,"href":"https:\/\/long-join.com\/pt\/wp-json\/wp\/v2\/product\/4116\/revisions"}],"wp:featuredmedia":[{"embeddable":true,"href":"https:\/\/long-join.com\/pt\/wp-json\/wp\/v2\/media\/4119"}],"wp:attachment":[{"href":"https:\/\/long-join.com\/pt\/wp-json\/wp\/v2\/media?parent=4116"}],"wp:term":[{"taxonomy":"product_brand","embeddable":true,"href":"https:\/\/long-join.com\/pt\/wp-json\/wp\/v2\/product_brand?post=4116"},{"taxonomy":"product_cat","embeddable":true,"href":"https:\/\/long-join.com\/pt\/wp-json\/wp\/v2\/product_cat?post=4116"},{"taxonomy":"product_tag","embeddable":true,"href":"https:\/\/long-join.com\/pt\/wp-json\/wp\/v2\/product_tag?post=4116"}],"curies":[{"name":"wp","href":"https:\/\/api.w.org\/{rel}","templated":true}]}}