{"id":4107,"date":"2023-12-01T18:00:22","date_gmt":"2023-12-01T10:00:22","guid":{"rendered":"https:\/\/long-join.com\/?post_type=product&#038;p=4107"},"modified":"2024-12-19T15:16:15","modified_gmt":"2024-12-19T07:16:15","slug":"controlador-de-luz-inteligente-sem-fio-zigbee-interruptor-de-controle-de-foto-jl-245cz","status":"publish","type":"product","link":"https:\/\/long-join.com\/pt\/product\/zigbee-wireless-intelligent-light-controller-switch-photo-control-jl-245cz\/","title":{"rendered":"Controlador de luz inteligente sem fio Zigbee com controle de foto JL-245CZ"},"content":{"rendered":"<blockquote><p><a href=\"https:\/\/long-join.com\/pt\/product\/controlador-de-iluminacao-publica-inteligente-sem-fio-jl-246cg-master-zigbee-120-277-vca\/\" rel=\"sponsored nofollow \">JL-246CG<\/a> O controlador sem fio ZigBee \u00e9 um controlador mestre com conex\u00e3o sem fio para baixo, controlador multiponto JL-245CZ. Al\u00e9m da fun\u00e7\u00e3o de transmiss\u00e3o de dados, ele se conecta automaticamente ao servi\u00e7o de terminal remoto em nuvem por meio de v\u00e1rias comunica\u00e7\u00f5es LTE Cat1 ou suporta 2G\/3G\/4G\/NB-IOT\/LoRa\/Sigfox. Al\u00e9m disso, este controlador possui fun\u00e7\u00e3o estrat\u00e9gica de controle que liga e desliga a ilumina\u00e7\u00e3o automaticamente do anoitecer ao amanhecer. Dicas: Modo de controle de ilumina\u00e7\u00e3o local: O controlador de ilumina\u00e7\u00e3o pode funcionar automaticamente de acordo com as condi\u00e7\u00f5es de lux da ilumina\u00e7\u00e3o externa.<\/p>\n<p><img fetchpriority=\"high\" decoding=\"async\" class=\"wp-image-10412 size-full\" src=\"http:\/\/long-join.com\/wp-content\/uploads\/2024\/12\/246CG_04.jpg\" alt=\"Controlador mestre inteligente 246CG_04\" width=\"750\" height=\"963\" srcset=\"https:\/\/long-join.com\/wp-content\/uploads\/2024\/12\/246CG_04.jpg 750w, https:\/\/long-join.com\/wp-content\/uploads\/2024\/12\/246CG_04-234x300.jpg 234w, https:\/\/long-join.com\/wp-content\/uploads\/2024\/12\/246CG_04-600x770.jpg 600w\" sizes=\"(max-width: 750px) 100vw, 750px\" \/><\/p><\/blockquote>\n<blockquote><p>*As s\u00e9ries JL-245 e JL-246 de controladores de ilumina\u00e7\u00e3o inteligentes podem ser aplicadas em aplica\u00e7\u00f5es de controle \u00fanico ou em sistemas de controle de cidades inteligentes, como estradas, exposi\u00e7\u00f5es, escolas, shoppings, supermercados, f\u00e1bricas, parques e assim por diante. Esses modos de controlador podem operar como controles de l\u00e2mpadas independentes com estrat\u00e9gias locais. Nosso controlador JL-245CZ possui comunica\u00e7\u00e3o sem fio ZigBee, transmiss\u00e3o de dados e dimeriza\u00e7\u00e3o de 0-10 V.<\/p><\/blockquote>\n<blockquote><p>No aspecto de comunica\u00e7\u00e3o IoT, \u00e9 um dos sistemas de ilumina\u00e7\u00e3o inteligente UM9000 e carrega dados (fonte de dados de: dispositivo de lumin\u00e1ria, acionamento de LED e monitor de exibi\u00e7\u00e3o de LED, ilumina\u00e7\u00e3o de alarme e sinal de ve\u00edculo de transporte, etc.) para o controlador mestre. <a href=\"https:\/\/long-join.com\/pt\/product\/controlador-de-iluminacao-publica-inteligente-sem-fio-jl-246cg-master-zigbee-120-277-vca\/\" target=\"_blank\" rel=\"nofollow noopener\">JL-246CG<\/a>. Voc\u00ea pode se informar sobre este tipo de controlador, se ele suporta conex\u00e3o com o sistema de controlador de gerenciamento local. D\u00ea-me algumas dicas: controle padr\u00e3o com comunica\u00e7\u00e3o sem fio, que conecta o n\u00f3 ao sistema de gerenciamento de cidades inteligentes locais, mas voc\u00ea, por meio da equipe t\u00e9cnica de long-join, escreve o documento do protocolo UART e o transfere para voc\u00ea.<\/p><\/blockquote>\n<blockquote><p>*Sistema de rede de gerenciamento de IoT UM9000 (WAN): M JL-245C e um JL-246CW ou JL-246CG para compor uma rede Zigbee de controle de luz, depois use N *Rede Zigbee para compor uma rede maior.<\/p><\/blockquote>\n<blockquote><p>Observa\u00e7\u00f5es:<\/p>\n<blockquote><p>1\u3001 M \u00e9 a quantidade de controlador \u00fanico, recomendado\u226450<\/p><\/blockquote>\n<blockquote><p>2\u3001 M*JL-245C + 1*JL-246 formam uma rede ZigBee<\/p><\/blockquote>\n<blockquote><p>3\u3001 N \u00e9 a quantidade de rede ZigBee<\/p><\/blockquote>\n<\/blockquote>\n<blockquote><p><strong>Caracter\u00edsticas do JL-246CZ<\/strong><\/p><\/blockquote>\n<blockquote><p>* Tecnologia de rede ad hoc zigbee, e esta rede sem fio pode suportar <strong>malha<\/strong> recurso de rede e funciona em faixas de frequ\u00eancia livres de 2,4 GHz (global), 868 MHz (europeu) e 915 MHz (americano).<\/p><\/blockquote>\n<blockquote><p>* Dist\u00e2ncia de comunica\u00e7\u00e3o zigbee: \u22641000m<\/p><\/blockquote>\n<blockquote><p>* Altitude: \u22644000m<\/p><\/blockquote>\n<blockquote><p>* Tampa sandu\u00edche para Long Life, este formato com PC duplo<\/p><\/blockquote>\n<blockquote><p>* N\u00edvel de prote\u00e7\u00e3o contra surtos: modo diferencial 6KV\/3KA<\/p><\/blockquote>\n<p><strong>O diagrama de fia\u00e7\u00e3o do controlador NEMA de 7 pinos \u00e9 o seguinte<\/strong><\/p>\n<p><img decoding=\"async\" class=\"wp-image-10460 size-full\" title=\"Controlador sem fio inteligente JL-245CZ016\" src=\"http:\/\/long-join.com\/wp-content\/uploads\/2023\/12\/JL-245CZ016.jpg\" alt=\"Controlador sem fio inteligente JL-245CZ016\" width=\"750\" height=\"613\" srcset=\"https:\/\/long-join.com\/wp-content\/uploads\/2023\/12\/JL-245CZ016.jpg 750w, https:\/\/long-join.com\/wp-content\/uploads\/2023\/12\/JL-245CZ016-300x245.jpg 300w, https:\/\/long-join.com\/wp-content\/uploads\/2023\/12\/JL-245CZ016-600x490.jpg 600w\" sizes=\"(max-width: 750px) 100vw, 750px\" \/><\/p>\n<table style=\"height: 286px;\" border=\"1\" width=\"436\" cellspacing=\"0\" cellpadding=\"0\">\n<tbody>\n<tr>\n<td width=\"101\">Cor<\/td>\n<td width=\"88\">Defini\u00e7\u00e3o de PIN<\/td>\n<\/tr>\n<tr>\n<td>Marrom<\/td>\n<td>Ch\u00e3o<\/td>\n<\/tr>\n<tr>\n<td>Laranja<\/td>\n<td>Escurecimento PWM ou 0-10v<\/td>\n<\/tr>\n<tr>\n<td>Cinza<\/td>\n<td>Terra<\/td>\n<\/tr>\n<tr>\n<td>Roxo<\/td>\n<td>0-10V +<\/td>\n<\/tr>\n<tr>\n<td>Preto<\/td>\n<td>Entrada CA Li<\/td>\n<\/tr>\n<tr>\n<td>Branco<\/td>\n<td>Entrada CA N<\/td>\n<\/tr>\n<tr>\n<td>Vermelho<\/td>\n<td>Entrada CA baixa<\/td>\n<\/tr>\n<\/tbody>\n<\/table>\n<p>&nbsp;<\/p>","protected":false},"excerpt":{"rendered":"<p>1. Modelo do produto: JL-245CZ<br \/>\n2. Classifica\u00e7\u00e3o IP: IP65\/IP67<br \/>\n3. Sem fio: Zigbee<br \/>\n4. Sa\u00edda de escurecimento: 0-10V\/PWM<\/p>","protected":false},"featured_media":4113,"template":"","meta":{"_acf_changed":false,"_seopress_robots_primary_cat":"none","_seopress_titles_title":"","_seopress_titles_desc":"","_seopress_robots_index":""},"product_brand":[],"product_cat":[60,59,55],"product_tag":[],"class_list":{"0":"post-4107","1":"product","2":"type-product","3":"status-publish","4":"has-post-thumbnail","6":"product_cat-dimming-photocontrol","7":"product_cat-smart-photocell-sensor","8":"product_cat-twist-lock-photocontrollers","10":"first","11":"instock","12":"shipping-taxable","13":"product-type-simple"},"acf":[],"_links":{"self":[{"href":"https:\/\/long-join.com\/pt\/wp-json\/wp\/v2\/product\/4107","targetHints":{"allow":["GET"]}}],"collection":[{"href":"https:\/\/long-join.com\/pt\/wp-json\/wp\/v2\/product"}],"about":[{"href":"https:\/\/long-join.com\/pt\/wp-json\/wp\/v2\/types\/product"}],"version-history":[{"count":14,"href":"https:\/\/long-join.com\/pt\/wp-json\/wp\/v2\/product\/4107\/revisions"}],"predecessor-version":[{"id":10500,"href":"https:\/\/long-join.com\/pt\/wp-json\/wp\/v2\/product\/4107\/revisions\/10500"}],"wp:featuredmedia":[{"embeddable":true,"href":"https:\/\/long-join.com\/pt\/wp-json\/wp\/v2\/media\/4113"}],"wp:attachment":[{"href":"https:\/\/long-join.com\/pt\/wp-json\/wp\/v2\/media?parent=4107"}],"wp:term":[{"taxonomy":"product_brand","embeddable":true,"href":"https:\/\/long-join.com\/pt\/wp-json\/wp\/v2\/product_brand?post=4107"},{"taxonomy":"product_cat","embeddable":true,"href":"https:\/\/long-join.com\/pt\/wp-json\/wp\/v2\/product_cat?post=4107"},{"taxonomy":"product_tag","embeddable":true,"href":"https:\/\/long-join.com\/pt\/wp-json\/wp\/v2\/product_tag?post=4107"}],"curies":[{"name":"wp","href":"https:\/\/api.w.org\/{rel}","templated":true}]}}