{"id":4097,"date":"2023-12-01T15:59:35","date_gmt":"2023-12-01T07:59:35","guid":{"rendered":"https:\/\/long-join.com\/?post_type=product&#038;p=4097"},"modified":"2025-05-16T17:39:08","modified_gmt":"2025-05-16T09:39:08","slug":"interruptor-de-controle-de-fototermia-serie-jl-202","status":"publish","type":"product","link":"https:\/\/long-join.com\/pt\/product\/thermal-photo-control-switch-jl-202-series\/","title":{"rendered":"Interruptor de controle de fototermia s\u00e9rie JL-202"},"content":{"rendered":"<blockquote><p>O fotocontrolador s\u00e9rie JL-202 \u00e9 aplic\u00e1vel para controlar a ilumina\u00e7\u00e3o p\u00fablica, ilumina\u00e7\u00e3o de jardim, ilumina\u00e7\u00e3o de passagem e ilumina\u00e7\u00e3o de porta automaticamente de acordo com o n\u00edvel de ilumina\u00e7\u00e3o natural do ambiente.<\/p><\/blockquote>\n<blockquote><p><strong>Recurso<\/strong><\/p><\/blockquote>\n<blockquote><p>1. Princ\u00edpio de funcionamento do controle bimet\u00e1lico com detec\u00e7\u00e3o t\u00e9rmica.<\/p><\/blockquote>\n<blockquote><p>2. Atraso de tempo de mais de 30 segundos para evitar opera\u00e7\u00e3o incorreta devido a holofotes ou rel\u00e2mpagos durante a noite.<\/p><\/blockquote>\n<blockquote><p>3. Este produto fornece tr\u00eas terminais de trava girat\u00f3ria que atendem aos requisitos da ANSI C136.10-1996 e do Padr\u00e3o para Fotocontroles Plug-In de Trava para Uso com Ilumina\u00e7\u00e3o de \u00c1rea UL773.<\/p><\/blockquote>","protected":false},"excerpt":{"rendered":"<p>1. Modelo do produto: JL-202A<br \/>\n2. Tens\u00e3o nominal: 120 VCA<br \/>\n3. N\u00edvel de lux ligado\/desligado: 10~20Lx ligado\/30~60Lx desligado<br \/>\n4. Prote\u00e7\u00e3o contra surtos: op\u00e7\u00e3o<br \/>\n5. Padr\u00e3o de conformidade: CE, ROHS, UL<\/p>","protected":false},"featured_media":4101,"template":"","meta":{"_acf_changed":false,"_seopress_robots_primary_cat":"none","_seopress_titles_title":"","_seopress_titles_desc":"","_seopress_robots_index":""},"product_brand":[],"product_cat":[28,55],"product_tag":[],"class_list":{"0":"post-4097","1":"product","2":"type-product","3":"status-publish","4":"has-post-thumbnail","6":"product_cat-our-product","7":"product_cat-twist-lock-photocontrollers","9":"first","10":"instock","11":"shipping-taxable","12":"product-type-simple"},"acf":[],"_links":{"self":[{"href":"https:\/\/long-join.com\/pt\/wp-json\/wp\/v2\/product\/4097","targetHints":{"allow":["GET"]}}],"collection":[{"href":"https:\/\/long-join.com\/pt\/wp-json\/wp\/v2\/product"}],"about":[{"href":"https:\/\/long-join.com\/pt\/wp-json\/wp\/v2\/types\/product"}],"version-history":[{"count":2,"href":"https:\/\/long-join.com\/pt\/wp-json\/wp\/v2\/product\/4097\/revisions"}],"predecessor-version":[{"id":13251,"href":"https:\/\/long-join.com\/pt\/wp-json\/wp\/v2\/product\/4097\/revisions\/13251"}],"wp:featuredmedia":[{"embeddable":true,"href":"https:\/\/long-join.com\/pt\/wp-json\/wp\/v2\/media\/4101"}],"wp:attachment":[{"href":"https:\/\/long-join.com\/pt\/wp-json\/wp\/v2\/media?parent=4097"}],"wp:term":[{"taxonomy":"product_brand","embeddable":true,"href":"https:\/\/long-join.com\/pt\/wp-json\/wp\/v2\/product_brand?post=4097"},{"taxonomy":"product_cat","embeddable":true,"href":"https:\/\/long-join.com\/pt\/wp-json\/wp\/v2\/product_cat?post=4097"},{"taxonomy":"product_tag","embeddable":true,"href":"https:\/\/long-join.com\/pt\/wp-json\/wp\/v2\/product_tag?post=4097"}],"curies":[{"name":"wp","href":"https:\/\/api.w.org\/{rel}","templated":true}]}}