{"id":4088,"date":"2023-12-01T15:08:24","date_gmt":"2023-12-01T07:08:24","guid":{"rendered":"https:\/\/long-join.com\/?post_type=product&#038;p=4088"},"modified":"2024-06-28T16:41:26","modified_gmt":"2024-06-28T08:41:26","slug":"jl-205cjl-200z-14-kits-de-receptaculo-de-fotocontrolador-de-interruptor-de-sensor","status":"publish","type":"product","link":"https:\/\/long-join.com\/pt\/product\/jl-205cjl-200z-14-sensor-switch-photocontroller-receptacle-kits\/","title":{"rendered":"Kits de recept\u00e1culos para fotocontroladores de interruptores de sensor JL-205C e JL-200Z-14"},"content":{"rendered":"<blockquote><p>O recept\u00e1culo de fotocontrole com tampa traseira de material de PC \u00e9 adequado para ilumina\u00e7\u00e3o de lumin\u00e1rias. Al\u00e9m disso, o recept\u00e1culo de 3 pinos do tipo de montagem externa \u00e9 frequentemente considerado em termos de seu impacto na est\u00e9tica do corpo da lumin\u00e1ria e no efeito de dissipa\u00e7\u00e3o de calor dos componentes embutidos na cavidade da luz.<\/p><\/blockquote>\n<blockquote><p>* Voc\u00ea pode escolher o controlador de 3 pinos com trava girat\u00f3ria: JL-205C 120-277 VCA, al\u00e9m do controlador de baixa tens\u00e3o JL-205-12D\/24D (12 V\/24 V).<\/p><\/blockquote>\n<blockquote><p>* S\u00e9rie de controle de luz de ampla voltagem opcional: JL-205B (220-240 VCA), JL-205C (110-277 VCA), JL-205A (110-120 VCA).<\/p><\/blockquote>","protected":false},"excerpt":{"rendered":"<p>1. Modelo do produto: JL-205C&amp;JL-200Z-14<br \/>\n2. Tens\u00e3o nominal: 110-277 VAC<br \/>\n3. N\u00edvel de lux ligado\/desligado: 10~20Lx ligado\/30~60Lx desligado<br \/>\n4. Padr\u00e3o de conformidade: CE, ROHS, UL<\/p>","protected":false},"featured_media":4094,"template":"","meta":{"_acf_changed":false,"_seopress_robots_primary_cat":"none","_seopress_titles_title":"","_seopress_titles_desc":"","_seopress_robots_index":""},"product_brand":[],"product_cat":[28,55],"product_tag":[],"class_list":{"0":"post-4088","1":"product","2":"type-product","3":"status-publish","4":"has-post-thumbnail","6":"product_cat-our-product","7":"product_cat-twist-lock-photocontrollers","9":"first","10":"instock","11":"shipping-taxable","12":"product-type-simple"},"acf":[],"_links":{"self":[{"href":"https:\/\/long-join.com\/pt\/wp-json\/wp\/v2\/product\/4088","targetHints":{"allow":["GET"]}}],"collection":[{"href":"https:\/\/long-join.com\/pt\/wp-json\/wp\/v2\/product"}],"about":[{"href":"https:\/\/long-join.com\/pt\/wp-json\/wp\/v2\/types\/product"}],"version-history":[{"count":0,"href":"https:\/\/long-join.com\/pt\/wp-json\/wp\/v2\/product\/4088\/revisions"}],"wp:featuredmedia":[{"embeddable":true,"href":"https:\/\/long-join.com\/pt\/wp-json\/wp\/v2\/media\/4094"}],"wp:attachment":[{"href":"https:\/\/long-join.com\/pt\/wp-json\/wp\/v2\/media?parent=4088"}],"wp:term":[{"taxonomy":"product_brand","embeddable":true,"href":"https:\/\/long-join.com\/pt\/wp-json\/wp\/v2\/product_brand?post=4088"},{"taxonomy":"product_cat","embeddable":true,"href":"https:\/\/long-join.com\/pt\/wp-json\/wp\/v2\/product_cat?post=4088"},{"taxonomy":"product_tag","embeddable":true,"href":"https:\/\/long-join.com\/pt\/wp-json\/wp\/v2\/product_tag?post=4088"}],"curies":[{"name":"wp","href":"https:\/\/api.w.org\/{rel}","templated":true}]}}