{"id":3650,"date":"2023-11-23T17:04:46","date_gmt":"2023-11-23T09:04:46","guid":{"rendered":"https:\/\/long-join.com\/?post_type=product&#038;p=3650"},"modified":"2023-11-23T17:04:46","modified_gmt":"2023-11-23T09:04:46","slug":"controlador-de-iluminacao-publica-jl-217c-long-join","status":"publish","type":"product","link":"https:\/\/long-join.com\/pt\/product\/street-light-photo-controller-jl-217c-long-join\/","title":{"rendered":"Controlador de ilumina\u00e7\u00e3o p\u00fablica JL-217C de jun\u00e7\u00e3o longa"},"content":{"rendered":"<blockquote><p>A s\u00e9rie de fotocontrole JL-217 \u00e9 aplic\u00e1vel para controlar a ilumina\u00e7\u00e3o p\u00fablica, ilumina\u00e7\u00e3o de jardim, ilumina\u00e7\u00e3o de passagem e ilumina\u00e7\u00e3o de porta automaticamente de acordo com o n\u00edvel de ilumina\u00e7\u00e3o natural do ambiente, onde for necess\u00e1rio um recurso de maior prote\u00e7\u00e3o contra raios.<\/p><\/blockquote>\n<blockquote><p>Este produto foi projetado com circuitos de microprocessador com fototransistor filtrado por infravermelho e um para-raios (MOV) \u00e9 fornecido.<\/p><\/blockquote>\n<blockquote><p>Sua vers\u00e3o HP proporciona confiabilidade constante, pois o rel\u00e9 tem vida \u00fatil suficiente para mais de 10.000 ciclos e oferece vida \u00fatil extra longa quando uma op\u00e7\u00e3o de tampa tipo sandu\u00edche tamb\u00e9m \u00e9 aplicada.<\/p><\/blockquote>\n<blockquote><p>Suporta FCC Classe A \/ Classe C <\/p><\/blockquote>","protected":false},"excerpt":{"rendered":"<p>1. Modelo do produto: JL-217C<br \/>\n2. Tens\u00e3o nominal: 120-277 VCA<br \/>\n3. N\u00edvel de lux ligado\/desligado: 16 Lx ligado; 24 Lx desligado<br \/>\n4. Classifica\u00e7\u00e3o IP: IP54, IP65, IP67<br \/>\n5. Padr\u00e3o de conformidade: CE, ROHS, UL<\/p>","protected":false},"featured_media":3654,"template":"","meta":{"_acf_changed":false,"_seopress_robots_primary_cat":"","_seopress_titles_title":"","_seopress_titles_desc":"","_seopress_robots_index":""},"product_brand":[],"product_cat":[28,55],"product_tag":[],"class_list":{"0":"post-3650","1":"product","2":"type-product","3":"status-publish","4":"has-post-thumbnail","6":"product_cat-our-product","7":"product_cat-twist-lock-photocontrollers","9":"first","10":"instock","11":"shipping-taxable","12":"product-type-simple"},"acf":[],"_links":{"self":[{"href":"https:\/\/long-join.com\/pt\/wp-json\/wp\/v2\/product\/3650","targetHints":{"allow":["GET"]}}],"collection":[{"href":"https:\/\/long-join.com\/pt\/wp-json\/wp\/v2\/product"}],"about":[{"href":"https:\/\/long-join.com\/pt\/wp-json\/wp\/v2\/types\/product"}],"version-history":[{"count":0,"href":"https:\/\/long-join.com\/pt\/wp-json\/wp\/v2\/product\/3650\/revisions"}],"wp:featuredmedia":[{"embeddable":true,"href":"https:\/\/long-join.com\/pt\/wp-json\/wp\/v2\/media\/3654"}],"wp:attachment":[{"href":"https:\/\/long-join.com\/pt\/wp-json\/wp\/v2\/media?parent=3650"}],"wp:term":[{"taxonomy":"product_brand","embeddable":true,"href":"https:\/\/long-join.com\/pt\/wp-json\/wp\/v2\/product_brand?post=3650"},{"taxonomy":"product_cat","embeddable":true,"href":"https:\/\/long-join.com\/pt\/wp-json\/wp\/v2\/product_cat?post=3650"},{"taxonomy":"product_tag","embeddable":true,"href":"https:\/\/long-join.com\/pt\/wp-json\/wp\/v2\/product_tag?post=3650"}],"curies":[{"name":"wp","href":"https:\/\/api.w.org\/{rel}","templated":true}]}}