{"id":3635,"date":"2023-11-23T16:00:32","date_gmt":"2023-11-23T08:00:32","guid":{"rendered":"https:\/\/long-join.com\/?post_type=product&#038;p=3635"},"modified":"2023-11-23T16:14:01","modified_gmt":"2023-11-23T08:14:01","slug":"controle-de-foto-com-trava-giratoria-do-anoitecer-ao-amanhecer-120-277-vca-juncao-longa","status":"publish","type":"product","link":"https:\/\/long-join.com\/pt\/product\/dusk-to-dawn-twist-lock-photo-control-120-277vac-long-join\/","title":{"rendered":"Controle de foto com trava girat\u00f3ria do crep\u00fasculo ao amanhecer 120-277 VCA de jun\u00e7\u00e3o longa"},"content":{"rendered":"<blockquote><p>A s\u00e9rie de fotocontrole de escurecimento JL-251\/252\/253 \u00e9 aplic\u00e1vel para controlar a ilumina\u00e7\u00e3o p\u00fablica LED regul\u00e1vel (DAli Dimming) automaticamente de acordo com o n\u00edvel de ilumina\u00e7\u00e3o natural do ambiente.<\/p><\/blockquote>\n<blockquote><p>Este produto foi projetado com circuitos de microprocessador com fototransistor filtrado por IR.<\/p><\/blockquote>\n<blockquote><p>Supressor de surtos MOV 40kA integrado para proteger a l\u00e2mpada contra surtos repentinos de corrente e impulsos de raios.<\/p><\/blockquote>\n<blockquote><p>este recept\u00e1culo de controlador de luz da s\u00e9rie 25 de 7 pinos \u00e9 compat\u00edvel com a interface exigida pela ANSI C136.41 e tamb\u00e9m inclui o certificado de uso seguro UL773.<\/p><\/blockquote>","protected":false},"excerpt":{"rendered":"<p>1. Modelo do produto: s\u00e9rie JL-25<br \/>\n2. Tens\u00e3o nominal: 120-277 VAC<br \/>\n3. Ligar \/ desligar Lux Leve: ligar\uff1c100Lx, desligar\uff1e100Lx<br \/>\n4. Atraso de tempo: 5 segundos<br \/>\n5. Classifica\u00e7\u00e3o IP: IP65, IP67<br \/>\n6. Padr\u00e3o de conformidade: CE, ROHS, UL<\/p>","protected":false},"featured_media":3644,"template":"","meta":{"_acf_changed":false,"_seopress_robots_primary_cat":"none","_seopress_titles_title":"","_seopress_titles_desc":"","_seopress_robots_index":""},"product_brand":[],"product_cat":[60,28,55],"product_tag":[],"class_list":{"0":"post-3635","1":"product","2":"type-product","3":"status-publish","4":"has-post-thumbnail","6":"product_cat-dimming-photocontrol","7":"product_cat-our-product","8":"product_cat-twist-lock-photocontrollers","10":"first","11":"instock","12":"shipping-taxable","13":"product-type-simple"},"acf":[],"_links":{"self":[{"href":"https:\/\/long-join.com\/pt\/wp-json\/wp\/v2\/product\/3635","targetHints":{"allow":["GET"]}}],"collection":[{"href":"https:\/\/long-join.com\/pt\/wp-json\/wp\/v2\/product"}],"about":[{"href":"https:\/\/long-join.com\/pt\/wp-json\/wp\/v2\/types\/product"}],"version-history":[{"count":0,"href":"https:\/\/long-join.com\/pt\/wp-json\/wp\/v2\/product\/3635\/revisions"}],"wp:featuredmedia":[{"embeddable":true,"href":"https:\/\/long-join.com\/pt\/wp-json\/wp\/v2\/media\/3644"}],"wp:attachment":[{"href":"https:\/\/long-join.com\/pt\/wp-json\/wp\/v2\/media?parent=3635"}],"wp:term":[{"taxonomy":"product_brand","embeddable":true,"href":"https:\/\/long-join.com\/pt\/wp-json\/wp\/v2\/product_brand?post=3635"},{"taxonomy":"product_cat","embeddable":true,"href":"https:\/\/long-join.com\/pt\/wp-json\/wp\/v2\/product_cat?post=3635"},{"taxonomy":"product_tag","embeddable":true,"href":"https:\/\/long-join.com\/pt\/wp-json\/wp\/v2\/product_tag?post=3635"}],"curies":[{"name":"wp","href":"https:\/\/api.w.org\/{rel}","templated":true}]}}