{"id":3621,"date":"2023-11-23T14:22:18","date_gmt":"2023-11-23T06:22:18","guid":{"rendered":"https:\/\/long-join.com\/?post_type=product&#038;p=3621"},"modified":"2023-11-23T16:03:48","modified_gmt":"2023-11-23T08:03:48","slug":"long-join-nema-7-pinos-phocontrol110-277vac-0-10v-dimerizacao","status":"publish","type":"product","link":"https:\/\/long-join.com\/pt\/product\/long-join-nema-7-pin-phocontrol110-277vac-0-10v-dimming\/","title":{"rendered":"Phocontrol NEMA de jun\u00e7\u00e3o longa de 7 pinos 120-277 VCA 0-10 V dimeriza\u00e7\u00e3o"},"content":{"rendered":"<blockquote><p>A s\u00e9rie de fotocontrole de escurecimento JL-241\/242\/243 \u00e9 aplic\u00e1vel para controlar a ilumina\u00e7\u00e3o p\u00fablica LED regul\u00e1vel (0~10V) automaticamente de acordo com o n\u00edvel de ilumina\u00e7\u00e3o natural do ambiente.<\/p><\/blockquote>\n<blockquote><p>Este produto foi projetado com circuitos de microprocessador com fototransistor filtrado por IR.<\/p><\/blockquote>\n<blockquote><p>N\u00edvel de prote\u00e7\u00e3o contra surtos: modo diferencial de 6 kV\/3 kA. Um para-raios de alta resist\u00eancia (MOV) \u00e9 fornecido para proteger a l\u00e2mpada contra correntes de pico, bem como contra impulsos de raios.<\/p><\/blockquote>\n<blockquote><p>Este produto fornece terminais de trava girat\u00f3ria que atendem aos requisitos da ANSI C136.41 e tamb\u00e9m s\u00e3o listados pela UL sob o Padr\u00e3o para Fotocontroles de Plug-In e Trava para Uso com Ilumina\u00e7\u00e3o de \u00c1rea ANSI\/UL773.<\/p><\/blockquote>","protected":false},"excerpt":{"rendered":"<p>1. Modelo do produto: S\u00e9rie JL-24<br \/>\n2. Tens\u00e3o nominal: 120-277 VAC<br \/>\n3. N\u00edvel de lux ligado\/desligado: ligar\uff1c100Lx\uff0cdesligar\uff1e100Lx<br \/>\n4. Classifica\u00e7\u00e3o IP: IP65, IP67<br \/>\n5. Padr\u00e3o de conformidade: CE, ROHS, UL<\/p>","protected":false},"featured_media":3629,"template":"","meta":{"_acf_changed":false,"_seopress_robots_primary_cat":"none","_seopress_titles_title":"","_seopress_titles_desc":"","_seopress_robots_index":""},"product_brand":[],"product_cat":[60,28,55],"product_tag":[],"class_list":{"0":"post-3621","1":"product","2":"type-product","3":"status-publish","4":"has-post-thumbnail","6":"product_cat-dimming-photocontrol","7":"product_cat-our-product","8":"product_cat-twist-lock-photocontrollers","10":"first","11":"instock","12":"shipping-taxable","13":"product-type-simple"},"acf":[],"_links":{"self":[{"href":"https:\/\/long-join.com\/pt\/wp-json\/wp\/v2\/product\/3621","targetHints":{"allow":["GET"]}}],"collection":[{"href":"https:\/\/long-join.com\/pt\/wp-json\/wp\/v2\/product"}],"about":[{"href":"https:\/\/long-join.com\/pt\/wp-json\/wp\/v2\/types\/product"}],"version-history":[{"count":0,"href":"https:\/\/long-join.com\/pt\/wp-json\/wp\/v2\/product\/3621\/revisions"}],"wp:featuredmedia":[{"embeddable":true,"href":"https:\/\/long-join.com\/pt\/wp-json\/wp\/v2\/media\/3629"}],"wp:attachment":[{"href":"https:\/\/long-join.com\/pt\/wp-json\/wp\/v2\/media?parent=3621"}],"wp:term":[{"taxonomy":"product_brand","embeddable":true,"href":"https:\/\/long-join.com\/pt\/wp-json\/wp\/v2\/product_brand?post=3621"},{"taxonomy":"product_cat","embeddable":true,"href":"https:\/\/long-join.com\/pt\/wp-json\/wp\/v2\/product_cat?post=3621"},{"taxonomy":"product_tag","embeddable":true,"href":"https:\/\/long-join.com\/pt\/wp-json\/wp\/v2\/product_tag?post=3621"}],"curies":[{"name":"wp","href":"https:\/\/api.w.org\/{rel}","templated":true}]}}