{"id":3497,"date":"2023-11-15T15:03:42","date_gmt":"2023-11-15T07:03:42","guid":{"rendered":"https:\/\/long-join.com\/?post_type=product&#038;p=3497"},"modified":"2023-11-23T17:23:44","modified_gmt":"2023-11-23T09:23:44","slug":"long-join-jl-207f-480vac-iluminacao-de-estacionamento-fotocontrole","status":"publish","type":"product","link":"https:\/\/long-join.com\/pt\/product\/long-join-jl-207f-480vac-parking-lot-lighting-photocontrol\/","title":{"rendered":"Fotocontrole de ilumina\u00e7\u00e3o de estacionamento JL-207F 480VAC de jun\u00e7\u00e3o longa"},"content":{"rendered":"<blockquote><p>A s\u00e9rie de fotocontrole JL-207 \u00e9 aplic\u00e1vel para controlar a ilumina\u00e7\u00e3o p\u00fablica, ilumina\u00e7\u00e3o de jardim, ilumina\u00e7\u00e3o de passagem e ilumina\u00e7\u00e3o de porta automaticamente de acordo com o n\u00edvel de ilumina\u00e7\u00e3o natural do ambiente, com um recurso de economia de energia ao amanhecer.<\/p><\/blockquote>\n<blockquote><p>A vers\u00e3o de longa dura\u00e7\u00e3o mant\u00e9m caracter\u00edsticas constantes e confi\u00e1veis. O rel\u00e9 pode ter mais de 10.000 ciclos de vida \u00fatil. A instala\u00e7\u00e3o da capa protetora de camada dupla proporciona uma vida \u00fatil mais longa para o JL-207. A vers\u00e3o de alta pot\u00eancia oferece uma carga mais alta.<\/p><\/blockquote>\n<blockquote><p>*Outras s\u00e9ries de tens\u00e3o ampla: JL-207C (120-277 VCA), JL-207E (347 VCA)<\/p><\/blockquote>\n<blockquote><p>*JL-207 dispon\u00edvel em diferentes modos de trabalho: Fail-On \/ Fail-Off<\/p><\/blockquote>\n<blockquote><p>*Tecnologia Zero-Cross no interior<\/p><\/blockquote>","protected":false},"excerpt":{"rendered":"<p>1. Modelo do produto: JL-207F<br \/>\n2. Tens\u00e3o nominal: 480 VCA<br \/>\n3. N\u00edvel de lux ligado\/desligado: 16 Lx ligado; 24 Lx desligado<br \/>\n4. Classifica\u00e7\u00e3o IP: IP54, IP65, IP67<br \/>\n5. Padr\u00e3o de conformidade: CE, FCC<\/p>","protected":false},"featured_media":3485,"template":"","meta":{"_acf_changed":false,"_seopress_robots_primary_cat":"none","_seopress_titles_title":"","_seopress_titles_desc":"","_seopress_robots_index":""},"product_brand":[],"product_cat":[61,28,55],"product_tag":[],"class_list":{"0":"post-3497","1":"product","2":"type-product","3":"status-publish","4":"has-post-thumbnail","6":"product_cat-jl-207-series-photocontrol","7":"product_cat-our-product","8":"product_cat-twist-lock-photocontrollers","10":"first","11":"instock","12":"shipping-taxable","13":"product-type-simple"},"acf":[],"_links":{"self":[{"href":"https:\/\/long-join.com\/pt\/wp-json\/wp\/v2\/product\/3497","targetHints":{"allow":["GET"]}}],"collection":[{"href":"https:\/\/long-join.com\/pt\/wp-json\/wp\/v2\/product"}],"about":[{"href":"https:\/\/long-join.com\/pt\/wp-json\/wp\/v2\/types\/product"}],"version-history":[{"count":0,"href":"https:\/\/long-join.com\/pt\/wp-json\/wp\/v2\/product\/3497\/revisions"}],"wp:featuredmedia":[{"embeddable":true,"href":"https:\/\/long-join.com\/pt\/wp-json\/wp\/v2\/media\/3485"}],"wp:attachment":[{"href":"https:\/\/long-join.com\/pt\/wp-json\/wp\/v2\/media?parent=3497"}],"wp:term":[{"taxonomy":"product_brand","embeddable":true,"href":"https:\/\/long-join.com\/pt\/wp-json\/wp\/v2\/product_brand?post=3497"},{"taxonomy":"product_cat","embeddable":true,"href":"https:\/\/long-join.com\/pt\/wp-json\/wp\/v2\/product_cat?post=3497"},{"taxonomy":"product_tag","embeddable":true,"href":"https:\/\/long-join.com\/pt\/wp-json\/wp\/v2\/product_tag?post=3497"}],"curies":[{"name":"wp","href":"https:\/\/api.w.org\/{rel}","templated":true}]}}