{"id":3392,"date":"2023-11-09T16:15:39","date_gmt":"2023-11-09T08:15:39","guid":{"rendered":"https:\/\/long-join.com\/?post_type=product&#038;p=3392"},"modified":"2023-11-09T16:15:39","modified_gmt":"2023-11-09T08:15:39","slug":"versao-atualizada-jl-230f-16-receptaculo-com-trava-giratoria-de-3-pinos-listado-pela-ul","status":"publish","type":"product","link":"https:\/\/long-join.com\/pt\/product\/upgrade-vesion-jl-230f-16-3-pin-twist-lock-receptacle-ul-listed\/","title":{"rendered":"Vers\u00e3o atualizada JL-230F-16 Tomada com trava girat\u00f3ria de 3 pinos listada pela UL"},"content":{"rendered":"<p>Todos os recept\u00e1culos da s\u00e9rie JL-230 s\u00e3o projetados para serem pr\u00e9-montados em lanternas projetadas para se adaptarem a um fotocontrole com trava girat\u00f3ria ANSI C136.10.<\/p>","protected":false},"excerpt":{"rendered":"<p>1. Modelo do produto: JL-230F<br \/>\n2. Tens\u00e3o nominal: 0-480 VCA<br \/>\n3. Material do soquete: PBT<br \/>\n4. Bitola do fio: #14, #16<br \/>\n5. Padr\u00e3o de conformidade: CE, ROHS, UL<\/p>","protected":false},"featured_media":3396,"template":"","meta":{"_acf_changed":false,"_seopress_robots_primary_cat":"","_seopress_titles_title":"","_seopress_titles_desc":"","_seopress_robots_index":""},"product_brand":[],"product_cat":[58,31,28],"product_tag":[],"class_list":{"0":"post-3392","1":"product","2":"type-product","3":"status-publish","4":"has-post-thumbnail","6":"product_cat-3-pin-receptacle","7":"product_cat-nema-standard-connector","8":"product_cat-our-product","10":"first","11":"instock","12":"shipping-taxable","13":"product-type-simple"},"acf":[],"_links":{"self":[{"href":"https:\/\/long-join.com\/pt\/wp-json\/wp\/v2\/product\/3392","targetHints":{"allow":["GET"]}}],"collection":[{"href":"https:\/\/long-join.com\/pt\/wp-json\/wp\/v2\/product"}],"about":[{"href":"https:\/\/long-join.com\/pt\/wp-json\/wp\/v2\/types\/product"}],"version-history":[{"count":0,"href":"https:\/\/long-join.com\/pt\/wp-json\/wp\/v2\/product\/3392\/revisions"}],"wp:featuredmedia":[{"embeddable":true,"href":"https:\/\/long-join.com\/pt\/wp-json\/wp\/v2\/media\/3396"}],"wp:attachment":[{"href":"https:\/\/long-join.com\/pt\/wp-json\/wp\/v2\/media?parent=3392"}],"wp:term":[{"taxonomy":"product_brand","embeddable":true,"href":"https:\/\/long-join.com\/pt\/wp-json\/wp\/v2\/product_brand?post=3392"},{"taxonomy":"product_cat","embeddable":true,"href":"https:\/\/long-join.com\/pt\/wp-json\/wp\/v2\/product_cat?post=3392"},{"taxonomy":"product_tag","embeddable":true,"href":"https:\/\/long-join.com\/pt\/wp-json\/wp\/v2\/product_tag?post=3392"}],"curies":[{"name":"wp","href":"https:\/\/api.w.org\/{rel}","templated":true}]}}