{"id":3382,"date":"2023-11-09T15:44:27","date_gmt":"2023-11-09T07:44:27","guid":{"rendered":"https:\/\/long-join.com\/?post_type=product&#038;p=3382"},"modified":"2023-11-09T15:44:46","modified_gmt":"2023-11-09T07:44:46","slug":"receptaculo-fotocontrolador-ansi-c136-10-3-pinos-jl-230-versao-rotativa","status":"publish","type":"product","link":"https:\/\/long-join.com\/pt\/product\/ansi-c136-10-3-pin-photocntrol-receptacle-jl-230-rotatable-version\/","title":{"rendered":"Tomada de fotocontrole ANSI C136.10 de 3 pinos JL-230 (vers\u00e3o girat\u00f3ria)"},"content":{"rendered":"<p>Todos os recept\u00e1culos da s\u00e9rie JL-230 s\u00e3o projetados para serem pr\u00e9-montados em lanternas projetadas para se adaptarem a um fotocontrole com trava girat\u00f3ria ANSI C136.10.<\/p>","protected":false},"excerpt":{"rendered":"<p>1. Modelo do produto: JL-230<br \/>\n2. Tens\u00e3o nominal: 0-480 VCA<br \/>\n3. Material do soquete: soquete fen\u00f3lico<br \/>\n4. Bitola do fio: #14, #16<br \/>\n5. Padr\u00e3o de conformidade: CE, ROHS, UL<\/p>","protected":false},"featured_media":3388,"template":"","meta":{"_acf_changed":false,"_seopress_robots_primary_cat":"none","_seopress_titles_title":"","_seopress_titles_desc":"","_seopress_robots_index":""},"product_brand":[],"product_cat":[58,31,28],"product_tag":[],"class_list":{"0":"post-3382","1":"product","2":"type-product","3":"status-publish","4":"has-post-thumbnail","6":"product_cat-3-pin-receptacle","7":"product_cat-nema-standard-connector","8":"product_cat-our-product","10":"first","11":"instock","12":"shipping-taxable","13":"product-type-simple"},"acf":[],"_links":{"self":[{"href":"https:\/\/long-join.com\/pt\/wp-json\/wp\/v2\/product\/3382","targetHints":{"allow":["GET"]}}],"collection":[{"href":"https:\/\/long-join.com\/pt\/wp-json\/wp\/v2\/product"}],"about":[{"href":"https:\/\/long-join.com\/pt\/wp-json\/wp\/v2\/types\/product"}],"version-history":[{"count":0,"href":"https:\/\/long-join.com\/pt\/wp-json\/wp\/v2\/product\/3382\/revisions"}],"wp:featuredmedia":[{"embeddable":true,"href":"https:\/\/long-join.com\/pt\/wp-json\/wp\/v2\/media\/3388"}],"wp:attachment":[{"href":"https:\/\/long-join.com\/pt\/wp-json\/wp\/v2\/media?parent=3382"}],"wp:term":[{"taxonomy":"product_brand","embeddable":true,"href":"https:\/\/long-join.com\/pt\/wp-json\/wp\/v2\/product_brand?post=3382"},{"taxonomy":"product_cat","embeddable":true,"href":"https:\/\/long-join.com\/pt\/wp-json\/wp\/v2\/product_cat?post=3382"},{"taxonomy":"product_tag","embeddable":true,"href":"https:\/\/long-join.com\/pt\/wp-json\/wp\/v2\/product_tag?post=3382"}],"curies":[{"name":"wp","href":"https:\/\/api.w.org\/{rel}","templated":true}]}}