{"id":3346,"date":"2023-11-09T10:39:53","date_gmt":"2023-11-09T02:39:53","guid":{"rendered":"https:\/\/long-join.com\/?post_type=product&#038;p=3346"},"modified":"2023-11-09T15:34:05","modified_gmt":"2023-11-09T07:34:05","slug":"ansi-c136-41-receptaculo-de-dimerizacao-fino-de-7-pinos-tipo-d1-estrutura-integral","status":"publish","type":"product","link":"https:\/\/long-join.com\/pt\/product\/ansi-c136-41-7-pin-slim-dimming-receptacle-d1-type-integral-structure\/","title":{"rendered":"ANSI C136.41 7 PIN Recept\u00e1culo de dimeriza\u00e7\u00e3o fino tipo D1 Estrutura integral"},"content":{"rendered":"<p>Este recept\u00e1culo de fotocontrole da s\u00e9rie JL-260D foi projetado para lanternas destinadas a ter um recept\u00e1culo ANSI C136.10 para encaixar um fotocontrole com trava girat\u00f3ria. Ele est\u00e1 em conformidade com o ANSI C136.41 publicado recentemente para permitir o controle m\u00faltiplo de uma l\u00e2mpada LED atrav\u00e9s do recept\u00e1culo.<\/p>","protected":false},"excerpt":{"rendered":"<p>1. Modelo do produto: JL-260D<br \/>\n2. Tens\u00e3o nominal: 0-480 VCA<br \/>\n3. Classifica\u00e7\u00e3o de inflamabilidade: UL94-0<br \/>\n4. Material: Capa PBT e estabilizador UV<br \/>\n5. Padr\u00e3o compat\u00edvel: ANSI C136.41, CE, ROHS, UL<\/p>","protected":false},"featured_media":3354,"template":"","meta":{"_acf_changed":false,"_seopress_robots_primary_cat":"none","_seopress_titles_title":"","_seopress_titles_desc":"","_seopress_robots_index":""},"product_brand":[],"product_cat":[56,31,28],"product_tag":[],"class_list":{"0":"post-3346","1":"product","2":"type-product","3":"status-publish","4":"has-post-thumbnail","6":"product_cat-nema-7-pin-receptacle","7":"product_cat-nema-standard-connector","8":"product_cat-our-product","10":"first","11":"instock","12":"shipping-taxable","13":"product-type-simple"},"acf":[],"_links":{"self":[{"href":"https:\/\/long-join.com\/pt\/wp-json\/wp\/v2\/product\/3346","targetHints":{"allow":["GET"]}}],"collection":[{"href":"https:\/\/long-join.com\/pt\/wp-json\/wp\/v2\/product"}],"about":[{"href":"https:\/\/long-join.com\/pt\/wp-json\/wp\/v2\/types\/product"}],"version-history":[{"count":0,"href":"https:\/\/long-join.com\/pt\/wp-json\/wp\/v2\/product\/3346\/revisions"}],"wp:featuredmedia":[{"embeddable":true,"href":"https:\/\/long-join.com\/pt\/wp-json\/wp\/v2\/media\/3354"}],"wp:attachment":[{"href":"https:\/\/long-join.com\/pt\/wp-json\/wp\/v2\/media?parent=3346"}],"wp:term":[{"taxonomy":"product_brand","embeddable":true,"href":"https:\/\/long-join.com\/pt\/wp-json\/wp\/v2\/product_brand?post=3346"},{"taxonomy":"product_cat","embeddable":true,"href":"https:\/\/long-join.com\/pt\/wp-json\/wp\/v2\/product_cat?post=3346"},{"taxonomy":"product_tag","embeddable":true,"href":"https:\/\/long-join.com\/pt\/wp-json\/wp\/v2\/product_tag?post=3346"}],"curies":[{"name":"wp","href":"https:\/\/api.w.org\/{rel}","templated":true}]}}