{"id":3333,"date":"2023-11-09T10:13:59","date_gmt":"2023-11-09T02:13:59","guid":{"rendered":"https:\/\/long-join.com\/?post_type=product&#038;p=3333"},"modified":"2026-01-16T13:47:43","modified_gmt":"2026-01-16T05:47:43","slug":"tomada-de-controle-de-intensidade-de-luz-externa-jl-260c","status":"publish","type":"product","link":"https:\/\/long-join.com\/pt\/product\/external-mounting-dimming-phocontrol-receptacle-jl-260c\/","title":{"rendered":"Tomada Phocontrol de dimeriza\u00e7\u00e3o para montagem externa JL-260C"},"content":{"rendered":"<blockquote><p>Em 2019, a Long Join lan\u00e7ou o recept\u00e1culo de controle de ilumina\u00e7\u00e3o externa de alto desempenho JL-260C, projetado para sistemas de controle de ilumina\u00e7\u00e3o externa. Este produto integra uma s\u00e9rie de fun\u00e7\u00f5es avan\u00e7adas, incluindo capacidade de rota\u00e7\u00e3o de 360 graus, alta classifica\u00e7\u00e3o \u00e0 prova d&#039;\u00e1gua e uma base dedicada para ilumina\u00e7\u00e3o inteligente, atendendo \u00e0s diversas necessidades da ilumina\u00e7\u00e3o externa moderna.<\/p>\n<figure id=\"attachment_14184\" aria-describedby=\"caption-attachment-14184\" style=\"width: 1100px\" class=\"wp-caption aligncenter\"><img fetchpriority=\"high\" decoding=\"async\" class=\"wp-image-14184 size-full\" src=\"http:\/\/long-join.com\/wp-content\/uploads\/2023\/11\/JL-260C-nema-receptacle-hoop.jpg\" alt=\"Arco de recept\u00e1culo nema JL-260C\" width=\"1100\" height=\"412\" srcset=\"https:\/\/long-join.com\/wp-content\/uploads\/2023\/11\/JL-260C-nema-receptacle-hoop.jpg 1100w, https:\/\/long-join.com\/wp-content\/uploads\/2023\/11\/JL-260C-nema-receptacle-hoop-300x112.jpg 300w, https:\/\/long-join.com\/wp-content\/uploads\/2023\/11\/JL-260C-nema-receptacle-hoop-1024x384.jpg 1024w, https:\/\/long-join.com\/wp-content\/uploads\/2023\/11\/JL-260C-nema-receptacle-hoop-768x288.jpg 768w, https:\/\/long-join.com\/wp-content\/uploads\/2023\/11\/JL-260C-nema-receptacle-hoop-18x7.jpg 18w, https:\/\/long-join.com\/wp-content\/uploads\/2023\/11\/JL-260C-nema-receptacle-hoop-600x225.jpg 600w\" sizes=\"(max-width: 1100px) 100vw, 1100px\" \/><figcaption id=\"caption-attachment-14184\" class=\"wp-caption-text\">Arco de recept\u00e1culo nema JL-260C<\/figcaption><\/figure><\/blockquote>\n<blockquote><p>\u3010Rota\u00e7\u00e3o limitada de 360 graus\u3011Este design permite que o recept\u00e1culo JL-260C seja ajustado em todas as dire\u00e7\u00f5es ap\u00f3s a instala\u00e7\u00e3o, melhorando significativamente a flexibilidade da instala\u00e7\u00e3o. Independentemente da orienta\u00e7\u00e3o do bra\u00e7o da lumin\u00e1ria, o melhor \u00e2ngulo de instala\u00e7\u00e3o pode ser facilmente encontrado para garantir que a parte fotossens\u00edvel do controlador de luz possa capturar com precis\u00e3o as mudan\u00e7as na luz ambiente.<\/p><\/blockquote>\n<blockquote><p>\u3010Marca de posicionamento apontando para o norte\u3011 De acordo com esta marca, o operador pode ajustar facilmente a dire\u00e7\u00e3o do recept\u00e1culo para garantir que o controlador de luz esteja voltado corretamente para a dire\u00e7\u00e3o da luz solar e detectar completamente se a ilumina\u00e7\u00e3o de l\u00e2mpadas e lanternas est\u00e1 operando com seguran\u00e7a.<\/p>\n<p><img decoding=\"async\" class=\"wp-image-14190 size-full\" src=\"http:\/\/long-join.com\/wp-content\/uploads\/2023\/11\/JL-260C-nema-receptacle.jpg\" alt=\"Recept\u00e1culo nema JL-260C\" width=\"1100\" height=\"412\" srcset=\"https:\/\/long-join.com\/wp-content\/uploads\/2023\/11\/JL-260C-nema-receptacle.jpg 1100w, https:\/\/long-join.com\/wp-content\/uploads\/2023\/11\/JL-260C-nema-receptacle-300x112.jpg 300w, https:\/\/long-join.com\/wp-content\/uploads\/2023\/11\/JL-260C-nema-receptacle-1024x384.jpg 1024w, https:\/\/long-join.com\/wp-content\/uploads\/2023\/11\/JL-260C-nema-receptacle-768x288.jpg 768w, https:\/\/long-join.com\/wp-content\/uploads\/2023\/11\/JL-260C-nema-receptacle-18x7.jpg 18w, https:\/\/long-join.com\/wp-content\/uploads\/2023\/11\/JL-260C-nema-receptacle-600x225.jpg 600w\" sizes=\"(max-width: 1100px) 100vw, 1100px\" \/><\/p><\/blockquote>\n<blockquote><p>\u3010Estrutura de design \u00e0 prova d&#039;\u00e1gua\u3011 O recept\u00e1culo JL-260C \u00e9 instalado na l\u00e2mpada para fornecer n\u00edveis de controle de luz e impermeabiliza\u00e7\u00e3o IP65 e IP66. Al\u00e9m da fun\u00e7\u00e3o rotativa do pr\u00f3prio recept\u00e1culo, a tampa traseira do terminal do recept\u00e1culo possui um design funcional especial. O corpo principal do recept\u00e1culo \u00e9 feito de PC e a tampa traseira \u00e9 feita de nylon dur\u00e1vel. A combina\u00e7\u00e3o desses dois materiais n\u00e3o s\u00f3 proporciona melhor desempenho \u00e0 prova d&#039;\u00e1gua, como tamb\u00e9m garante a durabilidade do produto em ambientes externos adversos.<\/p><\/blockquote>\n<blockquote><p>\u3010Flexible Mounting\u3011 We offer two types of brackets. a wall-mount bracket with a semicircular opening for direct mounting to the fixture; and a flexible, adjustable bracket that fits easily onto lamp arms of varying diameters.<\/p>\n<p>If you use a combination of these two brackets, it is allowed to install the JL-260C in different positions of the same light pole.<\/p><\/blockquote>\n<p><img decoding=\"async\" class=\"wp-image-3341 size-full\" src=\"http:\/\/long-join.com\/wp-content\/uploads\/2023\/11\/JL-260C-accsseries.jpg\" alt=\"Acess\u00f3rios JL-260C\" width=\"930\" height=\"412\" srcset=\"https:\/\/long-join.com\/wp-content\/uploads\/2023\/11\/JL-260C-accsseries.jpg 930w, https:\/\/long-join.com\/wp-content\/uploads\/2023\/11\/JL-260C-accsseries-300x133.jpg 300w, https:\/\/long-join.com\/wp-content\/uploads\/2023\/11\/JL-260C-accsseries-768x340.jpg 768w, https:\/\/long-join.com\/wp-content\/uploads\/2023\/11\/JL-260C-accsseries-600x266.jpg 600w\" sizes=\"(max-width: 930px) 100vw, 930px\" \/><\/p>\n<blockquote><p>\u3010Comprimento do cabo personaliz\u00e1vel\u3011N\u00e3o apenas fornecemos o comprimento padr\u00e3o do cabo de 20 polegadas, mas tamb\u00e9m podemos personalizar o comprimento do cabo de acordo com as necessidades do cliente.<\/p>\n<p><img loading=\"lazy\" decoding=\"async\" class=\"wp-image-14185 size-full aligncenter\" src=\"http:\/\/long-join.com\/wp-content\/uploads\/2023\/11\/jl260c-nema-receptacle-cable.jpg\" alt=\"cabo de recept\u00e1culo nema jl260c\" width=\"930\" height=\"412\" srcset=\"https:\/\/long-join.com\/wp-content\/uploads\/2023\/11\/jl260c-nema-receptacle-cable.jpg 930w, https:\/\/long-join.com\/wp-content\/uploads\/2023\/11\/jl260c-nema-receptacle-cable-300x133.jpg 300w, https:\/\/long-join.com\/wp-content\/uploads\/2023\/11\/jl260c-nema-receptacle-cable-768x340.jpg 768w, https:\/\/long-join.com\/wp-content\/uploads\/2023\/11\/jl260c-nema-receptacle-cable-18x8.jpg 18w, https:\/\/long-join.com\/wp-content\/uploads\/2023\/11\/jl260c-nema-receptacle-cable-600x266.jpg 600w\" sizes=\"(max-width: 930px) 100vw, 930px\" \/><\/p><\/blockquote>\n<blockquote><p>\u3010Fun\u00e7\u00e3o\u3011 Os recept\u00e1culos JL-260C e JL-240XA s\u00e3o iguais. Cada ponto de contato met\u00e1lico do recept\u00e1culo \u00e9 feito de liga met\u00e1lica. A base dourada \u00e9 feita de bronze fosforoso niquelado com banho de ouro, conforme ASTMB 488.<\/p><\/blockquote>\n<blockquote><p>\u3010Diferentes tipos de conectores \u00e0 prova d&#039;\u00e1gua dispon\u00edveis\u3011<\/p><\/blockquote>\n<figure id=\"attachment_14186\" aria-describedby=\"caption-attachment-14186\" style=\"width: 1100px\" class=\"wp-caption aligncenter\"><img loading=\"lazy\" decoding=\"async\" class=\"wp-image-14186 size-full\" src=\"http:\/\/long-join.com\/wp-content\/uploads\/2023\/11\/M20-cable-glands-type-connector.jpg\" alt=\"Conector tipo prensa-cabo M20\" width=\"1100\" height=\"412\" srcset=\"https:\/\/long-join.com\/wp-content\/uploads\/2023\/11\/M20-cable-glands-type-connector.jpg 1100w, https:\/\/long-join.com\/wp-content\/uploads\/2023\/11\/M20-cable-glands-type-connector-300x112.jpg 300w, https:\/\/long-join.com\/wp-content\/uploads\/2023\/11\/M20-cable-glands-type-connector-1024x384.jpg 1024w, https:\/\/long-join.com\/wp-content\/uploads\/2023\/11\/M20-cable-glands-type-connector-768x288.jpg 768w, https:\/\/long-join.com\/wp-content\/uploads\/2023\/11\/M20-cable-glands-type-connector-18x7.jpg 18w, https:\/\/long-join.com\/wp-content\/uploads\/2023\/11\/M20-cable-glands-type-connector-600x225.jpg 600w\" sizes=\"(max-width: 1100px) 100vw, 1100px\" \/><figcaption id=\"caption-attachment-14186\" class=\"wp-caption-text\">Conector tipo prensa-cabo M20<\/figcaption><\/figure>\n<ul>\n<li style=\"list-style-type: none;\">*Um conector de prensa-cabo est\u00e1 dispon\u00edvel.<\/li>\n<li style=\"list-style-type: none;\">*As op\u00e7\u00f5es de materiais incluem a\u00e7o inoxid\u00e1vel e pl\u00e1stico.<\/li>\n<li style=\"list-style-type: none;\">*M20 (rosca m\u00e9trica de 20 mm de di\u00e2metro) \u00e9 um tamanho comum, normalmente acomodando cabos com di\u00e2metros de 6 a 12 mm.<\/li>\n<\/ul>\n<blockquote><p>\u3010Caracter\u00edstica Local\u3011Os clientes europeus apreciam este produto de alta qualidade porque as caracter\u00edsticas exclusivas do JL260 atendem \u00e0s altas demandas dos sistemas de controle de ilumina\u00e7\u00e3o externa. Op\u00e7\u00f5es de comprimento de cabo personalizadas est\u00e3o dispon\u00edveis para atender aos requisitos espec\u00edficos do projeto.<\/p><\/blockquote>","protected":false},"excerpt":{"rendered":"<p>1. Modelo do produto: JL-260C<br \/>\n2. Tens\u00e3o nominal: 0-480 VAC<br \/>\n3. Classifica\u00e7\u00e3o de inflamabilidade: UL94-0<br \/>\n4. Material: PC+nylon back Holder<br \/>\n5. Padr\u00e3o compat\u00edvel: ANSI C136.41, CE, ROHS, UL<\/p>","protected":false},"featured_media":3345,"template":"","meta":{"_acf_changed":false,"_seopress_robots_primary_cat":"none","_seopress_titles_title":"","_seopress_titles_desc":"","_seopress_robots_index":""},"product_brand":[],"product_cat":[56,31,28],"product_tag":[],"class_list":{"0":"post-3333","1":"product","2":"type-product","3":"status-publish","4":"has-post-thumbnail","6":"product_cat-nema-7-pin-receptacle","7":"product_cat-nema-standard-connector","8":"product_cat-our-product","10":"first","11":"instock","12":"shipping-taxable","13":"product-type-simple"},"acf":[],"_links":{"self":[{"href":"https:\/\/long-join.com\/pt\/wp-json\/wp\/v2\/product\/3333","targetHints":{"allow":["GET"]}}],"collection":[{"href":"https:\/\/long-join.com\/pt\/wp-json\/wp\/v2\/product"}],"about":[{"href":"https:\/\/long-join.com\/pt\/wp-json\/wp\/v2\/types\/product"}],"version-history":[{"count":16,"href":"https:\/\/long-join.com\/pt\/wp-json\/wp\/v2\/product\/3333\/revisions"}],"predecessor-version":[{"id":16939,"href":"https:\/\/long-join.com\/pt\/wp-json\/wp\/v2\/product\/3333\/revisions\/16939"}],"wp:featuredmedia":[{"embeddable":true,"href":"https:\/\/long-join.com\/pt\/wp-json\/wp\/v2\/media\/3345"}],"wp:attachment":[{"href":"https:\/\/long-join.com\/pt\/wp-json\/wp\/v2\/media?parent=3333"}],"wp:term":[{"taxonomy":"product_brand","embeddable":true,"href":"https:\/\/long-join.com\/pt\/wp-json\/wp\/v2\/product_brand?post=3333"},{"taxonomy":"product_cat","embeddable":true,"href":"https:\/\/long-join.com\/pt\/wp-json\/wp\/v2\/product_cat?post=3333"},{"taxonomy":"product_tag","embeddable":true,"href":"https:\/\/long-join.com\/pt\/wp-json\/wp\/v2\/product_tag?post=3333"}],"curies":[{"name":"wp","href":"https:\/\/api.w.org\/{rel}","templated":true}]}}