{"id":2177,"date":"2023-10-16T17:58:50","date_gmt":"2023-10-16T09:58:50","guid":{"rendered":"https:\/\/long-join.com\/?post_type=product&#038;p=2177"},"modified":"2025-04-27T15:55:31","modified_gmt":"2025-04-27T07:55:31","slug":"zhaga-book18-jl-700-soquete-zhaga-com-protocolo-de-escurecimento-dali-versao-dos-eua-bitola-do-fio","status":"publish","type":"product","link":"https:\/\/long-join.com\/pt\/product\/zhaga-book18-jl-700-zhaga-socket-with-dali-dimming-protocol-us-version-wire-gauge\/","title":{"rendered":"Soquete Zhaga Book18 JL-700 com protocolo de dimeriza\u00e7\u00e3o DAli (bitola de fio da vers\u00e3o dos EUA)"},"content":{"rendered":"<p>Recurso<\/p>\n<ol>\n<li>Interface padronizada definida no Livro 18 de Zhaga<\/li>\n<li>Tamanho compacto permitindo maior flexibilidade no design da lumin\u00e1ria<\/li>\n<li>Veda\u00e7\u00e3o avan\u00e7ada para atingir IP66 sem parafusos de montagem<\/li>\n<li>Solu\u00e7\u00e3o escal\u00e1vel permite a utiliza\u00e7\u00e3o de fotoc\u00e9lula de \u00d840mm e sistema de gest\u00e3o central de \u00d880mm com a mesma interface de liga\u00e7\u00e3o<\/li>\n<li>Posi\u00e7\u00e3o de montagem flex\u00edvel, voltada para cima, para baixo e para os lados<\/li>\n<li>Junta \u00fanica integrada que veda tanto a lumin\u00e1ria quanto o m\u00f3dulo, minimizando o tempo de montagem.<\/li>\n<\/ol>","protected":false},"excerpt":{"rendered":"<p>The ZHAGA series products, including JL-700 receptacles and accessories, offer a ZHAGA Book 18 regulated interface for an easier way to develop standard devices used for roadway lighting, area lighting, or occupancy lighting, etc. These devices can be offered in DALI 2.0 protocol (Pin 2-3) or 0-10V dimming (per request) features, based on fixture arrangement.<\/p>\n<p>US Version Wire Gauge Zhaga Socket<br \/>\n&#8211; Port 1(RED): Positive (+) pole of the 12V or 24 V power supply<br \/>\n&#8211; Port 2 (BLACK)<br \/>\nNegative (-) pole for the [DALl] protocol;<br \/>\nNegative (-) pole for the 12V or 24V power supply (contact 1)<\/p>\n<p>Ground for General Digital l\/0 (contact 4)<br \/>\n&#8211; Port 3(VIOLET): Positive(+) pole for the [DALl] protocol<br \/>\n&#8211; Port 4(YELLOW ): General Digital l\/0 (greater than 7V)<\/p>\n","protected":false},"featured_media":2183,"template":"","meta":{"_acf_changed":false,"_seopress_robots_primary_cat":"none","_seopress_titles_title":"","_seopress_titles_desc":"","_seopress_robots_index":""},"product_brand":[],"product_cat":[28,35,51,29,49],"product_tag":[65,64],"class_list":{"0":"post-2177","1":"product","2":"type-product","3":"status-publish","4":"has-post-thumbnail","6":"product_cat-our-product","7":"product_cat-photocell-switch-fittings","8":"product_cat-zhaga-accessory","9":"product_cat-zhaga-series","10":"product_cat-zhaga-socket","11":"product_tag-zhaaga-book18","12":"product_tag-zhaga-secoket","14":"first","15":"instock","16":"shipping-taxable","17":"product-type-simple"},"acf":[],"_links":{"self":[{"href":"https:\/\/long-join.com\/pt\/wp-json\/wp\/v2\/product\/2177","targetHints":{"allow":["GET"]}}],"collection":[{"href":"https:\/\/long-join.com\/pt\/wp-json\/wp\/v2\/product"}],"about":[{"href":"https:\/\/long-join.com\/pt\/wp-json\/wp\/v2\/types\/product"}],"version-history":[{"count":6,"href":"https:\/\/long-join.com\/pt\/wp-json\/wp\/v2\/product\/2177\/revisions"}],"predecessor-version":[{"id":13087,"href":"https:\/\/long-join.com\/pt\/wp-json\/wp\/v2\/product\/2177\/revisions\/13087"}],"wp:featuredmedia":[{"embeddable":true,"href":"https:\/\/long-join.com\/pt\/wp-json\/wp\/v2\/media\/2183"}],"wp:attachment":[{"href":"https:\/\/long-join.com\/pt\/wp-json\/wp\/v2\/media?parent=2177"}],"wp:term":[{"taxonomy":"product_brand","embeddable":true,"href":"https:\/\/long-join.com\/pt\/wp-json\/wp\/v2\/product_brand?post=2177"},{"taxonomy":"product_cat","embeddable":true,"href":"https:\/\/long-join.com\/pt\/wp-json\/wp\/v2\/product_cat?post=2177"},{"taxonomy":"product_tag","embeddable":true,"href":"https:\/\/long-join.com\/pt\/wp-json\/wp\/v2\/product_tag?post=2177"}],"curies":[{"name":"wp","href":"https:\/\/api.w.org\/{rel}","templated":true}]}}