{"id":2146,"date":"2023-10-16T16:12:35","date_gmt":"2023-10-16T08:12:35","guid":{"rendered":"https:\/\/long-join.com\/?post_type=product&#038;p=2146"},"modified":"2023-11-10T17:29:14","modified_gmt":"2023-11-10T09:29:14","slug":"oferta-de-juncao-longa-outro-design-tampa-de-curto-circuito-de-fotocelula-jl-208","status":"publish","type":"product","link":"https:\/\/long-join.com\/pt\/product\/long-join-offer-other-design-photocell-shorting-cap-jl-208\/","title":{"rendered":"Oferta de jun\u00e7\u00e3o longa Outro design Tampa de curto-circuito de fotoc\u00e9lula JL-208"},"content":{"rendered":"<p>Recurso<\/p>\n<ol>\n<li>Pretende substituir a fotoc\u00e9lula de bloqueio girat\u00f3rio de 3 pinos para solucionar problemas ou manuten\u00e7\u00e3o de ilumina\u00e7\u00e3o p\u00fablica municipal e futuras solu\u00e7\u00f5es de ilumina\u00e7\u00e3o inteligente fazem um bom plano completo<\/li>\n<li>Trava girat\u00f3ria de f\u00e1cil manuten\u00e7\u00e3o (ANSI C136.10).<\/li>\n<li>Prote\u00e7\u00e3o IP54\/IP66 durante a instala\u00e7\u00e3o.<\/li>\n<li>Prote\u00e7\u00e3o contra surtos dispon\u00edvel (somente JL-208).<\/li>\n<li>Gabinete de policarbonato estabilizado contra raios UV.<\/li>\n<li>Base de polibutileno estabilizada contra raios UV.<\/li>\n<\/ol>","protected":false},"excerpt":{"rendered":"<p>1. Modelo do produto: JL-208-IP54<br \/>\n2. Tens\u00e3o nominal: 0-480 VCA<br \/>\n3. Prote\u00e7\u00e3o contra surtos: JL-208-15; JL-208-23<br \/>\n4. esta capa de chuva transparente com espuma de veda\u00e7\u00e3o na base.<br \/>\n5. bem-\u00f3timo-produto, aqui sobre o fabricante de marca de longa data n\u00e3o s\u00f3 produz interruptor de fotoc\u00e9lula, mas tamb\u00e9m fornece design de formato de produto individual e caixa de embalagem de presente para atender \u00e0s necessidades do usu\u00e1rio final, de modo a trazer uma comunica\u00e7\u00e3o mais eficaz e \u00e9 mais importante para o tempo de utilidade total um do outro.<\/p>","protected":false},"featured_media":3424,"template":"","meta":{"_acf_changed":false,"_seopress_robots_primary_cat":"none","_seopress_titles_title":"","_seopress_titles_desc":"","_seopress_robots_index":""},"product_brand":[],"product_cat":[47],"product_tag":[],"class_list":{"0":"post-2146","1":"product","2":"type-product","3":"status-publish","4":"has-post-thumbnail","6":"product_cat-shorting-cap-and-opening-circuit-cap","8":"first","9":"instock","10":"shipping-taxable","11":"product-type-simple"},"acf":[],"_links":{"self":[{"href":"https:\/\/long-join.com\/pt\/wp-json\/wp\/v2\/product\/2146","targetHints":{"allow":["GET"]}}],"collection":[{"href":"https:\/\/long-join.com\/pt\/wp-json\/wp\/v2\/product"}],"about":[{"href":"https:\/\/long-join.com\/pt\/wp-json\/wp\/v2\/types\/product"}],"version-history":[{"count":1,"href":"https:\/\/long-join.com\/pt\/wp-json\/wp\/v2\/product\/2146\/revisions"}],"predecessor-version":[{"id":3422,"href":"https:\/\/long-join.com\/pt\/wp-json\/wp\/v2\/product\/2146\/revisions\/3422"}],"wp:featuredmedia":[{"embeddable":true,"href":"https:\/\/long-join.com\/pt\/wp-json\/wp\/v2\/media\/3424"}],"wp:attachment":[{"href":"https:\/\/long-join.com\/pt\/wp-json\/wp\/v2\/media?parent=2146"}],"wp:term":[{"taxonomy":"product_brand","embeddable":true,"href":"https:\/\/long-join.com\/pt\/wp-json\/wp\/v2\/product_brand?post=2146"},{"taxonomy":"product_cat","embeddable":true,"href":"https:\/\/long-join.com\/pt\/wp-json\/wp\/v2\/product_cat?post=2146"},{"taxonomy":"product_tag","embeddable":true,"href":"https:\/\/long-join.com\/pt\/wp-json\/wp\/v2\/product_tag?post=2146"}],"curies":[{"name":"wp","href":"https:\/\/api.w.org\/{rel}","templated":true}]}}