{"id":2105,"date":"2023-10-13T17:54:35","date_gmt":"2023-10-13T09:54:35","guid":{"rendered":"https:\/\/long-join.com\/?post_type=product&#038;p=2105"},"modified":"2025-05-09T16:27:57","modified_gmt":"2025-05-09T08:27:57","slug":"fornecedor-de-juncao-longa-oferece-diferentes-series-de-tampas-de-interruptor-de-fotocelula","status":"publish","type":"product","link":"https:\/\/long-join.com\/pt\/product\/long-join-provider-offer-different-seires-photocell-switch-cover\/","title":{"rendered":"Fornecedor LONG-JOIN oferece diferentes s\u00e9ries de tampas de interruptor de fotoc\u00e9lula"},"content":{"rendered":"<blockquote><p>Esses acess\u00f3rios da s\u00e9rie de controladores de luz s\u00e3o usados para futuros conjuntos de controle de luz inteligente, como a base JL-241J, YS800076 e a base do m\u00f3dulo de interface NEMA (recept\u00e1culo de 3 pinos, recept\u00e1culo de 5 pinos, recept\u00e1culo de 7 pinos), especialmente a base de 7 pinos no controlador de fotoc\u00e9lula inteligente para o programa de ilumina\u00e7\u00e3o p\u00fablica LED municipal sem fio, que \u00e9 muito popular. Al\u00e9m disso, ele \u00e9 baseado no m\u00f3dulo base do controlador para desenvolver conjuntos de unidades de controle, este circuito de controle \u00e9 integrado com fonte de alimenta\u00e7\u00e3o CA\/CC, prote\u00e7\u00e3o contra surtos, rel\u00e9 com controle de comuta\u00e7\u00e3o e configura\u00e7\u00e3o de diferentes modos de modula\u00e7\u00e3o.<\/p><\/blockquote>\n<blockquote><p>Portanto, um conjunto perfeito de pe\u00e7as de controlador inteligente consiste em pe\u00e7as de controle de sensor de fotoc\u00e9lula LONG-JOIN e unidades centrais de controle avan\u00e7adas para garantir que o produto final atinja seus objetivos e atenda aos padr\u00f5es da ind\u00fastria. Por que nos escolher para fornecer acess\u00f3rios de ilumina\u00e7\u00e3o? Nossas pe\u00e7as de controle de sensor de fotoc\u00e9lula s\u00e3o projetadas para fornecer desempenho preciso e confi\u00e1vel, garantindo que seu produto final atenda aos mais altos padr\u00f5es de qualidade de engenharia. Ao escolher as pe\u00e7as de fotoc\u00e9lula Long-Join, voc\u00ea pode ter certeza de que est\u00e1 investindo em uma solu\u00e7\u00e3o que o ajudar\u00e1 a atingir seus objetivos e superar as expectativas de seus clientes.<\/p><\/blockquote>\n<blockquote><p><b>D\u00ea-me dicas opcionais<\/b><\/p><\/blockquote>\n<p><img fetchpriority=\"high\" decoding=\"async\" class=\"aligncenter wp-image-13194 size-full\" src=\"http:\/\/long-join.com\/wp-content\/uploads\/2023\/10\/nema-controller-cover04-1.jpg\" alt=\"\" width=\"1082\" height=\"479\" srcset=\"https:\/\/long-join.com\/wp-content\/uploads\/2023\/10\/nema-controller-cover04-1.jpg 1082w, https:\/\/long-join.com\/wp-content\/uploads\/2023\/10\/nema-controller-cover04-1-300x133.jpg 300w, https:\/\/long-join.com\/wp-content\/uploads\/2023\/10\/nema-controller-cover04-1-1024x453.jpg 1024w, https:\/\/long-join.com\/wp-content\/uploads\/2023\/10\/nema-controller-cover04-1-768x340.jpg 768w, https:\/\/long-join.com\/wp-content\/uploads\/2023\/10\/nema-controller-cover04-1-18x8.jpg 18w, https:\/\/long-join.com\/wp-content\/uploads\/2023\/10\/nema-controller-cover04-1-600x266.jpg 600w\" sizes=\"(max-width: 1082px) 100vw, 1082px\" \/><\/p>\n<blockquote><p>Existem diferentes recursos de estrutura de cobertura de controle abaixo<\/p><\/blockquote>\n<blockquote><p>1-Capa de PC mais fina que o material PP<\/p><\/blockquote>\n<blockquote><p>A capa de 2 pe\u00e7as dispon\u00edvel oferece suporte para design de camada dupla e capa de controle de camada \u00fanica.<\/p><\/blockquote>\n<blockquote><p>3-presente toda a tampa de controle de trava girat\u00f3ria \u00e9 projetada para <strong>Capa estilo padr\u00e3o para PC<\/strong><\/p><\/blockquote>","protected":false},"excerpt":{"rendered":"<p>1. Modelo do produto: YS800076<br \/>\n2. Material: PC\/PP (requisito do cliente)<br \/>\n3. Cor: cinza\/preto<br \/>\n4. Cubra com janela (opcional)<\/p>","protected":false},"featured_media":4646,"template":"","meta":{"_acf_changed":false,"_seopress_robots_primary_cat":"none","_seopress_titles_title":"","_seopress_titles_desc":"","_seopress_robots_index":""},"product_brand":[],"product_cat":[28,35],"product_tag":[],"class_list":{"0":"post-2105","1":"product","2":"type-product","3":"status-publish","4":"has-post-thumbnail","6":"product_cat-our-product","7":"product_cat-photocell-switch-fittings","9":"first","10":"instock","11":"shipping-taxable","12":"product-type-simple"},"acf":[],"_links":{"self":[{"href":"https:\/\/long-join.com\/pt\/wp-json\/wp\/v2\/product\/2105","targetHints":{"allow":["GET"]}}],"collection":[{"href":"https:\/\/long-join.com\/pt\/wp-json\/wp\/v2\/product"}],"about":[{"href":"https:\/\/long-join.com\/pt\/wp-json\/wp\/v2\/types\/product"}],"version-history":[{"count":7,"href":"https:\/\/long-join.com\/pt\/wp-json\/wp\/v2\/product\/2105\/revisions"}],"predecessor-version":[{"id":13196,"href":"https:\/\/long-join.com\/pt\/wp-json\/wp\/v2\/product\/2105\/revisions\/13196"}],"wp:featuredmedia":[{"embeddable":true,"href":"https:\/\/long-join.com\/pt\/wp-json\/wp\/v2\/media\/4646"}],"wp:attachment":[{"href":"https:\/\/long-join.com\/pt\/wp-json\/wp\/v2\/media?parent=2105"}],"wp:term":[{"taxonomy":"product_brand","embeddable":true,"href":"https:\/\/long-join.com\/pt\/wp-json\/wp\/v2\/product_brand?post=2105"},{"taxonomy":"product_cat","embeddable":true,"href":"https:\/\/long-join.com\/pt\/wp-json\/wp\/v2\/product_cat?post=2105"},{"taxonomy":"product_tag","embeddable":true,"href":"https:\/\/long-join.com\/pt\/wp-json\/wp\/v2\/product_tag?post=2105"}],"curies":[{"name":"wp","href":"https:\/\/api.w.org\/{rel}","templated":true}]}}