{"id":2103,"date":"2023-10-13T17:52:20","date_gmt":"2023-10-13T09:52:20","guid":{"rendered":"https:\/\/long-join.com\/?post_type=product&#038;p=2103"},"modified":"2025-02-13T14:20:21","modified_gmt":"2025-02-13T06:20:21","slug":"0-10v-dimerizacao-tipo-z10-chave-versao-receptaculo-jl-700m","status":"publish","type":"product","link":"https:\/\/long-join.com\/pt\/product\/0-10v-dimming-type-z10-key-a-version-receptacle-jl-700m\/","title":{"rendered":"Tomada de dimeriza\u00e7\u00e3o 0-10V tipo Z10 Chave A Vers\u00e3o JL-700M"},"content":{"rendered":"<ul>\n<li>O conector com chave LUMAWISE Endurance Z10 inclu\u00eddo em nosso produto permite integra\u00e7\u00e3o perfeita com bases de 40 mm e 80 mm de di\u00e2metro, bem como com diversas c\u00fapulas (35 mm e 50 mm). Essa combina\u00e7\u00e3o permite a cria\u00e7\u00e3o de gabinetes robustos adequados para eletr\u00f4nicos utilizados em aplica\u00e7\u00f5es de detec\u00e7\u00e3o de movimento, detec\u00e7\u00e3o de presen\u00e7a e coleta de luz natural, tanto em ambientes externos adversos quanto em ambientes internos.<\/li>\n<li>Nosso produto conta com uma tecnologia exclusiva de veda\u00e7\u00e3o Pro-Craft que atinge a classifica\u00e7\u00e3o IP66, eliminando a necessidade de parafusos de montagem. Isso garante prote\u00e7\u00e3o superior contra poeira e umidade, tornando-o ideal para ambientes externos exigentes.<\/li>\n<li>Nosso produto \u00e9 compat\u00edvel com IK09, proporcionando excelente resist\u00eancia contra impactos, tornando-o altamente dur\u00e1vel e confi\u00e1vel em condi\u00e7\u00f5es exigentes.<\/li>\n<li>Projetado especificamente para compatibilidade com controladores americanos de 0-10 V, nosso produto \u00e9 perfeitamente adequado para integra\u00e7\u00e3o perfeita e controle eficiente de sistemas de ilumina\u00e7\u00e3o.<\/li>\n<\/ul>","protected":false},"excerpt":{"rendered":"<p>O conector de tomada JL-700M Z10 de jun\u00e7\u00e3o longa, vers\u00e3o A, pode fornecer combina\u00e7\u00f5es de acoplamento de 0-10 V que proporcionam flexibilidade e diferencia\u00e7\u00e3o ao projetista. \u00c9 ideal para usar um M\u00f3dulo Controlador Avan\u00e7ado, incluindo dimeriza\u00e7\u00e3o de 0-10 V compat\u00edvel e um sensor para coletar informa\u00e7\u00f5es do ambiente, ou um conector de comunica\u00e7\u00e3o IoT entre a lumin\u00e1ria e a rede como meio de transmiss\u00e3o de dados t\u00edpico.<\/p>\n<p>Vers\u00e3o padr\u00e3o<br \/>\n\u2013 Porta 1 (VERMELHA): 24 VDC<br \/>\n\u2013 Porta 2 (PRETA): 0~10V-\/GND<br \/>\n\u2013 Porta 3 (VIOLETA): 0~10V+<br \/>\n\u2013 Porto 4 (AMARELO): Geral l\/0<\/p>","protected":false},"featured_media":2158,"template":"","meta":{"_acf_changed":false,"_seopress_robots_primary_cat":"none","_seopress_titles_title":"","_seopress_titles_desc":"","_seopress_robots_index":""},"product_brand":[],"product_cat":[28,35],"product_tag":[],"class_list":{"0":"post-2103","1":"product","2":"type-product","3":"status-publish","4":"has-post-thumbnail","6":"product_cat-our-product","7":"product_cat-photocell-switch-fittings","9":"first","10":"instock","11":"shipping-taxable","12":"product-type-simple"},"acf":[],"_links":{"self":[{"href":"https:\/\/long-join.com\/pt\/wp-json\/wp\/v2\/product\/2103","targetHints":{"allow":["GET"]}}],"collection":[{"href":"https:\/\/long-join.com\/pt\/wp-json\/wp\/v2\/product"}],"about":[{"href":"https:\/\/long-join.com\/pt\/wp-json\/wp\/v2\/types\/product"}],"version-history":[{"count":3,"href":"https:\/\/long-join.com\/pt\/wp-json\/wp\/v2\/product\/2103\/revisions"}],"predecessor-version":[{"id":11499,"href":"https:\/\/long-join.com\/pt\/wp-json\/wp\/v2\/product\/2103\/revisions\/11499"}],"wp:featuredmedia":[{"embeddable":true,"href":"https:\/\/long-join.com\/pt\/wp-json\/wp\/v2\/media\/2158"}],"wp:attachment":[{"href":"https:\/\/long-join.com\/pt\/wp-json\/wp\/v2\/media?parent=2103"}],"wp:term":[{"taxonomy":"product_brand","embeddable":true,"href":"https:\/\/long-join.com\/pt\/wp-json\/wp\/v2\/product_brand?post=2103"},{"taxonomy":"product_cat","embeddable":true,"href":"https:\/\/long-join.com\/pt\/wp-json\/wp\/v2\/product_cat?post=2103"},{"taxonomy":"product_tag","embeddable":true,"href":"https:\/\/long-join.com\/pt\/wp-json\/wp\/v2\/product_tag?post=2103"}],"curies":[{"name":"wp","href":"https:\/\/api.w.org\/{rel}","templated":true}]}}