{"id":2100,"date":"2023-10-13T17:52:10","date_gmt":"2023-10-13T09:52:10","guid":{"rendered":"https:\/\/long-join.com\/?post_type=product&#038;p=2100"},"modified":"2025-04-27T15:52:54","modified_gmt":"2025-04-27T07:52:54","slug":"zhaga-book18-jl-700-soquete-zhaga-com-protocolo-de-escurecimento-dali","status":"publish","type":"product","link":"https:\/\/long-join.com\/pt\/product\/zhaga-book18-jl-700-zhaga-socket-with-dali-dimming-protocol\/","title":{"rendered":"Soquete Zhaga Book18 JL-700 com protocolo de escurecimento DAli"},"content":{"rendered":"<blockquote><p><strong>Recurso<\/strong><\/p><\/blockquote>\n<ol>\n<li>Interface padronizada definida no Livro 18 de Zhaga<\/li>\n<li>Tamanho compacto permitindo maior flexibilidade no design da lumin\u00e1ria<\/li>\n<li>Veda\u00e7\u00e3o avan\u00e7ada para atingir IP66 sem parafusos de montagem<\/li>\n<li>Solu\u00e7\u00e3o escal\u00e1vel permite a utiliza\u00e7\u00e3o de fotoc\u00e9lula de \u00d840mm e sistema de gest\u00e3o central de \u00d880mm com a mesma interface de liga\u00e7\u00e3o<\/li>\n<li>Posi\u00e7\u00e3o de montagem flex\u00edvel, voltada para cima, para baixo e para os lados<\/li>\n<li>Junta \u00fanica integrada que veda tanto a lumin\u00e1ria quanto o m\u00f3dulo, minimizando o tempo de montagem.<\/li>\n<\/ol>\n<blockquote><p><strong>Diagrama de fia\u00e7\u00e3o do soquete zhaga<\/strong><\/p><\/blockquote>\n<p><img fetchpriority=\"high\" decoding=\"async\" class=\"wp-image-12892 size-full\" src=\"http:\/\/long-join.com\/wp-content\/uploads\/2023\/10\/Wiring-diagram-zhaga-socket.png\" alt=\"Diagrama de fia\u00e7\u00e3o do soquete zhaga\" width=\"679\" height=\"330\" srcset=\"https:\/\/long-join.com\/wp-content\/uploads\/2023\/10\/Wiring-diagram-zhaga-socket.png 679w, https:\/\/long-join.com\/wp-content\/uploads\/2023\/10\/Wiring-diagram-zhaga-socket-300x146.png 300w, https:\/\/long-join.com\/wp-content\/uploads\/2023\/10\/Wiring-diagram-zhaga-socket-600x292.png 600w\" sizes=\"(max-width: 679px) 100vw, 679px\" \/><\/p>\n<blockquote><p>&nbsp;<\/p><\/blockquote>\n<blockquote><p><strong>Formato e tamanho do furo de perfura\u00e7\u00e3o<\/strong><\/p><\/blockquote>\n<p><img decoding=\"async\" class=\"alignnone wp-image-12893\" title=\"como fazer o formato do furo de perfura\u00e7\u00e3o para o soquete zhaga\" src=\"http:\/\/long-join.com\/wp-content\/uploads\/2023\/10\/how-do-drilling-hole-shape-for-zhaga-socket.png\" alt=\"como fazer o formato do furo de perfura\u00e7\u00e3o para o soquete zhaga\" width=\"657\" height=\"234\" srcset=\"https:\/\/long-join.com\/wp-content\/uploads\/2023\/10\/how-do-drilling-hole-shape-for-zhaga-socket.png 817w, https:\/\/long-join.com\/wp-content\/uploads\/2023\/10\/how-do-drilling-hole-shape-for-zhaga-socket-300x107.png 300w, https:\/\/long-join.com\/wp-content\/uploads\/2023\/10\/how-do-drilling-hole-shape-for-zhaga-socket-768x274.png 768w, https:\/\/long-join.com\/wp-content\/uploads\/2023\/10\/how-do-drilling-hole-shape-for-zhaga-socket-600x214.png 600w\" sizes=\"(max-width: 657px) 100vw, 657px\" \/><\/p>","protected":false},"excerpt":{"rendered":"<p>Os produtos da s\u00e9rie ZHAGA, incluindo o recept\u00e1culo JL-700 e acess\u00f3rios, oferecem uma interface regulada ZHAGA Book 18 para facilitar o desenvolvimento de dispositivos padr\u00e3o usados para ilumina\u00e7\u00e3o de estradas, ilumina\u00e7\u00e3o de \u00e1rea ou ilumina\u00e7\u00e3o de ocupa\u00e7\u00e3o, etc. Esses dispositivos podem ser oferecidos no protocolo DALI 2.0 (pinos 2-3) ou recursos de escurecimento de 0-10 V (por solicita\u00e7\u00e3o), com base no arranjo do dispositivo.<\/p>\n<p>Bitola de fio da vers\u00e3o UE Zhaga Socket<br \/>\n\u2013 Porta 1 (Marrom): 24Vdc<br \/>\n\u2013 Porta 2 (cinza): DALI (ou protocolo baseado em DALI) \u2013 \/common ground<br \/>\n\u2013 Porta 3 (Azul): DALI (ou protocolo baseado em DALI) +- Porta 4 (Preta): E\/S geral<\/p>","protected":false},"featured_media":2169,"template":"","meta":{"_acf_changed":false,"_seopress_robots_primary_cat":"none","_seopress_titles_title":"","_seopress_titles_desc":"","_seopress_robots_index":""},"product_brand":[],"product_cat":[28,35,29,49],"product_tag":[65,64],"class_list":{"0":"post-2100","1":"product","2":"type-product","3":"status-publish","4":"has-post-thumbnail","6":"product_cat-our-product","7":"product_cat-photocell-switch-fittings","8":"product_cat-zhaga-series","9":"product_cat-zhaga-socket","10":"product_tag-zhaaga-book18","11":"product_tag-zhaga-secoket","13":"first","14":"instock","15":"shipping-taxable","16":"product-type-simple"},"acf":[],"_links":{"self":[{"href":"https:\/\/long-join.com\/pt\/wp-json\/wp\/v2\/product\/2100","targetHints":{"allow":["GET"]}}],"collection":[{"href":"https:\/\/long-join.com\/pt\/wp-json\/wp\/v2\/product"}],"about":[{"href":"https:\/\/long-join.com\/pt\/wp-json\/wp\/v2\/types\/product"}],"version-history":[{"count":19,"href":"https:\/\/long-join.com\/pt\/wp-json\/wp\/v2\/product\/2100\/revisions"}],"predecessor-version":[{"id":13085,"href":"https:\/\/long-join.com\/pt\/wp-json\/wp\/v2\/product\/2100\/revisions\/13085"}],"wp:featuredmedia":[{"embeddable":true,"href":"https:\/\/long-join.com\/pt\/wp-json\/wp\/v2\/media\/2169"}],"wp:attachment":[{"href":"https:\/\/long-join.com\/pt\/wp-json\/wp\/v2\/media?parent=2100"}],"wp:term":[{"taxonomy":"product_brand","embeddable":true,"href":"https:\/\/long-join.com\/pt\/wp-json\/wp\/v2\/product_brand?post=2100"},{"taxonomy":"product_cat","embeddable":true,"href":"https:\/\/long-join.com\/pt\/wp-json\/wp\/v2\/product_cat?post=2100"},{"taxonomy":"product_tag","embeddable":true,"href":"https:\/\/long-join.com\/pt\/wp-json\/wp\/v2\/product_tag?post=2100"}],"curies":[{"name":"wp","href":"https:\/\/api.w.org\/{rel}","templated":true}]}}