{"id":2085,"date":"2023-10-13T17:27:10","date_gmt":"2023-10-13T09:27:10","guid":{"rendered":"https:\/\/long-join.com\/?post_type=product&#038;p=2085"},"modified":"2023-12-15T18:12:50","modified_gmt":"2023-12-15T10:12:50","slug":"sensor-de-luz-fotocelula-12v-24v-serie-jl-411-marca-long-join","status":"publish","type":"product","link":"https:\/\/long-join.com\/pt\/product\/12v-24v-photocell-light-sensor-jl-411-series-long-join-brand\/","title":{"rendered":"Sensor de luz fotoc\u00e9lula 12V 24V S\u00e9rie JL-411 Marca de jun\u00e7\u00e3o longa"},"content":{"rendered":"<blockquote><p>O fotocontrole JL-411(R) \u00e9 aplic\u00e1vel para controlar automaticamente a ilumina\u00e7\u00e3o com corrente cont\u00ednua, de acordo com o n\u00edvel de ilumina\u00e7\u00e3o ambiente. Sua vers\u00e3o R fornece um conjunto de sensores separado.<\/p><\/blockquote>\n<blockquote><p>Recurso<\/p><\/blockquote>\n<ol>\n<li>Atraso de tempo de 10-30s para prote\u00e7\u00e3o de lumin\u00e1rias<\/li>\n<li>Controlador de conex\u00e3o direta com fio s\u00e9rie JL-411<\/li>\n<li>JL-411 (12D\/24D) montagem embutida no poste de luz e di\u00e2metro do furo de perfura\u00e7\u00e3o: 20 mm<\/li>\n<li>O JL-411 com caractere R \u00e9 uma pe\u00e7a de detec\u00e7\u00e3o do tipo Split, mantendo assim a est\u00e9tica do poste de luz da rua.<\/li>\n<\/ol>","protected":false},"excerpt":{"rendered":"<p>1. Modelo do produto: JL-411R-12D<br \/>\n2. Tens\u00e3o nominal: 12 VCC<br \/>\n3. N\u00edvel de Lux ligado\/desligado: 5-15 Lx ligado, 20-80 Lx desligado<br \/>\n4. Classifica\u00e7\u00e3o IP: IP54<\/p>","protected":false},"featured_media":4572,"template":"","meta":{"_acf_changed":false,"_seopress_robots_primary_cat":"none","_seopress_titles_title":"","_seopress_titles_desc":"","_seopress_robots_index":""},"product_brand":[],"product_cat":[62,33,28,30],"product_tag":[],"class_list":{"0":"post-2085","1":"product","2":"type-product","3":"status-publish","4":"has-post-thumbnail","6":"product_cat-button-photocell","7":"product_cat-direct-electronic-wire-in-controllers","8":"product_cat-our-product","9":"product_cat-wire-in-controllers","11":"first","12":"instock","13":"shipping-taxable","14":"product-type-simple"},"acf":[],"_links":{"self":[{"href":"https:\/\/long-join.com\/pt\/wp-json\/wp\/v2\/product\/2085","targetHints":{"allow":["GET"]}}],"collection":[{"href":"https:\/\/long-join.com\/pt\/wp-json\/wp\/v2\/product"}],"about":[{"href":"https:\/\/long-join.com\/pt\/wp-json\/wp\/v2\/types\/product"}],"version-history":[{"count":1,"href":"https:\/\/long-join.com\/pt\/wp-json\/wp\/v2\/product\/2085\/revisions"}],"predecessor-version":[{"id":4566,"href":"https:\/\/long-join.com\/pt\/wp-json\/wp\/v2\/product\/2085\/revisions\/4566"}],"wp:featuredmedia":[{"embeddable":true,"href":"https:\/\/long-join.com\/pt\/wp-json\/wp\/v2\/media\/4572"}],"wp:attachment":[{"href":"https:\/\/long-join.com\/pt\/wp-json\/wp\/v2\/media?parent=2085"}],"wp:term":[{"taxonomy":"product_brand","embeddable":true,"href":"https:\/\/long-join.com\/pt\/wp-json\/wp\/v2\/product_brand?post=2085"},{"taxonomy":"product_cat","embeddable":true,"href":"https:\/\/long-join.com\/pt\/wp-json\/wp\/v2\/product_cat?post=2085"},{"taxonomy":"product_tag","embeddable":true,"href":"https:\/\/long-join.com\/pt\/wp-json\/wp\/v2\/product_tag?post=2085"}],"curies":[{"name":"wp","href":"https:\/\/api.w.org\/{rel}","templated":true}]}}