{"id":2084,"date":"2023-10-13T17:26:22","date_gmt":"2023-10-13T09:26:22","guid":{"rendered":"https:\/\/long-join.com\/?post_type=product&#038;p=2084"},"modified":"2025-07-25T17:57:18","modified_gmt":"2025-07-25T09:57:18","slug":"sensor-de-celula-fotoeletrica-120-vca-com-3-linhas-e-fio-da-marca-longjoin","status":"publish","type":"product","link":"https:\/\/long-join.com\/pt\/product\/120vac-3-lines-wire-in-photo-cell-sensor-longjoin-brand\/","title":{"rendered":"Sensor de c\u00e9lula fotoel\u00e9trica com fio de 3 linhas 120 VCA JL-401CR da marca Longjoin"},"content":{"rendered":"<blockquote><p>O fotocontrolador da s\u00e9rie JL-401 \u00e9 aplic\u00e1vel para controlar a ilumina\u00e7\u00e3o do jardim, ilumina\u00e7\u00e3o de passagem e ilumina\u00e7\u00e3o de porta automaticamente de acordo com o n\u00edvel de ilumina\u00e7\u00e3o natural do ambiente.<\/p><\/blockquote>\n<blockquote><p>Recurso<\/p><\/blockquote>\n<ol>\n<li>Atraso de tempo de 10-30s para prote\u00e7\u00e3o de lumin\u00e1rias<\/li>\n<li>Controlador de conex\u00e3o direta e pe\u00e7as CDS do tipo sensor<\/li>\n<li>montagem embutida no poste de luz e di\u00e2metro do furo: 20 mm<\/li>\n<li>O JL-401c com caractere R \u00e9 uma pe\u00e7a de detec\u00e7\u00e3o do tipo Split, que mant\u00e9m a est\u00e9tica do poste de luz da rua.<\/li>\n<\/ol>","protected":false},"excerpt":{"rendered":"<p>1. Modelo do produto: JL-401CR<br \/>\n2. Tens\u00e3o nominal: 120-277 VAC<br \/>\n3. N\u00edvel de lux ligado\/desligado: 10-20 Lx ligado; 25-35 Lx desligado<br \/>\n4. Classifica\u00e7\u00e3o IP: IP54<br \/>\n5. Padr\u00e3o de conformidade: CE, ROHS, UL<\/p>","protected":false},"featured_media":4564,"template":"","meta":{"_acf_changed":false,"_seopress_robots_primary_cat":"none","_seopress_titles_title":"","_seopress_titles_desc":"","_seopress_robots_index":""},"product_brand":[],"product_cat":[33,28],"product_tag":[],"class_list":{"0":"post-2084","1":"product","2":"type-product","3":"status-publish","4":"has-post-thumbnail","6":"product_cat-direct-electronic-wire-in-controllers","7":"product_cat-our-product","9":"first","10":"instock","11":"shipping-taxable","12":"product-type-simple"},"acf":[],"_links":{"self":[{"href":"https:\/\/long-join.com\/pt\/wp-json\/wp\/v2\/product\/2084","targetHints":{"allow":["GET"]}}],"collection":[{"href":"https:\/\/long-join.com\/pt\/wp-json\/wp\/v2\/product"}],"about":[{"href":"https:\/\/long-join.com\/pt\/wp-json\/wp\/v2\/types\/product"}],"version-history":[{"count":2,"href":"https:\/\/long-join.com\/pt\/wp-json\/wp\/v2\/product\/2084\/revisions"}],"predecessor-version":[{"id":14142,"href":"https:\/\/long-join.com\/pt\/wp-json\/wp\/v2\/product\/2084\/revisions\/14142"}],"wp:featuredmedia":[{"embeddable":true,"href":"https:\/\/long-join.com\/pt\/wp-json\/wp\/v2\/media\/4564"}],"wp:attachment":[{"href":"https:\/\/long-join.com\/pt\/wp-json\/wp\/v2\/media?parent=2084"}],"wp:term":[{"taxonomy":"product_brand","embeddable":true,"href":"https:\/\/long-join.com\/pt\/wp-json\/wp\/v2\/product_brand?post=2084"},{"taxonomy":"product_cat","embeddable":true,"href":"https:\/\/long-join.com\/pt\/wp-json\/wp\/v2\/product_cat?post=2084"},{"taxonomy":"product_tag","embeddable":true,"href":"https:\/\/long-join.com\/pt\/wp-json\/wp\/v2\/product_tag?post=2084"}],"curies":[{"name":"wp","href":"https:\/\/api.w.org\/{rel}","templated":true}]}}