{"id":2083,"date":"2023-10-13T17:24:58","date_gmt":"2023-10-13T09:24:58","guid":{"rendered":"https:\/\/long-join.com\/?post_type=product&#038;p=2083"},"modified":"2025-07-25T17:53:51","modified_gmt":"2025-07-25T09:53:51","slug":"interruptor-fotoeletrico-de-3-vias-120-vca","status":"publish","type":"product","link":"https:\/\/long-join.com\/pt\/product\/3-way-button-photocell-switch-120vac\/","title":{"rendered":"Interruptor fotoel\u00e9trico de bot\u00e3o de 3 vias 120 VCA JL-401c"},"content":{"rendered":"<blockquote><p>O fotocontrolador da s\u00e9rie JL-401 \u00e9 aplic\u00e1vel para controlar a ilumina\u00e7\u00e3o do jardim, ilumina\u00e7\u00e3o de passagem e ilumina\u00e7\u00e3o de porta automaticamente de acordo com o n\u00edvel de ilumina\u00e7\u00e3o natural do ambiente.<\/p><\/blockquote>\n<blockquote><p>Recurso<\/p><\/blockquote>\n<ol>\n<li>Atraso de tempo de 10-30s para prote\u00e7\u00e3o de lumin\u00e1rias<\/li>\n<li>Controlador de conex\u00e3o direta com fio para lumin\u00e1ria<\/li>\n<li>montagem embutida no poste de luz e di\u00e2metro do furo: 20 mm<\/li>\n<\/ol>","protected":false},"excerpt":{"rendered":"<p>1. Modelo do produto: JL-401C<br \/>\n2. Tens\u00e3o nominal: 120-277 VAC<br \/>\n3. N\u00edvel de lux ligado\/desligado: 10-20 Lx ligado; 25-35 Lx desligado<br \/>\n4. Classifica\u00e7\u00e3o IP: IP54<br \/>\n5. Padr\u00e3o de conformidade: CE, ROHS, UL<\/p>","protected":false},"featured_media":4552,"template":"","meta":{"_acf_changed":false,"_seopress_robots_primary_cat":"none","_seopress_titles_title":"","_seopress_titles_desc":"","_seopress_robots_index":""},"product_brand":[],"product_cat":[62,33,28,30],"product_tag":[],"class_list":{"0":"post-2083","1":"product","2":"type-product","3":"status-publish","4":"has-post-thumbnail","6":"product_cat-button-photocell","7":"product_cat-direct-electronic-wire-in-controllers","8":"product_cat-our-product","9":"product_cat-wire-in-controllers","11":"first","12":"instock","13":"shipping-taxable","14":"product-type-simple"},"acf":[],"_links":{"self":[{"href":"https:\/\/long-join.com\/pt\/wp-json\/wp\/v2\/product\/2083","targetHints":{"allow":["GET"]}}],"collection":[{"href":"https:\/\/long-join.com\/pt\/wp-json\/wp\/v2\/product"}],"about":[{"href":"https:\/\/long-join.com\/pt\/wp-json\/wp\/v2\/types\/product"}],"version-history":[{"count":3,"href":"https:\/\/long-join.com\/pt\/wp-json\/wp\/v2\/product\/2083\/revisions"}],"predecessor-version":[{"id":14141,"href":"https:\/\/long-join.com\/pt\/wp-json\/wp\/v2\/product\/2083\/revisions\/14141"}],"wp:featuredmedia":[{"embeddable":true,"href":"https:\/\/long-join.com\/pt\/wp-json\/wp\/v2\/media\/4552"}],"wp:attachment":[{"href":"https:\/\/long-join.com\/pt\/wp-json\/wp\/v2\/media?parent=2083"}],"wp:term":[{"taxonomy":"product_brand","embeddable":true,"href":"https:\/\/long-join.com\/pt\/wp-json\/wp\/v2\/product_brand?post=2083"},{"taxonomy":"product_cat","embeddable":true,"href":"https:\/\/long-join.com\/pt\/wp-json\/wp\/v2\/product_cat?post=2083"},{"taxonomy":"product_tag","embeddable":true,"href":"https:\/\/long-join.com\/pt\/wp-json\/wp\/v2\/product_tag?post=2083"}],"curies":[{"name":"wp","href":"https:\/\/api.w.org\/{rel}","templated":true}]}}