{"id":2076,"date":"2023-10-13T17:09:24","date_gmt":"2023-10-13T09:09:24","guid":{"rendered":"https:\/\/long-join.com\/?post_type=product&#038;p=2076"},"modified":"2024-10-24T14:01:17","modified_gmt":"2024-10-24T06:01:17","slug":"base-controladora-inteligente-nema-ansi-c36-41-7-pinos-jl-241j","status":"publish","type":"product","link":"https:\/\/long-join.com\/pt\/product\/nema-ansi-c36-41-7-pin-smart-controller-base-jl-241j\/","title":{"rendered":"Base de controlador inteligente NEMA\/ANSI C36.41 7 PIN JL-241J"},"content":{"rendered":"<blockquote><p>Esses acess\u00f3rios da s\u00e9rie de controladores de luz s\u00e3o usados para futuros conjuntos de controle de luz inteligente, como a base JL-241J, YS800076 e a base do m\u00f3dulo de interface NEMA (recept\u00e1culo de 3 pinos, recept\u00e1culo de 5 pinos, recept\u00e1culo de 7 pinos), especialmente a base de 7 pinos no controlador de fotoc\u00e9lula inteligente para o programa de ilumina\u00e7\u00e3o p\u00fablica LED municipal sem fio, que \u00e9 muito popular. Al\u00e9m disso, s\u00e3o constru\u00eddos conjuntos de unidades de controle de desenvolvimento no m\u00f3dulo base, este circuito de controle \u00e9 integrado com fonte de alimenta\u00e7\u00e3o CA\/CC, prote\u00e7\u00e3o contra surtos, rel\u00e9 com controle de comuta\u00e7\u00e3o e configura\u00e7\u00e3o de diferentes modos de modula\u00e7\u00e3o.<\/p><\/blockquote>\n<p><img fetchpriority=\"high\" decoding=\"async\" class=\"wp-image-4664 size-full aligncenter\" src=\"http:\/\/long-join.com\/wp-content\/uploads\/2023\/10\/JL-241J-base-photocell8.jpg\" alt=\"\" width=\"930\" height=\"412\" srcset=\"https:\/\/long-join.com\/wp-content\/uploads\/2023\/10\/JL-241J-base-photocell8.jpg 930w, https:\/\/long-join.com\/wp-content\/uploads\/2023\/10\/JL-241J-base-photocell8-300x133.jpg 300w, https:\/\/long-join.com\/wp-content\/uploads\/2023\/10\/JL-241J-base-photocell8-768x340.jpg 768w, https:\/\/long-join.com\/wp-content\/uploads\/2023\/10\/JL-241J-base-photocell8-600x266.jpg 600w\" sizes=\"(max-width: 930px) 100vw, 930px\" \/><\/p>\n<blockquote><p>Portanto, um conjunto perfeito de pe\u00e7as de controlador inteligente consiste em pe\u00e7as de controle de sensor de fotoc\u00e9lula LONG-JOIN e unidades centrais de controle avan\u00e7adas para garantir que o produto final atinja seus objetivos e atenda aos padr\u00f5es da ind\u00fastria. Por que nos escolher para fornecer acess\u00f3rios de ilumina\u00e7\u00e3o? Nossas pe\u00e7as de controle de sensor de fotoc\u00e9lula s\u00e3o projetadas para fornecer desempenho preciso e confi\u00e1vel, garantindo que seu produto final atenda aos mais altos padr\u00f5es de qualidade de engenharia. Ao escolher as pe\u00e7as de fotoc\u00e9lula Long-Join, voc\u00ea pode ter certeza de que est\u00e1 investindo em uma solu\u00e7\u00e3o que o ajudar\u00e1 a atingir seus objetivos e superar as expectativas de seus clientes.<\/p><\/blockquote>\n<blockquote><p>Caracter\u00edsticas<\/p><\/blockquote>\n<ul>\n<li>\u00c9 compat\u00edvel com o padr\u00e3o de interface ANSI C 36.41<\/li>\n<li>\u00a0Certificado UL<\/li>\n<li>o material b\u00e1sico: PBT, adicione um estabilizador UV, classifica\u00e7\u00e3o de chama UL94V-0<\/li>\n<li>junta de veda\u00e7\u00e3o de silicone<\/li>\n<li>Tens\u00e3o de alimenta\u00e7\u00e3o CA\/CC &lt;=30 V m\u00e1x.<\/li>\n<li>4 contatos de sinal de l\u00e2mina de mola (0-10 V e dimeriza\u00e7\u00e3o Dali)<\/li>\n<\/ul>","protected":false},"excerpt":{"rendered":"<p>1. Modelo do produto: JL-241J<br \/>\n2. Material: PBT<br \/>\n3. anel de veda\u00e7\u00e3o de borracha \u00e0 prova d&#039;\u00e1gua<br \/>\n4. Padr\u00e3o: UL, Cul<\/p>","protected":false},"featured_media":4657,"template":"","meta":{"_acf_changed":false,"_seopress_robots_primary_cat":"none","_seopress_titles_title":"","_seopress_titles_desc":"","_seopress_robots_index":""},"product_brand":[],"product_cat":[28,35],"product_tag":[],"class_list":{"0":"post-2076","1":"product","2":"type-product","3":"status-publish","4":"has-post-thumbnail","6":"product_cat-our-product","7":"product_cat-photocell-switch-fittings","9":"first","10":"instock","11":"shipping-taxable","12":"product-type-simple"},"acf":[],"_links":{"self":[{"href":"https:\/\/long-join.com\/pt\/wp-json\/wp\/v2\/product\/2076","targetHints":{"allow":["GET"]}}],"collection":[{"href":"https:\/\/long-join.com\/pt\/wp-json\/wp\/v2\/product"}],"about":[{"href":"https:\/\/long-join.com\/pt\/wp-json\/wp\/v2\/types\/product"}],"version-history":[{"count":0,"href":"https:\/\/long-join.com\/pt\/wp-json\/wp\/v2\/product\/2076\/revisions"}],"wp:featuredmedia":[{"embeddable":true,"href":"https:\/\/long-join.com\/pt\/wp-json\/wp\/v2\/media\/4657"}],"wp:attachment":[{"href":"https:\/\/long-join.com\/pt\/wp-json\/wp\/v2\/media?parent=2076"}],"wp:term":[{"taxonomy":"product_brand","embeddable":true,"href":"https:\/\/long-join.com\/pt\/wp-json\/wp\/v2\/product_brand?post=2076"},{"taxonomy":"product_cat","embeddable":true,"href":"https:\/\/long-join.com\/pt\/wp-json\/wp\/v2\/product_cat?post=2076"},{"taxonomy":"product_tag","embeddable":true,"href":"https:\/\/long-join.com\/pt\/wp-json\/wp\/v2\/product_tag?post=2076"}],"curies":[{"name":"wp","href":"https:\/\/api.w.org\/{rel}","templated":true}]}}