{"id":2075,"date":"2023-10-13T17:08:51","date_gmt":"2023-10-13T09:08:51","guid":{"rendered":"https:\/\/long-join.com\/?post_type=product&#038;p=2075"},"modified":"2023-12-20T14:11:52","modified_gmt":"2023-12-20T06:11:52","slug":"soquete-de-lampada-e26-e27-com-fotocelula-jl-303a","status":"publish","type":"product","link":"https:\/\/long-join.com\/pt\/product\/e26-e27-bulb-holder-with-photocell-jl-303a\/","title":{"rendered":"Soquete de l\u00e2mpada E26\/E27 com fotoc\u00e9lula JL-303A"},"content":{"rendered":"<blockquote><p>O controle de porta-l\u00e2mpada s\u00e9rie JL-303 \u00e9 aplic\u00e1vel para controlar a ilumina\u00e7\u00e3o do jardim, ilumina\u00e7\u00e3o de passagem e ilumina\u00e7\u00e3o de porta automaticamente de acordo com o n\u00edvel de ilumina\u00e7\u00e3o natural do ambiente.<\/p><\/blockquote>\n<blockquote><p>Recurso<\/p><\/blockquote>\n<ol>\n<li>O porta-l\u00e2mpada JL-303 \u00e9 melhor recomendado para trabalhar com l\u00e2mpadas de tungst\u00eanio e <strong>Suporta l\u00e2mpadas fluorescentes compactas e LED.<\/strong><\/li>\n<li>Configura\u00e7\u00e3o r\u00e1pida, sem ferramentas e sem necessidade de fia\u00e7\u00e3o.<\/li>\n<li>porta-l\u00e2mpada com tampa reguladora de intensidade<\/li>\n<li>Soquete de l\u00e2mpada s\u00e9rie 303 com fotoc\u00e9lula, \u00e9 uma tampa de dimeriza\u00e7\u00e3o adicional com remov\u00edvel e instal\u00e1vel.<\/li>\n<\/ol>","protected":false},"excerpt":{"rendered":"<p>1. Modelo do produto: JL-303A<br \/>\n2. Tens\u00e3o nominal: 100-120 VCA<br \/>\n3. N\u00edvel de lux ligado\/desligado: 10-20 Lx ligado; 30-60 Lx desligado<br \/>\n4. Padr\u00e3o de conformidade: CE, ROHS, UL<\/p>","protected":false},"featured_media":4635,"template":"","meta":{"_acf_changed":false,"_seopress_robots_primary_cat":"none","_seopress_titles_title":"","_seopress_titles_desc":"","_seopress_robots_index":""},"product_brand":[],"product_cat":[34,28],"product_tag":[],"class_list":{"0":"post-2075","1":"product","2":"type-product","3":"status-publish","4":"has-post-thumbnail","6":"product_cat-bulb-holder-controllers","7":"product_cat-our-product","9":"first","10":"instock","11":"shipping-taxable","12":"product-type-simple"},"acf":[],"_links":{"self":[{"href":"https:\/\/long-join.com\/pt\/wp-json\/wp\/v2\/product\/2075","targetHints":{"allow":["GET"]}}],"collection":[{"href":"https:\/\/long-join.com\/pt\/wp-json\/wp\/v2\/product"}],"about":[{"href":"https:\/\/long-join.com\/pt\/wp-json\/wp\/v2\/types\/product"}],"version-history":[{"count":1,"href":"https:\/\/long-join.com\/pt\/wp-json\/wp\/v2\/product\/2075\/revisions"}],"predecessor-version":[{"id":4629,"href":"https:\/\/long-join.com\/pt\/wp-json\/wp\/v2\/product\/2075\/revisions\/4629"}],"wp:featuredmedia":[{"embeddable":true,"href":"https:\/\/long-join.com\/pt\/wp-json\/wp\/v2\/media\/4635"}],"wp:attachment":[{"href":"https:\/\/long-join.com\/pt\/wp-json\/wp\/v2\/media?parent=2075"}],"wp:term":[{"taxonomy":"product_brand","embeddable":true,"href":"https:\/\/long-join.com\/pt\/wp-json\/wp\/v2\/product_brand?post=2075"},{"taxonomy":"product_cat","embeddable":true,"href":"https:\/\/long-join.com\/pt\/wp-json\/wp\/v2\/product_cat?post=2075"},{"taxonomy":"product_tag","embeddable":true,"href":"https:\/\/long-join.com\/pt\/wp-json\/wp\/v2\/product_tag?post=2075"}],"curies":[{"name":"wp","href":"https:\/\/api.w.org\/{rel}","templated":true}]}}